{"id":67802,"date":"2021-08-29T19:50:04","date_gmt":"2021-08-29T19:50:04","guid":{"rendered":"https:\/\/dana.lu\/pl\/?page_id=67802"},"modified":"2021-08-31T19:54:11","modified_gmt":"2021-08-31T19:54:11","slug":"tv-series-sashaselements-fire","status":"publish","type":"page","link":"https:\/\/dana.lu\/pl\/en\/tv-series-sashaselements-fire\/","title":{"rendered":"Tv series: Sasha&#8217;s Elements &#8211; Fire"},"content":{"rendered":"<p>[et_pb_section fb_built=&#8221;1&#8243; fullwidth=&#8221;on&#8221; admin_label=&#8221;header&#8221; _builder_version=&#8221;4.5.4&#8243; custom_margin=&#8221;-5%||20px||false|false&#8221; custom_margin_tablet=&#8221;-4%||10px||false|false&#8221; custom_margin_phone=&#8221;-6%||0px||false|false&#8221; custom_margin_last_edited=&#8221;on|phone&#8221;][et_pb_fullwidth_header background_overlay_color=&#8221;rgba(61,61,61,0.3)&#8221; _builder_version=&#8221;4.5.4&#8243; title_font=&#8221;|600|||||||&#8221; title_text_align=&#8221;left&#8221; title_font_size=&#8221;50px&#8221; title_letter_spacing=&#8221;3px&#8221; title_line_height=&#8221;1.4em&#8221; subhead_font=&#8221;||||||||&#8221; subhead_letter_spacing=&#8221;1px&#8221; use_background_color_gradient=&#8221;on&#8221; background_color_gradient_start=&#8221;rgba(26,26,26,0)&#8221; background_color_gradient_end=&#8221;rgba(26,26,26,0.25)&#8221; background_color_gradient_overlays_image=&#8221;on&#8221; background_image=&#8221;https:\/\/dana.lu\/pl\/wp-content\/uploads\/2020\/11\/ZywiolySaszy_header_w2000_4Ps.jpg&#8221; height_tablet=&#8221;35vh&#8221; height_phone=&#8221;24vh&#8221; height_last_edited=&#8221;on|desktop&#8221; custom_margin=&#8221;||&#8221; custom_margin_tablet=&#8221;||&#8221; custom_margin_phone=&#8221;|||&#8221; custom_margin_last_edited=&#8221;on|phone&#8221; custom_padding=&#8221;34vh||&#8221; custom_padding_tablet=&#8221;17vh|||&#8221; custom_padding_phone=&#8221;7vh|||2px||&#8221; custom_padding_last_edited=&#8221;on|phone&#8221; title_font_size_tablet=&#8221;30px&#8221; title_font_size_phone=&#8221;22px&#8221; title_font_size_last_edited=&#8221;on|tablet&#8221; title_letter_spacing_tablet=&#8221;2px&#8221; title_letter_spacing_phone=&#8221;2px&#8221; title_letter_spacing_last_edited=&#8221;on|desktop&#8221; title_line_height_tablet=&#8221;1.3em&#8221; title_line_height_phone=&#8221;&#8221; title_line_height_last_edited=&#8221;on|desktop&#8221; subhead_font_size_tablet=&#8221;16px&#8221; subhead_font_size_phone=&#8221;14px&#8221; subhead_font_size_last_edited=&#8221;on|phone&#8221; custom_css_main_element=&#8221;height: 55vh;&#8221;][\/et_pb_fullwidth_header][\/et_pb_section][et_pb_section fb_built=&#8221;1&#8243; admin_label=&#8221;Body&#8221; _builder_version=&#8221;3.25.4&#8243; custom_margin=&#8221;||-45px&#8221; custom_margin_tablet=&#8221;||-40px&#8221; custom_margin_phone=&#8221;||-30px&#8221; custom_margin_last_edited=&#8221;on|desktop&#8221;][et_pb_row column_structure=&#8221;1_3,2_3&#8243; _builder_version=&#8221;3.25.4&#8243;][et_pb_column type=&#8221;1_3&#8243; _builder_version=&#8221;3.25.4&#8243;][et_pb_text admin_label=&#8221;title&#8221; module_id=&#8221;_sticky&#8221; _builder_version=&#8221;4.5.4&#8243; header_font=&#8221;||||||||&#8221; header_2_font=&#8221;|600|||||||&#8221; header_2_font_size=&#8221;60px&#8221; header_2_letter_spacing=&#8221;3px&#8221; header_2_line_height=&#8221;1.4em&#8221; custom_margin=&#8221;||||false|false&#8221; custom_margin_tablet=&#8221;-10%||||false|false&#8221; custom_margin_phone=&#8221;-90px||||false|false&#8221; custom_margin_last_edited=&#8221;on|phone&#8221; header_font_size_last_edited=&#8221;off|desktop&#8221; header_2_font_size_tablet=&#8221;50px&#8221; header_2_font_size_phone=&#8221;25px&#8221; header_2_font_size_last_edited=&#8221;on|desktop&#8221;]<\/p>\n<h2>Sasha&#8217;s Elements &#8211; Fire<\/h2>\n<p>[\/et_pb_text][et_pb_text _builder_version=&#8221;4.5.4&#8243; text_font=&#8221;|300|||||||&#8221; text_text_color=&#8221;#999999&#8243; text_font_size=&#8221;15px&#8221; text_line_height=&#8221;1.4em&#8221; background_color=&#8221;#ffffff&#8221; custom_margin=&#8221;-2vh||||false|false&#8221; custom_margin_tablet=&#8221;-2vh||||false|false&#8221; custom_margin_phone=&#8221;-2vh||||false|false&#8221; custom_margin_last_edited=&#8221;off|desktop&#8221; text_font_size_tablet=&#8221;14px&#8221; text_font_size_phone=&#8221;13px&#8221; text_font_size_last_edited=&#8221;on|phone&#8221; text_letter_spacing_last_edited=&#8221;off|phone&#8221; text_line_height_tablet=&#8221;1.3em&#8221; text_line_height_phone=&#8221;1.2em&#8221; text_line_height_last_edited=&#8221;on|phone&#8221;]scripwriters:: Dana \u0141ukasi\u0144ska i Micha\u0142 Wawrzecki<\/p>\n<p>script collaboration:<br \/>\nDaria Rogozi\u0144ska i\u00a0Dorota Chamczyk<\/p>\n<p>director: Kristoffer Rus<\/p>\n<p>operator: Karina Kleszczewska<\/p>\n<p>scenography: Aleksandra Kierzkowska<\/p>\n<p>costumes: Barbara \u0141agowska<\/p>\n<p>production manager: Jan Kaczmarski<\/p>\n<p>TVN producer: Dorota Chamczyk<\/p>\n<p>executive producer: Bongo Media company represented by Miko\u0142aja Wita and Dariusza Gocza\u0142a[\/et_pb_text][et_pb_text _builder_version=&#8221;4.5.4&#8243; text_font=&#8221;|300|||||||&#8221; text_text_color=&#8221;#999999&#8243; text_font_size=&#8221;15px&#8221; text_line_height=&#8221;1.4em&#8221; background_color=&#8221;#ffffff&#8221; custom_margin=&#8221;-2vh||||false|false&#8221; custom_margin_tablet=&#8221;-2vh||||false|false&#8221; custom_margin_phone=&#8221;-2vh||||false|false&#8221; custom_margin_last_edited=&#8221;off|desktop&#8221; text_font_size_tablet=&#8221;14px&#8221; text_font_size_phone=&#8221;13px&#8221; text_font_size_last_edited=&#8221;on|phone&#8221; text_letter_spacing_last_edited=&#8221;off|phone&#8221; text_line_height_tablet=&#8221;1.3em&#8221; text_line_height_phone=&#8221;1.2em&#8221; text_line_height_last_edited=&#8221;on|phone&#8221;]<\/p>\n<p>cast: Magdalena Boczarska, Miros\u0142aw Haniszewski, Marcin Czarnik, Piotr Cyrwus, Arkadiusz Jakubik, Andrzej Konopka, Jerzy Trela, Aleksandra Konieczna, Krzysztof Dracz, Piotr Srebrowski, Erika Karkuszewska, Miko\u0142aj Woubishet, J\u0119drzej Hycnar, Helena Englert, Sebastian Stankiewicz.<\/p>\n<p>The series was shot in \u0141od\u017a.<\/p>\n<p>[\/et_pb_text][\/et_pb_column][et_pb_column type=&#8221;2_3&#8243; _builder_version=&#8221;3.25.4&#8243;][et_pb_text _builder_version=&#8221;4.5.4&#8243; text_font=&#8221;||||||||&#8221; text_text_color=&#8221;#1a1a1a&#8221; text_letter_spacing=&#8221;1px&#8221; text_line_height=&#8221;2.2em&#8221; custom_margin=&#8221;||15px|||&#8221; text_font_size_tablet=&#8221;&#8221; text_font_size_phone=&#8221;&#8221; text_font_size_last_edited=&#8221;on|desktop&#8221; text_text_color__hover_enabled=&#8221;on&#8221;]<\/p>\n<h6><strong>The series &#8220;Sasha&#8217;s Elements &#8211; Fire&#8221; <br \/><\/strong><\/h6>\n<p>[\/et_pb_text][et_pb_text _builder_version=&#8221;4.5.4&#8243; text_font=&#8221;||||||||&#8221; text_text_color=&#8221;#1a1a1a&#8221; text_letter_spacing=&#8221;1px&#8221; text_line_height=&#8221;2.2em&#8221; text_font_size_tablet=&#8221;&#8221; text_font_size_phone=&#8221;&#8221; text_font_size_last_edited=&#8221;on|desktop&#8221; text_text_color__hover_enabled=&#8221;on&#8221;]The script of the series produced by <a href=\"https:\/\/www.googleadservices.com\/pagead\/aclk?sa=L&amp;ai=DChcSEwjonvOHp-bsAhWHlLIKHfp4Cs4YABAAGgJscg&amp;ohost=www.google.com&amp;cid=CAESQOD2X8-WpA3LVREgg8aAveY6tzVbTIQstViw9i5gF5u0jZT3ADj9__ObcPAkz8YBv2OP4I3POu_KyVvkcuj8KuM&amp;sig=AOD64_38Cx047ef875u_M320fmcOiryuMQ&amp;q&amp;adurl&amp;ved=2ahUKEwiQruqHp-bsAhWL-yoKHS8UAHgQ0Qx6BAgaEAE\" target=\"_blank\" rel=\"noopener noreferrer\">Player Original, &#8220;Sasha&#8217;s Elements&#8221;<\/a> is based on the bestselling novel &#8220;Lanterns&#8221; by <a href=\"http:\/\/katarzynabonda.pl\/\" target=\"_blank\" rel=\"noopener noreferrer\">Katarzyna Bonda<\/a>. The authors of the series adaptation are <a href=\"https:\/\/dana.lu\/pl\/o-mnie\/\" target=\"_blank\" rel=\"noopener noreferrer\">Dana \u0141ukasi\u0144ska<\/a> and\u00a0<a href=\"https:\/\/www.google.com\/url?sa=t&amp;rct=j&amp;q=&amp;esrc=s&amp;source=web&amp;cd=&amp;cad=rja&amp;uact=8&amp;ved=2ahUKEwjhjpu9rebsAhWDmIsKHTMjBs4QFjAAegQIAhAC&amp;url=https%3A%2F%2Ffilmpolski.pl%2Ffp%2Findex.php%2F11116636&amp;usg=AOvVaw1PMQql1zHICf2EdZJKgPtZ\" target=\"_blank\" rel=\"noopener noreferrer\">Micha\u0142 Wawrzecki.<\/a>[\/et_pb_text][et_pb_text _builder_version=&#8221;4.5.4&#8243; text_font=&#8221;||||||||&#8221; text_text_color=&#8221;#1a1a1a&#8221; text_letter_spacing=&#8221;1px&#8221; text_line_height=&#8221;2.2em&#8221; custom_margin=&#8221;||15px|||&#8221; text_font_size_tablet=&#8221;&#8221; text_font_size_phone=&#8221;&#8221; text_font_size_last_edited=&#8221;on|desktop&#8221; text_text_color__hover_enabled=&#8221;on&#8221;]<\/p>\n<h6><strong>What is the series about?<br \/><\/strong><\/h6>\n<p>[\/et_pb_text][et_pb_text _builder_version=&#8221;4.5.4&#8243; text_font=&#8221;||||||||&#8221; text_text_color=&#8221;#1a1a1a&#8221; text_letter_spacing=&#8221;1px&#8221; text_line_height=&#8221;2.2em&#8221; text_font_size_tablet=&#8221;&#8221; text_font_size_phone=&#8221;&#8221; text_font_size_last_edited=&#8221;on|desktop&#8221; text_text_color__hover_enabled=&#8221;on&#8221;]<\/p>\n<p>The main character of the series is a criminal profiler and policewoman &#8211; Sasha Za\u0142uska. She just returned to Poland with her daughter, and she&#8217;s sent right away to Lodz, where tries to track down the arsonist and deal with her own troubled past. The investigation will turn out to be extremely complicated. Not only will the lack of conclusive evidence and clues stand in the way of solving the case, but also the doubts of superiors and co-workers about the profiler&#8217;s skills.\u2028<\/p>\n<p>[\/et_pb_text][et_pb_gallery gallery_ids=&#8221;53227&#8243; fullwidth=&#8221;on&#8221; hover_icon=&#8221;%%0%%&#8221; disabled_on=&#8221;off|off|off&#8221; _builder_version=&#8221;4.5.4&#8243; pagination_font=&#8221;||||||||&#8221; max_width=&#8221;30%&#8221; max_width_tablet=&#8221;35%&#8221; max_width_phone=&#8221;40%&#8221; max_width_last_edited=&#8221;on|phone&#8221; module_alignment=&#8221;center&#8221; animation_style=&#8221;fade&#8221; animation_delay=&#8221;50ms&#8221;][\/et_pb_gallery][et_pb_text _builder_version=&#8221;4.5.4&#8243; text_font=&#8221;|300|||||||&#8221; text_text_color=&#8221;#1a1a1a&#8221; text_letter_spacing=&#8221;1px&#8221; text_line_height=&#8221;2.2em&#8221; custom_margin=&#8221;-15px||30px||false|false&#8221; custom_margin_last_edited=&#8221;off|phone&#8221; text_font_size_tablet=&#8221;14px&#8221; text_font_size_phone=&#8221;13px&#8221; text_font_size_last_edited=&#8221;on|phone&#8221; text_line_height_tablet=&#8221;2em&#8221; text_line_height_phone=&#8221;1.7em&#8221; text_line_height_last_edited=&#8221;on|phone&#8221; locked=&#8221;off&#8221; text_text_color__hover_enabled=&#8221;on&#8221;]<\/p>\n<p style=\"text-align: center;\"><em>The cover of the book <a href=\"http:\/\/katarzynabonda.pl\/ksiazki\/lampiony\/\" target=\"_blank\" rel=\"noopener noreferrer\">&#8220;Lanterns&#8221; <\/a> by Katarzyna Bonda<br \/> <\/em><\/p>\n<p>[\/et_pb_text][et_pb_text _builder_version=&#8221;4.5.4&#8243; header_font=&#8221;||||||||&#8221; header_6_font=&#8221;Ubuntu|||on|||||&#8221; header_6_text_color=&#8221;#999999&#8243; header_6_font_size=&#8221;15px&#8221; custom_margin=&#8221;50px||||false|false&#8221; custom_margin_tablet=&#8221;60px||||false|false&#8221; custom_margin_phone=&#8221;60px||-40px||false|false&#8221; custom_margin_last_edited=&#8221;on|phone&#8221; animation_style=&#8221;fade&#8221; animation_direction=&#8221;left&#8221; animation_duration=&#8221;700ms&#8221; link_option_url=&#8221;https:\/\/dana.lu\/pl\/en\/&#8221; header_6_text_color__hover_enabled=&#8221;on&#8221; header_6_text_color__hover=&#8221;#2ac8ed&#8221;]<\/p>\n<h6>\u2190 home<\/h6>\n<p>[\/et_pb_text][\/et_pb_column][\/et_pb_row][\/et_pb_section][et_pb_section fb_built=&#8221;1&#8243; admin_label=&#8221;wiecej projektow&#8221; _builder_version=&#8221;3.29.3&#8243;][et_pb_row module_id=&#8221;stop&#8221; _builder_version=&#8221;3.29.3&#8243; custom_margin=&#8221;||-30px||false|false&#8221; custom_margin_tablet=&#8221;||-70px||false|false&#8221; custom_margin_phone=&#8221;||-100px||false|false&#8221; custom_margin_last_edited=&#8221;on|desktop&#8221;][et_pb_column type=&#8221;4_4&#8243; _builder_version=&#8221;3.25.4&#8243;][et_pb_divider color=&#8221;#1fd7e0&#8243; divider_weight=&#8221;4px&#8221; _builder_version=&#8221;3.25.4&#8243; width=&#8221;100%&#8221; height=&#8221;30px&#8221; custom_margin=&#8221;-4%||15px||false|false&#8221; custom_margin_tablet=&#8221;-10%||||false|false&#8221; custom_margin_phone=&#8221;-35%||||false|false&#8221; custom_margin_last_edited=&#8221;on|phone&#8221;][\/et_pb_divider][et_pb_text _builder_version=&#8221;4.5.4&#8243; text_font=&#8221;|600||on|||||&#8221; text_text_color=&#8221;#1a1a1a&#8221; text_letter_spacing=&#8221;2px&#8221; custom_margin=&#8221;-10px||40px||false|false&#8221; custom_margin_phone=&#8221;-10px||40px||false|false&#8221; custom_margin_last_edited=&#8221;off|desktop&#8221; hover_enabled=&#8221;0&#8243;]<\/p>\n<p>More projects: tv series<\/p>\n<p>[\/et_pb_text][dica_divi_carousel show_items_desktop=&#8221;3&#8243; arrow_nav=&#8221;on&#8221; equal_height=&#8221;on&#8221; advanced_effect=&#8221;1&#8243; arrow_nav_color=&#8221;#1fd7e0&#8243; dots_color=&#8221;#c9c9c9&#8243; dots_active_color=&#8221;#1fd7e0&#8243; arrow_position=&#8221;on&#8221; arrow_font_size=&#8221;52px&#8221; innercontent_padding=&#8221;|0||0|false|false&#8221; arrow_font_size_last_edited=&#8221;off|desktop&#8221; admin_label=&#8221;Seriale karuzela ze heja&#8221; _builder_version=&#8221;4.5.4&#8243; title_font=&#8221;||||||||&#8221; custom_margin=&#8221;-2%||||false|false&#8221; custom_margin_tablet=&#8221;-3%||||false|false&#8221; custom_margin_phone=&#8221;-8%||||false|false&#8221; custom_margin_last_edited=&#8221;on|desktop&#8221; title_font_size_tablet=&#8221;18px&#8221; title_font_size_phone=&#8221;&#8221; title_font_size_last_edited=&#8221;on|desktop&#8221; locked=&#8221;off&#8221;][dica_divi_carouselitem title=&#8221;Absentees&#8221; url=&#8221;https:\/\/dana.lu\/pl\/tv-series-absentees\/&#8221; button_url_new_window=&#8221;1&#8243; image=&#8221;https:\/\/dana.lu\/pl\/wp-content\/uploads\/2021\/02\/Nieobecni_thumbnail_w500_74.jpg&#8221; image_alt=&#8221;Fragment of the poster for the series %22Absent%22 by Player Original, screenplay by Dana \u0141ukasi\u0144ska&#8221; image_padding=&#8221;0|0|28px|0&#8243; content_padding=&#8221;0|0||0&#8243; custom_margin=&#8221;0px||&#8221; custom_padding=&#8221;||20px&#8221; _builder_version=&#8221;4.5.4&#8243; link_option_url=&#8221;https:\/\/dana.lu\/pl\/tv-series-absentees\/&#8221; box_shadow_style=&#8221;preset3&#8243; box_shadow_vertical=&#8221;5px&#8221; box_shadow_blur=&#8221;25px&#8221; box_shadow_spread=&#8221;-32px&#8221; title_letter_spacing__hover=&#8221;2px&#8221; custom_margin__hover=&#8221;-6px||&#8221; custom_margin__hover_enabled=&#8221;on&#8221; box_shadow_vertical__hover=&#8221;3px&#8221; box_shadow_blur__hover=&#8221;30px&#8221; box_shadow_spread__hover=&#8221;-13px&#8221; box_shadow_spread__hover_enabled=&#8221;on&#8221; transform_styles__hover_enabled=&#8221;on&#8221; transform_scale__hover_enabled=&#8221;on&#8221; transform_translate__hover_enabled=&#8221;on&#8221; transform_rotate__hover_enabled=&#8221;on&#8221; transform_skew__hover_enabled=&#8221;on&#8221; transform_origin__hover_enabled=&#8221;on&#8221;][\/dica_divi_carouselitem][dica_divi_carouselitem title=&#8221;The King&#8221; url=&#8221;https:\/\/dana.lu\/pl\/en\/tv-series-the-king\/&#8221; button_url_new_window=&#8221;1&#8243; image=&#8221;https:\/\/dana.lu\/pl\/wp-content\/uploads\/2020\/11\/krol_thumbnail_w500_05_80A.jpg&#8221; image_alt=&#8221;A poster for the TV series %22Kr\u00f3l%22 broadcast by Canal +, in which the screenwriter was Dana \u0141ukasi\u0144ska. The poster shows a group of the main characters against the backdrop of the city at night&#8221; image_padding=&#8221;0|0|28px|0&#8243; content_padding=&#8221;0|0||0&#8243; custom_margin=&#8221;0px||&#8221; custom_padding=&#8221;||20px&#8221; _builder_version=&#8221;4.5.4&#8243; link_option_url=&#8221;https:\/\/dana.lu\/pl\/en\/tv-series-the-king\/&#8221; box_shadow_style=&#8221;preset3&#8243; box_shadow_vertical=&#8221;5px&#8221; box_shadow_blur=&#8221;25px&#8221; box_shadow_spread=&#8221;-32px&#8221; title_letter_spacing__hover=&#8221;2px&#8221; custom_margin__hover=&#8221;-6px||&#8221; custom_margin__hover_enabled=&#8221;on&#8221; box_shadow_vertical__hover=&#8221;3px&#8221; box_shadow_blur__hover=&#8221;30px&#8221; box_shadow_spread__hover=&#8221;-13px&#8221; box_shadow_spread__hover_enabled=&#8221;on&#8221; transform_styles__hover_enabled=&#8221;on&#8221; transform_scale__hover_enabled=&#8221;on&#8221; transform_translate__hover_enabled=&#8221;on&#8221; transform_rotate__hover_enabled=&#8221;on&#8221; transform_skew__hover_enabled=&#8221;on&#8221; transform_origin__hover_enabled=&#8221;on&#8221;][\/dica_divi_carouselitem][dica_divi_carouselitem title=&#8221;Viper&#8217;s den&#8221; url=&#8221;https:\/\/dana.lu\/pl\/en\/tv-series-vipers-den\/&#8221; button_url_new_window=&#8221;1&#8243; image=&#8221;https:\/\/dana.lu\/pl\/wp-content\/uploads\/2019\/09\/zmijowisko_thumbnail_w500-1.jpg&#8221; image_alt=&#8221;Plakat serialu %22\u017bmijowisko%22&#8243; image_padding=&#8221;0|0|28px|0&#8243; content_padding=&#8221;0|0||0&#8243; custom_margin=&#8221;0px||&#8221; custom_padding=&#8221;||20px&#8221; _builder_version=&#8221;3.29.3&#8243; link_option_url=&#8221;https:\/\/dana.lu\/pl\/en\/tv-series-vipers-den\/&#8221; box_shadow_style=&#8221;preset3&#8243; box_shadow_vertical=&#8221;5px&#8221; box_shadow_blur=&#8221;25px&#8221; box_shadow_spread=&#8221;-32px&#8221; title_letter_spacing__hover=&#8221;2px&#8221; custom_margin__hover=&#8221;-6px||&#8221; custom_margin__hover_enabled=&#8221;on&#8221; box_shadow_vertical__hover=&#8221;3px&#8221; box_shadow_blur__hover=&#8221;30px&#8221; box_shadow_spread__hover=&#8221;-13px&#8221; box_shadow_spread__hover_enabled=&#8221;on&#8221; transform_styles__hover_enabled=&#8221;on&#8221; transform_scale__hover_enabled=&#8221;on&#8221; transform_translate__hover_enabled=&#8221;on&#8221; transform_rotate__hover_enabled=&#8221;on&#8221; transform_skew__hover_enabled=&#8221;on&#8221; transform_origin__hover_enabled=&#8221;on&#8221;][\/dica_divi_carouselitem][dica_divi_carouselitem title=&#8221;Diagnosis&#8221; url=&#8221;https:\/\/dana.lu\/pl\/en\/tv-series-diagnosis\/&#8221; button_url_new_window=&#8221;1&#8243; image=&#8221;https:\/\/dana.lu\/pl\/wp-content\/uploads\/2019\/09\/diagnoza_thumbnail_w500.jpg&#8221; image_alt=&#8221;Plakat serialu %22Diagnoza%22&#8243; image_padding=&#8221;0|0|28px|0&#8243; content_padding=&#8221;0|0||0&#8243; custom_margin=&#8221;0px||&#8221; custom_padding=&#8221;||20px&#8221; _builder_version=&#8221;3.29.3&#8243; link_option_url=&#8221;https:\/\/dana.lu\/pl\/en\/tv-series-diagnosis\/&#8221; box_shadow_style=&#8221;preset3&#8243; box_shadow_vertical=&#8221;5px&#8221; box_shadow_blur=&#8221;25px&#8221; box_shadow_spread=&#8221;-32px&#8221; title_letter_spacing__hover=&#8221;2px&#8221; custom_margin__hover=&#8221;-6px||&#8221; custom_margin__hover_enabled=&#8221;on&#8221; box_shadow_vertical__hover=&#8221;3px&#8221; box_shadow_blur__hover=&#8221;30px&#8221; box_shadow_spread__hover=&#8221;-13px&#8221; box_shadow_spread__hover_enabled=&#8221;on&#8221; transform_styles__hover_enabled=&#8221;on&#8221; transform_scale__hover_enabled=&#8221;on&#8221; transform_translate__hover_enabled=&#8221;on&#8221; transform_rotate__hover_enabled=&#8221;on&#8221; transform_skew__hover_enabled=&#8221;on&#8221; transform_origin__hover_enabled=&#8221;on&#8221;][\/dica_divi_carouselitem][dica_divi_carouselitem title=&#8221;The lords of flies&#8221; url=&#8221;https:\/\/dana.lu\/pl\/en\/tv-series-the-lords-of-flies\/&#8221; button_url_new_window=&#8221;1&#8243; image=&#8221;https:\/\/dana.lu\/pl\/wp-content\/uploads\/2019\/09\/wladcy-moch_thumbnail_w500_02.jpg&#8221; image_alt=&#8221;Plakat serialu %22W\u0142atcy m\u00f3ch%22&#8243; image_padding=&#8221;0|0|28px|0&#8243; content_padding=&#8221;0|0||0&#8243; custom_margin=&#8221;0px||&#8221; custom_padding=&#8221;||20px&#8221; _builder_version=&#8221;3.29.3&#8243; link_option_url=&#8221;https:\/\/dana.lu\/pl\/en\/tv-series-the-lords-of-flies\/&#8221; box_shadow_style=&#8221;preset3&#8243; box_shadow_vertical=&#8221;5px&#8221; box_shadow_blur=&#8221;25px&#8221; box_shadow_spread=&#8221;-32px&#8221; title_letter_spacing__hover=&#8221;2px&#8221; custom_margin__hover=&#8221;-6px||&#8221; custom_margin__hover_enabled=&#8221;on&#8221; box_shadow_vertical__hover=&#8221;3px&#8221; box_shadow_blur__hover=&#8221;30px&#8221; box_shadow_spread__hover=&#8221;-13px&#8221; box_shadow_spread__hover_enabled=&#8221;on&#8221; transform_styles__hover_enabled=&#8221;on&#8221; transform_scale__hover_enabled=&#8221;on&#8221; transform_translate__hover_enabled=&#8221;on&#8221; transform_rotate__hover_enabled=&#8221;on&#8221; transform_skew__hover_enabled=&#8221;on&#8221; transform_origin__hover_enabled=&#8221;on&#8221;][\/dica_divi_carouselitem][dica_divi_carouselitem title=&#8221;For better or worse&#8221; url=&#8221;https:\/\/dana.lu\/pl\/en\/tv-series-for-better-or-worse\/&#8221; button_url_new_window=&#8221;1&#8243; image=&#8221;https:\/\/dana.lu\/pl\/wp-content\/uploads\/2019\/09\/na-dobre-i-na-zle_thumbnail_w500.jpg&#8221; image_alt=&#8221;Plakat serialu %22Na dobre i na z\u0142e%22&#8243; image_padding=&#8221;0|0|28px|0&#8243; content_padding=&#8221;0|0||0&#8243; custom_margin=&#8221;0px||&#8221; custom_padding=&#8221;||20px&#8221; _builder_version=&#8221;3.29.3&#8243; link_option_url=&#8221;https:\/\/dana.lu\/pl\/en\/tv-series-for-better-or-worse\/&#8221; box_shadow_style=&#8221;preset3&#8243; box_shadow_vertical=&#8221;5px&#8221; box_shadow_blur=&#8221;25px&#8221; box_shadow_spread=&#8221;-32px&#8221; title_letter_spacing__hover=&#8221;2px&#8221; custom_margin__hover=&#8221;-6px||&#8221; custom_margin__hover_enabled=&#8221;on&#8221; box_shadow_vertical__hover=&#8221;3px&#8221; box_shadow_blur__hover=&#8221;30px&#8221; box_shadow_spread__hover=&#8221;-13px&#8221; box_shadow_spread__hover_enabled=&#8221;on&#8221; transform_styles__hover_enabled=&#8221;on&#8221; transform_scale__hover_enabled=&#8221;on&#8221; transform_translate__hover_enabled=&#8221;on&#8221; transform_rotate__hover_enabled=&#8221;on&#8221; transform_skew__hover_enabled=&#8221;on&#8221; transform_origin__hover_enabled=&#8221;on&#8221;][\/dica_divi_carouselitem][dica_divi_carouselitem title=&#8221;It&#8217;s not the end of the world&#8221; url=&#8221;https:\/\/dana.lu\/pl\/en\/tv-series-its-not-the-end-of-the-world\/&#8221; button_url_new_window=&#8221;1&#8243; image=&#8221;https:\/\/dana.lu\/pl\/wp-content\/uploads\/2019\/09\/to-nie-koniec-swiata_thumbnail_w500.jpg&#8221; image_alt=&#8221;Plakat serialu %22To nie koniec \u015bwiata%22&#8243; image_padding=&#8221;0|0|28px|0&#8243; content_padding=&#8221;0|0||0&#8243; custom_margin=&#8221;0px||&#8221; custom_padding=&#8221;||20px&#8221; _builder_version=&#8221;3.29.3&#8243; link_option_url=&#8221;https:\/\/dana.lu\/pl\/en\/tv-series-its-not-the-end-of-the-world\/&#8221; box_shadow_style=&#8221;preset3&#8243; box_shadow_vertical=&#8221;5px&#8221; box_shadow_blur=&#8221;25px&#8221; box_shadow_spread=&#8221;-32px&#8221; title_letter_spacing__hover=&#8221;2px&#8221; custom_margin__hover=&#8221;-6px||&#8221; custom_margin__hover_enabled=&#8221;on&#8221; box_shadow_vertical__hover=&#8221;3px&#8221; box_shadow_blur__hover=&#8221;30px&#8221; box_shadow_spread__hover=&#8221;-13px&#8221; box_shadow_spread__hover_enabled=&#8221;on&#8221; transform_styles__hover_enabled=&#8221;on&#8221; transform_scale__hover_enabled=&#8221;on&#8221; transform_translate__hover_enabled=&#8221;on&#8221; transform_rotate__hover_enabled=&#8221;on&#8221; transform_skew__hover_enabled=&#8221;on&#8221; transform_origin__hover_enabled=&#8221;on&#8221;][\/dica_divi_carouselitem][dica_divi_carouselitem title=&#8221;Just life&#8221; url=&#8221;https:\/\/dana.lu\/pl\/en\/tv-series-just-life\/&#8221; button_url_new_window=&#8221;1&#8243; image=&#8221;https:\/\/dana.lu\/pl\/wp-content\/uploads\/2019\/09\/samo-zycie_thumbnail_w500.jpg&#8221; image_alt=&#8221;Plakat serialu %22Samo \u017cycie%22&#8243; image_padding=&#8221;0|0|28px|0&#8243; content_padding=&#8221;0|0||0&#8243; custom_margin=&#8221;0px||&#8221; custom_padding=&#8221;||20px&#8221; _builder_version=&#8221;3.29.3&#8243; link_option_url=&#8221;https:\/\/dana.lu\/pl\/en\/tv-series-just-life\/&#8221; box_shadow_style=&#8221;preset3&#8243; box_shadow_vertical=&#8221;5px&#8221; box_shadow_blur=&#8221;25px&#8221; box_shadow_spread=&#8221;-32px&#8221; title_letter_spacing__hover=&#8221;2px&#8221; custom_margin__hover=&#8221;-6px||&#8221; custom_margin__hover_enabled=&#8221;on&#8221; box_shadow_vertical__hover=&#8221;3px&#8221; box_shadow_blur__hover=&#8221;30px&#8221; box_shadow_spread__hover=&#8221;-13px&#8221; box_shadow_spread__hover_enabled=&#8221;on&#8221; transform_styles__hover_enabled=&#8221;on&#8221; transform_scale__hover_enabled=&#8221;on&#8221; transform_translate__hover_enabled=&#8221;on&#8221; transform_rotate__hover_enabled=&#8221;on&#8221; transform_skew__hover_enabled=&#8221;on&#8221; transform_origin__hover_enabled=&#8221;on&#8221;][\/dica_divi_carouselitem][\/dica_divi_carousel][\/et_pb_column][\/et_pb_row][\/et_pb_section]<\/p>\n","protected":false},"excerpt":{"rendered":"<p>Sasha&#8217;s Elements &#8211; Firescripwriters:: Dana \u0141ukasi\u0144ska i Micha\u0142 Wawrzecki script collaboration: Daria Rogozi\u0144ska i\u00a0Dorota Chamczyk director: Kristoffer Rus operator: Karina Kleszczewska scenography: Aleksandra Kierzkowska costumes: Barbara \u0141agowska production manager: Jan Kaczmarski TVN producer: Dorota Chamczyk executive producer: Bongo Media company represented by Miko\u0142aja Wita and Dariusza Gocza\u0142acast: Magdalena Boczarska, Miros\u0142aw Haniszewski, Marcin Czarnik, Piotr Cyrwus, [&hellip;]<\/p>\n","protected":false},"author":1,"featured_media":0,"parent":50244,"menu_order":0,"comment_status":"closed","ping_status":"closed","template":"","meta":{"_et_pb_use_builder":"on","_et_pb_old_content":"","_et_gb_content_width":""},"_links":{"self":[{"href":"https:\/\/dana.lu\/pl\/wp-json\/wp\/v2\/pages\/67802"}],"collection":[{"href":"https:\/\/dana.lu\/pl\/wp-json\/wp\/v2\/pages"}],"about":[{"href":"https:\/\/dana.lu\/pl\/wp-json\/wp\/v2\/types\/page"}],"author":[{"embeddable":true,"href":"https:\/\/dana.lu\/pl\/wp-json\/wp\/v2\/users\/1"}],"replies":[{"embeddable":true,"href":"https:\/\/dana.lu\/pl\/wp-json\/wp\/v2\/comments?post=67802"}],"version-history":[{"count":6,"href":"https:\/\/dana.lu\/pl\/wp-json\/wp\/v2\/pages\/67802\/revisions"}],"predecessor-version":[{"id":68002,"href":"https:\/\/dana.lu\/pl\/wp-json\/wp\/v2\/pages\/67802\/revisions\/68002"}],"up":[{"embeddable":true,"href":"https:\/\/dana.lu\/pl\/wp-json\/wp\/v2\/pages\/50244"}],"wp:attachment":[{"href":"https:\/\/dana.lu\/pl\/wp-json\/wp\/v2\/media?parent=67802"}],"curies":[{"name":"wp","href":"https:\/\/api.w.org\/{rel}","templated":true}]}}