{"id":50695,"date":"2020-01-10T18:40:28","date_gmt":"2020-01-10T18:40:28","guid":{"rendered":"https:\/\/dana.lu\/pl\/?page_id=50695"},"modified":"2020-01-21T19:59:22","modified_gmt":"2020-01-21T19:59:22","slug":"comic-wolffia","status":"publish","type":"page","link":"https:\/\/dana.lu\/pl\/en\/comic-wolffia\/","title":{"rendered":"Comic: WOLFFIA. A STORY OF A CERTAIN FREEDOM"},"content":{"rendered":"<p>[et_pb_section fb_built=&#8221;1&#8243; fullwidth=&#8221;on&#8221; admin_label=&#8221;header&#8221; _builder_version=&#8221;3.29.2&#8243; custom_margin=&#8221;-4%||20px||false|false&#8221; custom_margin_tablet=&#8221;-4%||10px||false|false&#8221; custom_margin_phone=&#8221;-6%||0px||false|false&#8221; custom_margin_last_edited=&#8221;on|desktop&#8221; fb_built=&#8221;1&#8243; _i=&#8221;0&#8243; _address=&#8221;0&#8243;][et_pb_fullwidth_header title=&#8221;How to distinguish thinking from knowledge?&#8221; background_overlay_color=&#8221;rgba(61,61,61,0.3)&#8221; _builder_version=&#8221;3.29.3&#8243; title_level=&#8221;h3&#8243; title_font=&#8221;|600|||||||&#8221; title_text_align=&#8221;left&#8221; title_font_size=&#8221;34px&#8221; title_letter_spacing=&#8221;3px&#8221; title_line_height=&#8221;1.4em&#8221; subhead_font=&#8221;||||||||&#8221; subhead_font_size=&#8221;23px&#8221; subhead_letter_spacing=&#8221;1px&#8221; use_background_color_gradient=&#8221;on&#8221; background_color_gradient_start=&#8221;rgba(26,26,26,0)&#8221; background_color_gradient_end=&#8221;rgba(26,26,26,0.25)&#8221; background_color_gradient_overlays_image=&#8221;on&#8221; background_image=&#8221;https:\/\/dana.lu\/pl\/wp-content\/uploads\/2019\/09\/wolfia_header_w2000.jpg&#8221; height_tablet=&#8221;35vh&#8221; height_phone=&#8221;26vh&#8221; height_last_edited=&#8221;on|phone&#8221; custom_margin=&#8221;||&#8221; custom_margin_tablet=&#8221;||&#8221; custom_margin_phone=&#8221;-8%||||false|false&#8221; custom_margin_last_edited=&#8221;on|phone&#8221; custom_padding=&#8221;38vh||||false|false&#8221; custom_padding_tablet=&#8221;24vh|||&#8221; custom_padding_phone=&#8221;8vh|||2px|false|false&#8221; custom_padding_last_edited=&#8221;on|desktop&#8221; title_font_size_tablet=&#8221;30px&#8221; title_font_size_phone=&#8221;14px&#8221; title_font_size_last_edited=&#8221;on|desktop&#8221; title_letter_spacing_tablet=&#8221;2px&#8221; title_letter_spacing_phone=&#8221;2px&#8221; title_letter_spacing_last_edited=&#8221;on|desktop&#8221; title_line_height_tablet=&#8221;1.3em&#8221; title_line_height_phone=&#8221;1.5em&#8221; title_line_height_last_edited=&#8221;on|desktop&#8221; subhead_font_size_tablet=&#8221;16px&#8221; subhead_font_size_phone=&#8221;14px&#8221; subhead_font_size_last_edited=&#8221;on|phone&#8221; custom_css_main_element=&#8221;height: 55vh;&#8221; _i=&#8221;0&#8243; _address=&#8221;0.0&#8243;][\/et_pb_fullwidth_header][et_pb_fullwidth_code _builder_version=&#8221;3.29.3&#8243; hover_enabled=&#8221;0&#8243;]<script><!-- [et_pb_line_break_holder] -->  jQuery(function($){<!-- [et_pb_line_break_holder] -->    $('.logo_container a').attr('href','https:\/\/dana.lu\/pl\/en\/');<!-- [et_pb_line_break_holder] -->});<!-- [et_pb_line_break_holder] --><\/script>[\/et_pb_fullwidth_code][\/et_pb_section][et_pb_section fb_built=&#8221;1&#8243; admin_label=&#8221;Body&#8221; _builder_version=&#8221;3.29.2&#8243; custom_margin=&#8221;||-45px||false|false&#8221; custom_margin_tablet=&#8221;||-40px||false|false&#8221; custom_margin_phone=&#8221;||-30px&#8221; custom_margin_last_edited=&#8221;on|desktop&#8221; fb_built=&#8221;1&#8243; _i=&#8221;1&#8243; _address=&#8221;1&#8243;][et_pb_row column_structure=&#8221;1_3,2_3&#8243; _builder_version=&#8221;3.29.2&#8243; custom_margin=&#8221;-3vh||||false|false&#8221; custom_margin_phone=&#8221;-2vh||||false|false&#8221; custom_margin_last_edited=&#8221;on|phone&#8221; _i=&#8221;0&#8243; _address=&#8221;1.0&#8243;][et_pb_column type=&#8221;1_3&#8243; _builder_version=&#8221;3.25.4&#8243; _i=&#8221;0&#8243; _address=&#8221;1.0.0&#8243;][et_pb_text admin_label=&#8221;title&#8221; module_id=&#8221;sticky&#8221; _builder_version=&#8221;3.29.3&#8243; header_font=&#8221;||||||||&#8221; header_2_font=&#8221;|600|||||||&#8221; header_2_font_size=&#8221;60px&#8221; header_2_letter_spacing=&#8221;3px&#8221; header_2_line_height=&#8221;1.4em&#8221; custom_margin=&#8221;||||false|false&#8221; custom_margin_tablet=&#8221;-6%||||false|false&#8221; custom_margin_phone=&#8221;-22%||||false|false&#8221; custom_margin_last_edited=&#8221;on|desktop&#8221; header_font_size_last_edited=&#8221;off|desktop&#8221; header_2_font_size_tablet=&#8221;50px&#8221; header_2_font_size_phone=&#8221;25px&#8221; header_2_font_size_last_edited=&#8221;on|desktop&#8221; _i=&#8221;0&#8243; _address=&#8221;1.0.0.0&#8243;]<\/p>\n<h2>Wolfia. A story of <br \/>a certain\u00a0 freedom<\/h2>\n<p>[\/et_pb_text][et_pb_text _builder_version=&#8221;3.29.3&#8243; text_font=&#8221;|300|||||||&#8221; text_text_color=&#8221;#999999&#8243; text_font_size=&#8221;15px&#8221; text_line_height=&#8221;1.4em&#8221; background_color=&#8221;#ffffff&#8221; custom_margin=&#8221;-2vh||||false|false&#8221; custom_margin_last_edited=&#8221;on|phone&#8221; _i=&#8221;1&#8243; _address=&#8221;1.0.0.1&#8243;]still waiting for financing and publishing <\/p>\n<p>Publisher: to be determined<\/p>\n<p>Illustrations: Krzysiek Ostrowski<\/p>\n<p>Script: Dana \u0141ukasi\u0144ska[\/et_pb_text][et_pb_text disabled_on=&#8221;on|off|off&#8221; _builder_version=&#8221;3.29.3&#8243; header_font=&#8221;||||||||&#8221; header_6_font=&#8221;Ubuntu|||on|||||&#8221; header_6_text_color=&#8221;#999999&#8243; animation_style=&#8221;fade&#8221; animation_direction=&#8221;left&#8221; animation_duration=&#8221;700ms&#8221; link_option_url=&#8221;https:\/\/dana.lu\/pl\/en\/&#8221; header_6_text_color__hover_enabled=&#8221;on&#8221; header_6_text_color__hover=&#8221;#2ac8ed&#8221; _i=&#8221;2&#8243; _address=&#8221;1.0.0.2&#8243;]<\/p>\n<h6>\u2190 home<\/h6>\n<p>[\/et_pb_text][\/et_pb_column][et_pb_column type=&#8221;2_3&#8243; _builder_version=&#8221;3.25.4&#8243; _i=&#8221;1&#8243; _address=&#8221;1.0.1&#8243;][et_pb_text _builder_version=&#8221;3.29.3&#8243; text_font=&#8221;||||||||&#8221; text_text_color=&#8221;#1a1a1a&#8221; text_letter_spacing=&#8221;1px&#8221; text_line_height=&#8221;2em&#8221; custom_margin=&#8221;0px||||false|false&#8221; custom_margin_phone=&#8221;-6vh||||false|false&#8221; custom_margin_last_edited=&#8221;on|desktop&#8221; text_font_size_phone=&#8221;15px&#8221; text_font_size_last_edited=&#8221;on|desktop&#8221; text_line_height_phone=&#8221;2.1em&#8221; text_line_height_last_edited=&#8221;on|phone&#8221; text_text_color__hover_enabled=&#8221;on&#8221; _i=&#8221;0&#8243; _address=&#8221;1.0.1.0&#8243;]<\/p>\n<p>\u201cWolffia. A Story of a Certain Freedom\u201d is a draft of a graphic novel about Hannah Arendt\u2019s life \u2013 it attempts to portray a life of an outstanding individual in times when the significance of historic events is mixed with their cruel influence on people\u2019s lives. It\u2019s an attempt to portray Hannah Arendt as a flesh and blood real person; it\u2019s a fascinating meeting with a woman who despite war, persecution and exile, lived with her head raised up high, finding the meaning of life in creative thinking.<\/p>\n<p>The graphic novel is structured as a record of thoughts, memories, and free associations, violating historical chronology; it\u2019s based on the authentic properties of human memory, which is random, incomplete, intertwined, and closely related to emotions or other stimuli, which activate it. Why \u201cWolffia\u201d? Wolffia is a type of rootless floating plant. And this is exactly how Hannah Arendt was \u2013 free, without roots anywhere.<\/p>\n<p>[\/et_pb_text][et_pb_text quote_border_color=&#8221;#1fd7e0&#8243; _builder_version=&#8221;3.29.3&#8243; text_font=&#8221;|600|||||||&#8221; text_text_color=&#8221;#1a1a1a&#8221; text_font_size=&#8221;40px&#8221; text_line_height=&#8221;1.5em&#8221; quote_font=&#8221;|300|on||||||&#8221; quote_text_align=&#8221;left&#8221; quote_text_color=&#8221;rgba(26,26,26,0.38)&#8221; quote_font_size=&#8221;20px&#8221; quote_letter_spacing=&#8221;1px&#8221; quote_line_height=&#8221;1.3em&#8221; custom_margin=&#8221;40px||50px||false|false&#8221; custom_margin_tablet=&#8221;35px||45px||false|false&#8221; custom_margin_phone=&#8221;30px||35px||false|false&#8221; custom_margin_last_edited=&#8221;on|phone&#8221; animation_style=&#8221;fade&#8221; animation_delay=&#8221;100ms&#8221; animation_speed_curve=&#8221;ease-in&#8221; text_font_size_tablet=&#8221;30px&#8221; text_font_size_phone=&#8221;20px&#8221; text_font_size_last_edited=&#8221;on|desktop&#8221; text_line_height_phone=&#8221;1.6em&#8221; text_line_height_last_edited=&#8221;on|phone&#8221; quote_font_size_tablet=&#8221;18px&#8221; quote_font_size_phone=&#8221;16px&#8221; quote_font_size_last_edited=&#8221;on|phone&#8221; _i=&#8221;1&#8243; _address=&#8221;1.0.1.1&#8243;]<\/p>\n<blockquote>\n<p>Your background is a trap.<\/p>\n<\/blockquote>\n<p>[\/et_pb_text][et_pb_gallery gallery_ids=&#8221;48582,48583,48584,48585&#8243; posts_number=&#8221;2&#8243; orientation=&#8221;portrait&#8221; show_title_and_caption=&#8221;off&#8221; _builder_version=&#8221;3.25.4&#8243; caption_font=&#8221;||||||||&#8221; pagination_font=&#8221;|300|||||||&#8221; pagination_text_align=&#8221;center&#8221; pagination_text_color=&#8221;rgba(153,153,153,0.77)&#8221; width=&#8221;100%&#8221; max_width=&#8221;100%&#8221; max_width_last_edited=&#8221;on|desktop&#8221; module_alignment=&#8221;center&#8221; custom_padding=&#8221;||&#8221; animation_style=&#8221;fade&#8221; animation_delay=&#8221;50ms&#8221; _i=&#8221;2&#8243; _address=&#8221;1.0.1.2&#8243;][\/et_pb_gallery][et_pb_text quote_border_color=&#8221;#1fd7e0&#8243; _builder_version=&#8221;3.29.3&#8243; text_font=&#8221;|600|||||||&#8221; text_text_color=&#8221;#1a1a1a&#8221; text_font_size=&#8221;40px&#8221; text_line_height=&#8221;1.5em&#8221; quote_font=&#8221;|300|on||||||&#8221; quote_text_align=&#8221;left&#8221; quote_text_color=&#8221;rgba(26,26,26,0.38)&#8221; quote_font_size=&#8221;20px&#8221; quote_letter_spacing=&#8221;1px&#8221; quote_line_height=&#8221;1.3em&#8221; custom_margin=&#8221;40px||50px||false|false&#8221; custom_margin_tablet=&#8221;35px||45px||false|false&#8221; custom_margin_phone=&#8221;30px||35px||false|false&#8221; custom_margin_last_edited=&#8221;on|phone&#8221; animation_style=&#8221;fade&#8221; animation_delay=&#8221;100ms&#8221; animation_speed_curve=&#8221;ease-in&#8221; text_font_size_tablet=&#8221;30px&#8221; text_font_size_phone=&#8221;20px&#8221; text_font_size_last_edited=&#8221;on|desktop&#8221; text_line_height_phone=&#8221;1.6em&#8221; text_line_height_last_edited=&#8221;on|phone&#8221; quote_font_size_tablet=&#8221;18px&#8221; quote_font_size_phone=&#8221;16px&#8221; quote_font_size_last_edited=&#8221;on|phone&#8221; _i=&#8221;3&#8243; _address=&#8221;1.0.1.3&#8243;]<\/p>\n<blockquote>\n<p>Angel, angel. He says he\u2019s an angel of history,<\/p>\n<p>but the scoundrel plays instead of looking after history!<\/p>\n<\/blockquote>\n<p>[\/et_pb_text][et_pb_text _builder_version=&#8221;3.29.3&#8243; header_font=&#8221;||||||||&#8221; header_6_font=&#8221;Ubuntu|||on|||||&#8221; header_6_text_color=&#8221;#999999&#8243; header_6_font_size=&#8221;15px&#8221; custom_margin=&#8221;2vh||||false|false&#8221; custom_margin_phone=&#8221;10vh||-15vh||false|false&#8221; custom_margin_last_edited=&#8221;on|phone&#8221; animation_style=&#8221;fade&#8221; animation_direction=&#8221;left&#8221; animation_duration=&#8221;700ms&#8221; link_option_url=&#8221;https:\/\/dana.lu\/pl\/en\/&#8221; header_6_text_color__hover_enabled=&#8221;on&#8221; header_6_text_color__hover=&#8221;#2ac8ed&#8221; _i=&#8221;4&#8243; _address=&#8221;1.0.1.4&#8243;]<\/p>\n<h6>\u2190 home<\/h6>\n<p>[\/et_pb_text][\/et_pb_column][\/et_pb_row][\/et_pb_section][et_pb_section fb_built=&#8221;1&#8243; admin_label=&#8221;wiecej projektow&#8221; module_id=&#8221;stop&#8221; _builder_version=&#8221;3.29.3&#8243; custom_margin=&#8221;-2vh||||false|false&#8221; custom_margin_phone=&#8221;-4vh||||false|false&#8221; custom_margin_last_edited=&#8221;on|phone&#8221; fb_built=&#8221;1&#8243; _i=&#8221;2&#8243; _address=&#8221;2&#8243;][et_pb_row _builder_version=&#8221;3.25.4&#8243; _i=&#8221;0&#8243; _address=&#8221;2.0&#8243;][et_pb_column type=&#8221;4_4&#8243; _builder_version=&#8221;3.25.4&#8243; _i=&#8221;0&#8243; _address=&#8221;2.0.0&#8243;][et_pb_divider color=&#8221;#1fd7e0&#8243; divider_weight=&#8221;4px&#8221; _builder_version=&#8221;3.25.4&#8243; width=&#8221;100%&#8221; height=&#8221;30px&#8221; custom_margin=&#8221;-30px||20px&#8221; custom_margin_tablet=&#8221;-35px|||&#8221; custom_margin_phone=&#8221;-40px||&#8221; custom_margin_last_edited=&#8221;on|tablet&#8221; _i=&#8221;0&#8243; _address=&#8221;2.0.0.0&#8243;][\/et_pb_divider][et_pb_text _builder_version=&#8221;3.29.3&#8243; text_font=&#8221;|600||on|||||&#8221; text_text_color=&#8221;#1a1a1a&#8221; text_letter_spacing=&#8221;2px&#8221; custom_margin=&#8221;-20px||5vh||false|false&#8221; custom_margin_phone=&#8221;-25px||||false|false&#8221; custom_margin_last_edited=&#8221;on|phone&#8221; _i=&#8221;1&#8243; _address=&#8221;2.0.0.1&#8243;]<\/p>\n<p>more projects: comic book<\/p>\n<p>[\/et_pb_text][dica_divi_carousel show_items_desktop=&#8221;1&#8243; show_items_tablet=&#8221;1&#8243; centermode=&#8221;on&#8221; arrow_nav=&#8221;on&#8221; arrow_position=&#8221;on&#8221; arrow_show_hover=&#8221;off&#8221; item_spacing=&#8221;100&#8243; item_spacing_last_edited=&#8221;on|desktop&#8221; equal_height=&#8221;on&#8221; advanced_effect=&#8221;1&#8243; align=&#8221;center&#8221; arrow_font_size=&#8221;52px&#8221; arrow_nav_color=&#8221;#1fd7e0&#8243; dots_color=&#8221;#c9c9c9&#8243; dots_active_color=&#8221;#1fd7e0&#8243; innercontent_padding=&#8221;|0||0|false|false&#8221; arrow_font_size_last_edited=&#8221;off|desktop&#8221; admin_label=&#8221;komiks &#8211; karuzela&#8221; _builder_version=&#8221;3.29.3&#8243; title_font=&#8221;||||||||&#8221; title_text_align=&#8221;center&#8221; transform_translate_linked__hover=&#8221;off&#8221; custom_margin=&#8221;-2%||||false|false&#8221; custom_margin_tablet=&#8221;-3%||||false|false&#8221; custom_margin_phone=&#8221;-8%||||false|false&#8221; custom_margin_last_edited=&#8221;on|desktop&#8221; title_font_size_tablet=&#8221;18px&#8221; title_font_size_last_edited=&#8221;on|desktop&#8221; _i=&#8221;2&#8243; _address=&#8221;2.0.0.2&#8243;][dica_divi_carouselitem title=&#8221;Narco&#8221; url=&#8221;https:\/\/dana.lu\/pl\/en\/comic-narco\/&#8221; admin_label=&#8221;Diagnoza&#8221; button_url_new_window=&#8221;1&#8243; image=&#8221;https:\/\/dana.lu\/pl\/wp-content\/uploads\/2019\/09\/narko_thumbnail_h300.jpg&#8221; image_alt=&#8221;ok\u0142adka ksi\u0105\u017cki %22Narko%22&#8243; image_lightbox=&#8221;off&#8221; image_padding=&#8221;0|0|28px|0&#8243; content_padding=&#8221;0|0||0&#8243; _builder_version=&#8221;3.29.3&#8243; title_font=&#8221;Ubuntu||||||||&#8221; title_text_color=&#8221;#6b6b6b&#8221; title_letter_spacing=&#8221;1px&#8221; title_line_height=&#8221;1.2em&#8221; body_font=&#8221;||||||||&#8221; custom_margin=&#8221;0px||&#8221; custom_padding=&#8221;||20px&#8221; link_option_url=&#8221;https:\/\/dana.lu\/pl\/en\/comic-narco\/&#8221; box_shadow_style=&#8221;preset3&#8243; box_shadow_vertical=&#8221;5px&#8221; box_shadow_blur=&#8221;25px&#8221; box_shadow_spread=&#8221;-32px&#8221; transform_styles__hover_enabled=&#8221;on&#8221; transform_scale__hover_enabled=&#8221;on&#8221; transform_translate__hover_enabled=&#8221;on&#8221; transform_rotate__hover_enabled=&#8221;on&#8221; transform_skew__hover_enabled=&#8221;on&#8221; transform_origin__hover_enabled=&#8221;on&#8221; title_letter_spacing__hover=&#8221;2px&#8221; box_shadow_spread__hover_enabled=&#8221;on&#8221; box_shadow_spread__hover=&#8221;-13px&#8221; box_shadow_blur__hover=&#8221;30px&#8221; box_shadow_vertical__hover=&#8221;3px&#8221; custom_margin__hover_enabled=&#8221;on&#8221; custom_margin__hover=&#8221;-6px||&#8221; _i=&#8221;0&#8243; _address=&#8221;2.0.0.2.0&#8243;][\/dica_divi_carouselitem][\/dica_divi_carousel][\/et_pb_column][\/et_pb_row][\/et_pb_section]<\/p>\n","protected":false},"excerpt":{"rendered":"<p>Wolfia. A story of a certain\u00a0 freedomstill waiting for financing and publishing Publisher: to be determined Illustrations: Krzysiek Ostrowski Script: Dana \u0141ukasi\u0144ska\u2190 home\u201cWolffia. A Story of a Certain Freedom\u201d is a draft of a graphic novel about Hannah Arendt\u2019s life \u2013 it attempts to portray a life of an outstanding individual in times when the [&hellip;]<\/p>\n","protected":false},"author":1,"featured_media":0,"parent":50244,"menu_order":0,"comment_status":"closed","ping_status":"closed","template":"","meta":{"_et_pb_use_builder":"on","_et_pb_old_content":"","_et_gb_content_width":""},"_links":{"self":[{"href":"https:\/\/dana.lu\/pl\/wp-json\/wp\/v2\/pages\/50695"}],"collection":[{"href":"https:\/\/dana.lu\/pl\/wp-json\/wp\/v2\/pages"}],"about":[{"href":"https:\/\/dana.lu\/pl\/wp-json\/wp\/v2\/types\/page"}],"author":[{"embeddable":true,"href":"https:\/\/dana.lu\/pl\/wp-json\/wp\/v2\/users\/1"}],"replies":[{"embeddable":true,"href":"https:\/\/dana.lu\/pl\/wp-json\/wp\/v2\/comments?post=50695"}],"version-history":[{"count":6,"href":"https:\/\/dana.lu\/pl\/wp-json\/wp\/v2\/pages\/50695\/revisions"}],"predecessor-version":[{"id":50846,"href":"https:\/\/dana.lu\/pl\/wp-json\/wp\/v2\/pages\/50695\/revisions\/50846"}],"up":[{"embeddable":true,"href":"https:\/\/dana.lu\/pl\/wp-json\/wp\/v2\/pages\/50244"}],"wp:attachment":[{"href":"https:\/\/dana.lu\/pl\/wp-json\/wp\/v2\/media?parent=50695"}],"curies":[{"name":"wp","href":"https:\/\/api.w.org\/{rel}","templated":true}]}}