{"id":50602,"date":"2020-01-07T19:54:06","date_gmt":"2020-01-07T19:54:06","guid":{"rendered":"https:\/\/dana.lu\/pl\/?page_id=50602"},"modified":"2020-01-21T19:53:49","modified_gmt":"2020-01-21T19:53:49","slug":"radio-homo-faber","status":"publish","type":"page","link":"https:\/\/dana.lu\/pl\/en\/radio-homo-faber\/","title":{"rendered":"Radio: HOMO FABER"},"content":{"rendered":"<p>[et_pb_section fb_built=&#8221;1&#8243; fullwidth=&#8221;on&#8221; admin_label=&#8221;header&#8221; _builder_version=&#8221;3.29.3&#8243; custom_margin=&#8221;-8vh||20px||false|false&#8221; custom_margin_tablet=&#8221;||10px&#8221; custom_margin_phone=&#8221;||0px|&#8221; custom_margin_last_edited=&#8221;on|desktop&#8221; fb_built=&#8221;1&#8243; _i=&#8221;0&#8243; _address=&#8221;0&#8243;][et_pb_fullwidth_header background_overlay_color=&#8221;rgba(61,61,61,0.3)&#8221; _builder_version=&#8221;3.29.3&#8243; title_level=&#8221;h3&#8243; title_font=&#8221;|600|||||||&#8221; title_text_align=&#8221;left&#8221; title_font_size=&#8221;40px&#8221; title_letter_spacing=&#8221;1px&#8221; title_line_height=&#8221;1.4em&#8221; subhead_font=&#8221;|600|||||||&#8221; subhead_font_size=&#8221;40px&#8221; subhead_letter_spacing=&#8221;1px&#8221; subhead_line_height=&#8221;1.4em&#8221; use_background_color_gradient=&#8221;on&#8221; background_color_gradient_start=&#8221;rgba(26,26,26,0)&#8221; background_color_gradient_end=&#8221;rgba(26,26,26,0.25)&#8221; background_color_gradient_overlays_image=&#8221;on&#8221; background_image=&#8221;https:\/\/dana.lu\/pl\/wp-content\/uploads\/2019\/09\/radio_header_w2000_06-1.jpg&#8221; height_tablet=&#8221;35vh&#8221; height_phone=&#8221;30vh&#8221; height_last_edited=&#8221;on|desktop&#8221; custom_margin=&#8221;-8%||||false|false&#8221; custom_margin_tablet=&#8221;||&#8221; custom_margin_phone=&#8221;|||&#8221; custom_margin_last_edited=&#8221;on|phone&#8221; custom_padding=&#8221;38vh||||false|false&#8221; custom_padding_tablet=&#8221;18vh||||false|false&#8221; custom_padding_phone=&#8221;9vh|||2px|false|false&#8221; custom_padding_last_edited=&#8221;on|phone&#8221; title_font_size_tablet=&#8221;30px&#8221; title_font_size_phone=&#8221;20px&#8221; title_font_size_last_edited=&#8221;on|tablet&#8221; title_letter_spacing_tablet=&#8221;2px&#8221; title_letter_spacing_phone=&#8221;1px&#8221; title_letter_spacing_last_edited=&#8221;on|desktop&#8221; title_line_height_tablet=&#8221;1.3em&#8221; title_line_height_phone=&#8221;1.4em&#8221; title_line_height_last_edited=&#8221;on|phone&#8221; subhead_font_size_tablet=&#8221;16px&#8221; subhead_font_size_phone=&#8221;14px&#8221; subhead_font_size_last_edited=&#8221;on|phone&#8221; custom_css_main_element=&#8221;height: 55vh;&#8221; _i=&#8221;0&#8243; _address=&#8221;0.0&#8243;][\/et_pb_fullwidth_header][et_pb_fullwidth_code _builder_version=&#8221;3.29.3&#8243; hover_enabled=&#8221;0&#8243;]<script><!-- [et_pb_line_break_holder] -->  jQuery(function($){<!-- [et_pb_line_break_holder] -->    $('.logo_container a').attr('href','https:\/\/dana.lu\/pl\/en\/');<!-- [et_pb_line_break_holder] -->});<!-- [et_pb_line_break_holder] --><\/script>[\/et_pb_fullwidth_code][\/et_pb_section][et_pb_section fb_built=&#8221;1&#8243; admin_label=&#8221;Body&#8221; _builder_version=&#8221;3.29.3&#8243; custom_margin=&#8221;||-45px&#8221; custom_margin_tablet=&#8221;||-40px&#8221; custom_margin_phone=&#8221;||-20vh||false|false&#8221; custom_margin_last_edited=&#8221;on|desktop&#8221; fb_built=&#8221;1&#8243; _i=&#8221;1&#8243; _address=&#8221;1&#8243;][et_pb_row column_structure=&#8221;1_3,2_3&#8243; _builder_version=&#8221;3.29.3&#8243; custom_margin=&#8221;-2%||||false|false&#8221; _i=&#8221;0&#8243; _address=&#8221;1.0&#8243;][et_pb_column type=&#8221;1_3&#8243; _builder_version=&#8221;3.25.4&#8243; _i=&#8221;0&#8243; _address=&#8221;1.0.0&#8243;][et_pb_text admin_label=&#8221;title&#8221; _builder_version=&#8221;3.29.3&#8243; header_font=&#8221;||||||||&#8221; header_2_font=&#8221;|600|||||||&#8221; header_2_font_size=&#8221;60px&#8221; header_2_letter_spacing=&#8221;3px&#8221; header_2_line_height=&#8221;1.4em&#8221; custom_margin=&#8221;-25px||&#8221; custom_margin_tablet=&#8221;-6%||||false|false&#8221; custom_margin_phone=&#8221;-26%||||false|false&#8221; custom_margin_last_edited=&#8221;on|phone&#8221; header_font_size_last_edited=&#8221;off|desktop&#8221; header_2_font_size_tablet=&#8221;50px&#8221; header_2_font_size_phone=&#8221;25px&#8221; header_2_font_size_last_edited=&#8221;on|desktop&#8221; _i=&#8221;0&#8243; _address=&#8221;1.0.0.0&#8243;]<\/p>\n<h2>Homo Faber<\/h2>\n<p>[\/et_pb_text][et_pb_text _builder_version=&#8221;3.29.3&#8243; text_font=&#8221;|300|||||||&#8221; text_text_color=&#8221;#999999&#8243; text_font_size=&#8221;15px&#8221; text_line_height=&#8221;1.4em&#8221; background_color=&#8221;#ffffff&#8221; custom_margin=&#8221;-2vh||||false|false&#8221; custom_margin_last_edited=&#8221;on|phone&#8221; _i=&#8221;1&#8243; _address=&#8221;1.0.0.1&#8243;]<\/p>\n<p><strong>Polish Radio Theatre, Program 1; year: 2013,<\/strong><\/p>\n<p>dramatization, based on Max Frisch&#8217;s \u201cHomo faber\u201d : Dana \u0141ukasi\u0144ska, Agnieszka Korytkowska-Mazur<\/p>\n<p>director: Agnieszka Korytkowska-Mazur<\/p>\n<p>cast: Andrzej Mastalerz, Beata Fudalej, Anna Smo\u0142owik, Adam Mazur, Katarzyna Herman<\/p>\n<p>[\/et_pb_text][et_pb_text disabled_on=&#8221;off|off|off&#8221; _builder_version=&#8221;3.29.3&#8243; header_font=&#8221;||||||||&#8221; header_6_font=&#8221;Ubuntu|||on|||||&#8221; header_6_text_color=&#8221;#999999&#8243; animation_style=&#8221;fade&#8221; animation_direction=&#8221;left&#8221; animation_duration=&#8221;700ms&#8221; link_option_url=&#8221;https:\/\/dana.lu\/pl\/en\/&#8221; header_6_text_color__hover_enabled=&#8221;on&#8221; header_6_text_color__hover=&#8221;#2ac8ed&#8221; _i=&#8221;2&#8243; _address=&#8221;1.0.0.2&#8243;]<\/p>\n<h6>\u2190 home<\/h6>\n<p>[\/et_pb_text][\/et_pb_column][et_pb_column type=&#8221;2_3&#8243; _builder_version=&#8221;3.25.4&#8243; _i=&#8221;1&#8243; _address=&#8221;1.0.1&#8243;][et_pb_text _builder_version=&#8221;3.29.3&#8243; text_font=&#8221;||||||||&#8221; text_text_color=&#8221;#1a1a1a&#8221; text_letter_spacing=&#8221;1px&#8221; text_line_height=&#8221;2em&#8221; custom_margin=&#8221;0px||||false|false&#8221; custom_margin_phone=&#8221;||||false|false&#8221; custom_margin_last_edited=&#8221;on|desktop&#8221; text_font_size_phone=&#8221;15px&#8221; text_font_size_last_edited=&#8221;on|desktop&#8221; text_line_height_phone=&#8221;2em&#8221; text_line_height_last_edited=&#8221;on|phone&#8221; text_text_color__hover_enabled=&#8221;on&#8221; _i=&#8221;0&#8243; _address=&#8221;1.0.1.0&#8243;]<\/p>\n<p>Radio adaptation of the novel \u201eHomo Faber\u201d by Max Frisch.<\/p>\n<p>The engineer Walter Faber sets out on a journey from the USA to France. On the cruise he meets a young woman named Elisabeth and starts flirting with her. The couple meets again in Paris, from where they go together to Italy, and then Greece. Near Corinth Elisabeth gets bitten by a snake. Walter takes her to a hospital in Athens where he meets Hanna \u2013 the mother of the girl, and his old-time friend. Elisabeth dies despite having received a serum injection. Hanna tells Walter that Elisabeth was his daughter.<\/p>\n<p>[\/et_pb_text][\/et_pb_column][\/et_pb_row][\/et_pb_section][et_pb_section fb_built=&#8221;1&#8243; admin_label=&#8221;wiecej projektow&#8221; _builder_version=&#8221;3.29.3&#8243; fb_built=&#8221;1&#8243; _i=&#8221;2&#8243; _address=&#8221;2&#8243;][et_pb_row _builder_version=&#8221;3.29.3&#8243; custom_margin_phone=&#8221;||-10vh||false|false&#8221; custom_margin_last_edited=&#8221;on|phone&#8221; locked=&#8221;off&#8221; _i=&#8221;0&#8243; _address=&#8221;2.0&#8243;][et_pb_column type=&#8221;4_4&#8243; _builder_version=&#8221;3.25.4&#8243; _i=&#8221;0&#8243; _address=&#8221;2.0.0&#8243;][et_pb_divider color=&#8221;#1fd7e0&#8243; divider_weight=&#8221;4px&#8221; _builder_version=&#8221;3.25.4&#8243; width=&#8221;100%&#8221; height=&#8221;30px&#8221; custom_margin=&#8221;-30px||20px&#8221; custom_margin_tablet=&#8221;-35px|||&#8221; custom_margin_phone=&#8221;-40px||&#8221; custom_margin_last_edited=&#8221;on|tablet&#8221; _i=&#8221;0&#8243; _address=&#8221;2.0.0.0&#8243;][\/et_pb_divider][et_pb_text _builder_version=&#8221;3.29.3&#8243; text_font=&#8221;|600||on|||||&#8221; text_text_color=&#8221;#1a1a1a&#8221; text_letter_spacing=&#8221;2px&#8221; custom_margin=&#8221;-15px||||false|false&#8221; custom_margin_phone=&#8221;-25px||||false|false&#8221; custom_margin_last_edited=&#8221;on|phone&#8221; _i=&#8221;1&#8243; _address=&#8221;2.0.0.1&#8243;]<\/p>\n<p>More projects: radio plays<\/p>\n<p>[\/et_pb_text][dica_divi_carousel show_items_desktop=&#8221;3&#8243; show_items_tablet=&#8221;2&#8243; arrow_nav=&#8221;on&#8221; arrow_position=&#8221;on&#8221; arrow_show_hover=&#8221;off&#8221; item_spacing=&#8221;20px&#8221; item_spacing_tablet=&#8221;12px&#8221; item_spacing_phone=&#8221;5px&#8221; item_spacing_last_edited=&#8221;on|phone&#8221; equal_height=&#8221;on&#8221; advanced_effect=&#8221;1&#8243; align=&#8221;center&#8221; arrow_font_size=&#8221;52px&#8221; arrow_nav_color=&#8221;#1fd7e0&#8243; dots_color=&#8221;#c9c9c9&#8243; dots_active_color=&#8221;#1fd7e0&#8243; innercontent_padding=&#8221;|0||0|false|false&#8221; arrow_font_size_last_edited=&#8221;off|desktop&#8221; disabled_on=&#8221;off|off|off&#8221; admin_label=&#8221;Teatr moje teksty &#8211; karuzela&#8221; _builder_version=&#8221;3.29.3&#8243; title_font=&#8221;||||||||&#8221; transform_translate_linked__hover=&#8221;off&#8221; custom_margin=&#8221;-1%||||false|false&#8221; custom_margin_tablet=&#8221;-3%||||false|false&#8221; custom_margin_phone=&#8221;-10%||||false|false&#8221; custom_margin_last_edited=&#8221;on|desktop&#8221; title_font_size_tablet=&#8221;18px&#8221; title_font_size_last_edited=&#8221;on|desktop&#8221; _i=&#8221;2&#8243; _address=&#8221;2.0.0.2&#8243;][dica_divi_carouselitem title=&#8221;Autopsy&#8221; url=&#8221;https:\/\/dana.lu\/pl\/en\/radio-autopsy\/&#8221; admin_label=&#8221;Diagnoza&#8221; button_url_new_window=&#8221;1&#8243; image_lightbox=&#8221;off&#8221; _builder_version=&#8221;3.29.3&#8243; title_font=&#8221;Ubuntu|500|||||||&#8221; title_text_align=&#8221;center&#8221; title_text_color=&#8221;#6b6b6b&#8221; title_font_size=&#8221;26px&#8221; title_letter_spacing=&#8221;1px&#8221; title_line_height=&#8221;1.2em&#8221; body_font=&#8221;||||||||&#8221; body_text_align=&#8221;center&#8221; body_text_color=&#8221;#999999&#8243; body_font_size=&#8221;16px&#8221; body_line_height=&#8221;1.6em&#8221; background_color=&#8221;#ffffff&#8221; background_enable_color=&#8221;on&#8221; custom_margin=&#8221;0px||&#8221; custom_padding=&#8221;40px||40px||false|false&#8221; custom_padding_tablet=&#8221;|||25px|false|false&#8221; custom_padding_phone=&#8221;|||10px|false|false&#8221; custom_padding_last_edited=&#8221;on|phone&#8221; link_option_url=&#8221;https:\/\/dana.lu\/pl\/en\/radio-autopsy\/&#8221; title_font_size_tablet=&#8221;22px&#8221; title_font_size_phone=&#8221;18px&#8221; title_font_size_last_edited=&#8221;on|desktop&#8221; body_font_last_edited=&#8221;off|phone&#8221; custom_css_main_element=&#8221;margin: auto;&#8221; box_shadow_style=&#8221;preset3&#8243; box_shadow_vertical=&#8221;5px&#8221; box_shadow_blur=&#8221;25px&#8221; box_shadow_spread=&#8221;-32px&#8221; transform_styles__hover_enabled=&#8221;on&#8221; transform_scale__hover_enabled=&#8221;on&#8221; transform_translate__hover_enabled=&#8221;on&#8221; transform_rotate__hover_enabled=&#8221;on&#8221; transform_skew__hover_enabled=&#8221;on&#8221; transform_origin__hover_enabled=&#8221;on&#8221; title_letter_spacing__hover=&#8221;2px&#8221; box_shadow_spread__hover_enabled=&#8221;on&#8221; box_shadow_spread__hover=&#8221;-13px&#8221; box_shadow_blur__hover=&#8221;30px&#8221; box_shadow_vertical__hover=&#8221;3px&#8221; custom_margin__hover_enabled=&#8221;on&#8221; custom_margin__hover=&#8221;-6px||&#8221; _i=&#8221;0&#8243; _address=&#8221;2.0.0.2.0&#8243;]<\/p>\n<p><span style=\"color: #1fd7e0;\" color=\"#1fd7e0\">______________________<\/span><\/p>\n<p>[\/dica_divi_carouselitem][dica_divi_carouselitem title=&#8221;Antihone&#8221; url=&#8221;https:\/\/dana.lu\/pl\/en\/radio-antihone\/&#8221; admin_label=&#8221;Diagnoza&#8221; button_url_new_window=&#8221;1&#8243; image_lightbox=&#8221;off&#8221; _builder_version=&#8221;3.29.3&#8243; title_font=&#8221;Ubuntu|500|||||||&#8221; title_text_align=&#8221;center&#8221; title_text_color=&#8221;#6b6b6b&#8221; title_font_size=&#8221;26px&#8221; title_letter_spacing=&#8221;1px&#8221; title_line_height=&#8221;1.2em&#8221; body_font=&#8221;||||||||&#8221; body_text_align=&#8221;center&#8221; body_text_color=&#8221;#999999&#8243; body_font_size=&#8221;16px&#8221; body_line_height=&#8221;1.6em&#8221; background_color=&#8221;#ffffff&#8221; background_enable_color=&#8221;on&#8221; custom_margin=&#8221;0px||&#8221; custom_padding=&#8221;40px||40px||false|false&#8221; custom_padding_tablet=&#8221;|||25px|false|false&#8221; custom_padding_phone=&#8221;|||10px|false|false&#8221; custom_padding_last_edited=&#8221;on|phone&#8221; link_option_url=&#8221;https:\/\/dana.lu\/pl\/en\/radio-antihone\/&#8221; title_font_size_tablet=&#8221;22px&#8221; title_font_size_phone=&#8221;18px&#8221; title_font_size_last_edited=&#8221;on|desktop&#8221; body_font_last_edited=&#8221;off|phone&#8221; custom_css_main_element=&#8221;margin: auto;&#8221; box_shadow_style=&#8221;preset3&#8243; box_shadow_vertical=&#8221;5px&#8221; box_shadow_blur=&#8221;25px&#8221; box_shadow_spread=&#8221;-32px&#8221; transform_styles__hover_enabled=&#8221;on&#8221; transform_scale__hover_enabled=&#8221;on&#8221; transform_translate__hover_enabled=&#8221;on&#8221; transform_rotate__hover_enabled=&#8221;on&#8221; transform_skew__hover_enabled=&#8221;on&#8221; transform_origin__hover_enabled=&#8221;on&#8221; title_letter_spacing__hover=&#8221;2px&#8221; box_shadow_spread__hover_enabled=&#8221;on&#8221; box_shadow_spread__hover=&#8221;-13px&#8221; box_shadow_blur__hover=&#8221;30px&#8221; box_shadow_vertical__hover=&#8221;3px&#8221; custom_margin__hover_enabled=&#8221;on&#8221; custom_margin__hover=&#8221;-6px||&#8221; _i=&#8221;1&#8243; _address=&#8221;2.0.0.2.1&#8243;]<\/p>\n<p><span style=\"color: #1fd7e0;\" color=\"#1fd7e0\">______________________<\/span><\/p>\n<p>[\/dica_divi_carouselitem][dica_divi_carouselitem title=&#8221;Olga. Eine Charmante Frau&#8221; url=&#8221;https:\/\/dana.lu\/pl\/en\/radio-olga-eine-charmante-frau\/&#8221; admin_label=&#8221;Diagnoza&#8221; button_url_new_window=&#8221;1&#8243; image_lightbox=&#8221;off&#8221; _builder_version=&#8221;3.29.3&#8243; title_font=&#8221;Ubuntu|500|||||||&#8221; title_text_align=&#8221;center&#8221; title_text_color=&#8221;#6b6b6b&#8221; title_font_size=&#8221;26px&#8221; title_letter_spacing=&#8221;1px&#8221; title_line_height=&#8221;1em&#8221; body_font=&#8221;||||||||&#8221; body_text_align=&#8221;center&#8221; body_text_color=&#8221;#999999&#8243; body_font_size=&#8221;16px&#8221; body_line_height=&#8221;1.6em&#8221; background_color=&#8221;#ffffff&#8221; background_enable_color=&#8221;on&#8221; custom_margin=&#8221;0px||&#8221; custom_padding=&#8221;40px||40px||false|false&#8221; custom_padding_tablet=&#8221;||||false|false&#8221; custom_padding_phone=&#8221;|||10px|false|false&#8221; custom_padding_last_edited=&#8221;on|desktop&#8221; link_option_url=&#8221;https:\/\/dana.lu\/pl\/en\/radio-olga-eine-charmante-frau\/&#8221; title_font_size_tablet=&#8221;22px&#8221; title_font_size_phone=&#8221;15px&#8221; title_font_size_last_edited=&#8221;on|phone&#8221; body_font_last_edited=&#8221;off|phone&#8221; custom_css_main_element=&#8221;margin: auto;&#8221; box_shadow_style=&#8221;preset3&#8243; box_shadow_vertical=&#8221;5px&#8221; box_shadow_blur=&#8221;25px&#8221; box_shadow_spread=&#8221;-32px&#8221; transform_styles__hover_enabled=&#8221;on&#8221; transform_scale__hover_enabled=&#8221;on&#8221; transform_translate__hover_enabled=&#8221;on&#8221; transform_rotate__hover_enabled=&#8221;on&#8221; transform_skew__hover_enabled=&#8221;on&#8221; transform_origin__hover_enabled=&#8221;on&#8221; title_letter_spacing__hover=&#8221;2px&#8221; box_shadow_spread__hover_enabled=&#8221;on&#8221; box_shadow_spread__hover=&#8221;-13px&#8221; box_shadow_blur__hover=&#8221;30px&#8221; box_shadow_vertical__hover=&#8221;3px&#8221; custom_margin__hover_enabled=&#8221;on&#8221; custom_margin__hover=&#8221;-6px||&#8221; _i=&#8221;2&#8243; _address=&#8221;2.0.0.2.2&#8243;]<\/p>\n<p><span style=\"color: #1fd7e0;\" color=\"#1fd7e0\">______________________<\/span><\/p>\n<p>[\/dica_divi_carouselitem][dica_divi_carouselitem title=&#8221;Hibakusha&#8221; url=&#8221;https:\/\/dana.lu\/pl\/en\/radio-hibakusha\/&#8221; admin_label=&#8221;Diagnoza&#8221; button_url_new_window=&#8221;1&#8243; image_lightbox=&#8221;off&#8221; _builder_version=&#8221;3.29.3&#8243; title_font=&#8221;Ubuntu|500|||||||&#8221; title_text_align=&#8221;center&#8221; title_text_color=&#8221;#6b6b6b&#8221; title_font_size=&#8221;26px&#8221; title_letter_spacing=&#8221;1px&#8221; title_line_height=&#8221;1.2em&#8221; body_font=&#8221;||||||||&#8221; body_text_align=&#8221;center&#8221; body_text_color=&#8221;#999999&#8243; body_font_size=&#8221;16px&#8221; body_line_height=&#8221;1.6em&#8221; background_color=&#8221;#ffffff&#8221; background_enable_color=&#8221;on&#8221; custom_margin=&#8221;0px||&#8221; custom_padding=&#8221;40px||40px||false|false&#8221; custom_padding_tablet=&#8221;||||false|false&#8221; custom_padding_phone=&#8221;|||10px|false|false&#8221; custom_padding_last_edited=&#8221;on|desktop&#8221; link_option_url=&#8221;https:\/\/dana.lu\/pl\/en\/radio-hibakusha\/&#8221; title_font_size_tablet=&#8221;22px&#8221; title_font_size_phone=&#8221;18px&#8221; title_font_size_last_edited=&#8221;on|desktop&#8221; body_font_last_edited=&#8221;off|phone&#8221; custom_css_main_element=&#8221;margin: auto;&#8221; box_shadow_style=&#8221;preset3&#8243; box_shadow_vertical=&#8221;5px&#8221; box_shadow_blur=&#8221;25px&#8221; box_shadow_spread=&#8221;-32px&#8221; transform_styles__hover_enabled=&#8221;on&#8221; transform_scale__hover_enabled=&#8221;on&#8221; transform_translate__hover_enabled=&#8221;on&#8221; transform_rotate__hover_enabled=&#8221;on&#8221; transform_skew__hover_enabled=&#8221;on&#8221; transform_origin__hover_enabled=&#8221;on&#8221; title_letter_spacing__hover=&#8221;2px&#8221; box_shadow_spread__hover_enabled=&#8221;on&#8221; box_shadow_spread__hover=&#8221;-13px&#8221; box_shadow_blur__hover=&#8221;30px&#8221; box_shadow_vertical__hover=&#8221;3px&#8221; custom_margin__hover_enabled=&#8221;on&#8221; custom_margin__hover=&#8221;-6px||&#8221; _i=&#8221;3&#8243; _address=&#8221;2.0.0.2.3&#8243;]<\/p>\n<p><span style=\"color: #1fd7e0;\" color=\"#1fd7e0\">______________________<\/span><\/p>\n<p>[\/dica_divi_carouselitem][dica_divi_carouselitem title=&#8221;Bazooka&#8221; url=&#8221;https:\/\/dana.lu\/pl\/en\/radio-bazooka\/&#8221; admin_label=&#8221;Diagnoza&#8221; button_url_new_window=&#8221;1&#8243; image_lightbox=&#8221;off&#8221; _builder_version=&#8221;3.29.3&#8243; title_font=&#8221;Ubuntu|500|||||||&#8221; title_text_align=&#8221;center&#8221; title_text_color=&#8221;#6b6b6b&#8221; title_font_size=&#8221;26px&#8221; title_letter_spacing=&#8221;1px&#8221; title_line_height=&#8221;1.2em&#8221; body_font=&#8221;||||||||&#8221; body_text_align=&#8221;center&#8221; body_text_color=&#8221;#999999&#8243; body_font_size=&#8221;16px&#8221; body_line_height=&#8221;1.6em&#8221; background_color=&#8221;#ffffff&#8221; background_enable_color=&#8221;on&#8221; custom_margin=&#8221;0px||&#8221; custom_padding=&#8221;40px||40px||false|false&#8221; custom_padding_tablet=&#8221;||||false|false&#8221; custom_padding_phone=&#8221;|||10px|false|false&#8221; custom_padding_last_edited=&#8221;on|desktop&#8221; link_option_url=&#8221;https:\/\/dana.lu\/pl\/en\/radio-bazooka\/&#8221; title_font_size_tablet=&#8221;22px&#8221; title_font_size_phone=&#8221;18px&#8221; title_font_size_last_edited=&#8221;on|desktop&#8221; body_font_last_edited=&#8221;off|phone&#8221; custom_css_main_element=&#8221;margin: auto;&#8221; box_shadow_style=&#8221;preset3&#8243; box_shadow_vertical=&#8221;5px&#8221; box_shadow_blur=&#8221;25px&#8221; box_shadow_spread=&#8221;-32px&#8221; transform_styles__hover_enabled=&#8221;on&#8221; transform_scale__hover_enabled=&#8221;on&#8221; transform_translate__hover_enabled=&#8221;on&#8221; transform_rotate__hover_enabled=&#8221;on&#8221; transform_skew__hover_enabled=&#8221;on&#8221; transform_origin__hover_enabled=&#8221;on&#8221; title_letter_spacing__hover=&#8221;2px&#8221; box_shadow_spread__hover_enabled=&#8221;on&#8221; box_shadow_spread__hover=&#8221;-13px&#8221; box_shadow_blur__hover=&#8221;30px&#8221; box_shadow_vertical__hover=&#8221;3px&#8221; custom_margin__hover_enabled=&#8221;on&#8221; custom_margin__hover=&#8221;-6px||&#8221; _i=&#8221;4&#8243; _address=&#8221;2.0.0.2.4&#8243;]<\/p>\n<p><span style=\"color: #1fd7e0;\" color=\"#1fd7e0\">______________________<\/span><\/p>\n<p>[\/dica_divi_carouselitem][dica_divi_carouselitem title=&#8221;Agata in search of a job&#8221; url=&#8221;https:\/\/dana.lu\/pl\/en\/radio-agata-in-search-of-a-job\/&#8221; admin_label=&#8221;Diagnoza&#8221; button_url_new_window=&#8221;1&#8243; image_lightbox=&#8221;off&#8221; _builder_version=&#8221;3.29.3&#8243; title_font=&#8221;Ubuntu|500|||||||&#8221; title_text_align=&#8221;center&#8221; title_text_color=&#8221;#6b6b6b&#8221; title_font_size=&#8221;26px&#8221; title_letter_spacing=&#8221;1px&#8221; title_line_height=&#8221;1.2em&#8221; body_font=&#8221;||||||||&#8221; body_text_align=&#8221;center&#8221; body_text_color=&#8221;#999999&#8243; body_font_size=&#8221;16px&#8221; body_line_height=&#8221;1.6em&#8221; background_color=&#8221;#ffffff&#8221; background_enable_color=&#8221;on&#8221; custom_margin=&#8221;0px||&#8221; custom_padding=&#8221;40px||40px||false|false&#8221; custom_padding_tablet=&#8221;||||false|false&#8221; custom_padding_phone=&#8221;|||10px|false|false&#8221; custom_padding_last_edited=&#8221;on|desktop&#8221; link_option_url=&#8221;https:\/\/dana.lu\/pl\/en\/radio-agata-in-search-of-a-job\/&#8221; title_font_size_tablet=&#8221;22px&#8221; title_font_size_phone=&#8221;18px&#8221; title_font_size_last_edited=&#8221;on|desktop&#8221; body_font_last_edited=&#8221;off|phone&#8221; custom_css_main_element=&#8221;margin: auto;&#8221; box_shadow_style=&#8221;preset3&#8243; box_shadow_vertical=&#8221;5px&#8221; box_shadow_blur=&#8221;25px&#8221; box_shadow_spread=&#8221;-32px&#8221; transform_styles__hover_enabled=&#8221;on&#8221; transform_scale__hover_enabled=&#8221;on&#8221; transform_translate__hover_enabled=&#8221;on&#8221; transform_rotate__hover_enabled=&#8221;on&#8221; transform_skew__hover_enabled=&#8221;on&#8221; transform_origin__hover_enabled=&#8221;on&#8221; title_letter_spacing__hover=&#8221;2px&#8221; box_shadow_spread__hover_enabled=&#8221;on&#8221; box_shadow_spread__hover=&#8221;-13px&#8221; box_shadow_blur__hover=&#8221;30px&#8221; box_shadow_vertical__hover=&#8221;3px&#8221; custom_margin__hover_enabled=&#8221;on&#8221; custom_margin__hover=&#8221;-6px||&#8221; _i=&#8221;5&#8243; _address=&#8221;2.0.0.2.5&#8243;]<\/p>\n<p><span style=\"color: #1fd7e0;\" color=\"#1fd7e0\">______________________<\/span><\/p>\n<p>[\/dica_divi_carouselitem][dica_divi_carouselitem title=&#8221;Str\u00f8kne Ann&#8221; url=&#8221;https:\/\/dana.lu\/pl\/en\/radio-strokne-ann\/&#8221; admin_label=&#8221;Diagnoza&#8221; button_url_new_window=&#8221;1&#8243; image_lightbox=&#8221;off&#8221; _builder_version=&#8221;3.29.3&#8243; title_font=&#8221;Ubuntu|500|||||||&#8221; title_text_align=&#8221;center&#8221; title_text_color=&#8221;#6b6b6b&#8221; title_font_size=&#8221;26px&#8221; title_letter_spacing=&#8221;1px&#8221; title_line_height=&#8221;1.2em&#8221; body_font=&#8221;||||||||&#8221; body_text_align=&#8221;center&#8221; body_text_color=&#8221;#999999&#8243; body_font_size=&#8221;16px&#8221; body_line_height=&#8221;1.6em&#8221; background_color=&#8221;#ffffff&#8221; background_enable_color=&#8221;on&#8221; custom_margin=&#8221;0px||&#8221; custom_padding=&#8221;40px||40px||false|false&#8221; custom_padding_tablet=&#8221;||||false|false&#8221; custom_padding_phone=&#8221;|||10px|false|false&#8221; custom_padding_last_edited=&#8221;on|desktop&#8221; link_option_url=&#8221;https:\/\/dana.lu\/pl\/en\/radio-strokne-ann\/&#8221; title_font_size_tablet=&#8221;22px&#8221; title_font_size_phone=&#8221;18px&#8221; title_font_size_last_edited=&#8221;on|desktop&#8221; body_font_last_edited=&#8221;off|phone&#8221; custom_css_main_element=&#8221;margin: auto;&#8221; box_shadow_style=&#8221;preset3&#8243; box_shadow_vertical=&#8221;5px&#8221; box_shadow_blur=&#8221;25px&#8221; box_shadow_spread=&#8221;-32px&#8221; transform_styles__hover_enabled=&#8221;on&#8221; transform_scale__hover_enabled=&#8221;on&#8221; transform_translate__hover_enabled=&#8221;on&#8221; transform_rotate__hover_enabled=&#8221;on&#8221; transform_skew__hover_enabled=&#8221;on&#8221; transform_origin__hover_enabled=&#8221;on&#8221; title_letter_spacing__hover=&#8221;2px&#8221; box_shadow_spread__hover_enabled=&#8221;on&#8221; box_shadow_spread__hover=&#8221;-13px&#8221; box_shadow_blur__hover=&#8221;30px&#8221; box_shadow_vertical__hover=&#8221;3px&#8221; custom_margin__hover_enabled=&#8221;on&#8221; custom_margin__hover=&#8221;-6px||&#8221; _i=&#8221;6&#8243; _address=&#8221;2.0.0.2.6&#8243;]<\/p>\n<p><span style=\"color: #1fd7e0;\" color=\"#1fd7e0\">______________________<\/span><\/p>\n<p>[\/dica_divi_carouselitem][\/dica_divi_carousel][\/et_pb_column][\/et_pb_row][\/et_pb_section]<\/p>\n","protected":false},"excerpt":{"rendered":"<p>Homo FaberPolish Radio Theatre, Program 1; year: 2013, dramatization, based on Max Frisch&#8217;s \u201cHomo faber\u201d : Dana \u0141ukasi\u0144ska, Agnieszka Korytkowska-Mazur director: Agnieszka Korytkowska-Mazur cast: Andrzej Mastalerz, Beata Fudalej, Anna Smo\u0142owik, Adam Mazur, Katarzyna Herman\u2190 homeRadio adaptation of the novel \u201eHomo Faber\u201d by Max Frisch. The engineer Walter Faber sets out on a journey from the [&hellip;]<\/p>\n","protected":false},"author":1,"featured_media":0,"parent":50244,"menu_order":0,"comment_status":"closed","ping_status":"closed","template":"","meta":{"_et_pb_use_builder":"on","_et_pb_old_content":"","_et_gb_content_width":""},"_links":{"self":[{"href":"https:\/\/dana.lu\/pl\/wp-json\/wp\/v2\/pages\/50602"}],"collection":[{"href":"https:\/\/dana.lu\/pl\/wp-json\/wp\/v2\/pages"}],"about":[{"href":"https:\/\/dana.lu\/pl\/wp-json\/wp\/v2\/types\/page"}],"author":[{"embeddable":true,"href":"https:\/\/dana.lu\/pl\/wp-json\/wp\/v2\/users\/1"}],"replies":[{"embeddable":true,"href":"https:\/\/dana.lu\/pl\/wp-json\/wp\/v2\/comments?post=50602"}],"version-history":[{"count":6,"href":"https:\/\/dana.lu\/pl\/wp-json\/wp\/v2\/pages\/50602\/revisions"}],"predecessor-version":[{"id":50841,"href":"https:\/\/dana.lu\/pl\/wp-json\/wp\/v2\/pages\/50602\/revisions\/50841"}],"up":[{"embeddable":true,"href":"https:\/\/dana.lu\/pl\/wp-json\/wp\/v2\/pages\/50244"}],"wp:attachment":[{"href":"https:\/\/dana.lu\/pl\/wp-json\/wp\/v2\/media?parent=50602"}],"curies":[{"name":"wp","href":"https:\/\/api.w.org\/{rel}","templated":true}]}}