{"id":49426,"date":"2019-09-23T19:59:18","date_gmt":"2019-09-23T19:59:18","guid":{"rendered":"https:\/\/dana.lu\/pl\/?page_id=49426"},"modified":"2019-10-31T14:46:49","modified_gmt":"2019-10-31T14:46:49","slug":"teatr-glany-na-glanc","status":"publish","type":"page","link":"https:\/\/dana.lu\/pl\/home\/teatr-glany-na-glanc\/","title":{"rendered":"Teatr: Glany na glanc"},"content":{"rendered":"<p>[et_pb_section fb_built=&#8221;1&#8243; fullwidth=&#8221;on&#8221; admin_label=&#8221;header&#8221; _builder_version=&#8221;3.29.3&#8243; custom_margin=&#8221;-8vh||20px||false|false&#8221; custom_margin_tablet=&#8221;||10px&#8221; custom_margin_phone=&#8221;||0px|&#8221; custom_margin_last_edited=&#8221;on|desktop&#8221; fb_built=&#8221;1&#8243; _i=&#8221;0&#8243; _address=&#8221;0&#8243;][et_pb_fullwidth_header title=&#8221;\u015amie\u0107, powiem ci, inny jest. &#8221; background_overlay_color=&#8221;rgba(61,61,61,0.3)&#8221; _builder_version=&#8221;3.29.3&#8243; title_level=&#8221;h3&#8243; title_font=&#8221;|600|||||||&#8221; title_text_align=&#8221;left&#8221; title_font_size=&#8221;38px&#8221; title_letter_spacing=&#8221;1px&#8221; title_line_height=&#8221;1.5em&#8221; subhead_font=&#8221;||||||||&#8221; subhead_letter_spacing=&#8221;1px&#8221; use_background_color_gradient=&#8221;on&#8221; background_color_gradient_start=&#8221;rgba(26,26,26,0)&#8221; background_color_gradient_end=&#8221;rgba(26,26,26,0.25)&#8221; background_color_gradient_overlays_image=&#8221;on&#8221; background_image=&#8221;https:\/\/dana.lu\/pl\/wp-content\/uploads\/2019\/09\/glany_header_w2000.jpg&#8221; height_tablet=&#8221;35vh&#8221; height_phone=&#8221;28vh&#8221; height_last_edited=&#8221;on|phone&#8221; custom_margin=&#8221;-8vh||||false|false&#8221; custom_margin_tablet=&#8221;-6vh||||false|false&#8221; custom_margin_phone=&#8221;-5vh||||false|false&#8221; custom_margin_last_edited=&#8221;on|phone&#8221; custom_padding=&#8221;37vh||||false|false&#8221; custom_padding_tablet=&#8221;16vh||||false|false&#8221; custom_padding_phone=&#8221;12vh|||2px|false|false&#8221; custom_padding_last_edited=&#8221;on|desktop&#8221; title_font_size_tablet=&#8221;30px&#8221; title_font_size_phone=&#8221;14px&#8221; title_font_size_last_edited=&#8221;on|desktop&#8221; title_letter_spacing_tablet=&#8221;2px&#8221; title_letter_spacing_phone=&#8221;1px&#8221; title_letter_spacing_last_edited=&#8221;on|desktop&#8221; title_line_height_tablet=&#8221;1.3em&#8221; title_line_height_phone=&#8221;1.4em&#8221; title_line_height_last_edited=&#8221;on|phone&#8221; subhead_font_size_tablet=&#8221;16px&#8221; subhead_font_size_phone=&#8221;14px&#8221; subhead_font_size_last_edited=&#8221;on|phone&#8221; custom_css_main_element=&#8221;height: 55vh;&#8221; _i=&#8221;0&#8243; _address=&#8221;0.0&#8243;][\/et_pb_fullwidth_header][\/et_pb_section][et_pb_section fb_built=&#8221;1&#8243; admin_label=&#8221;Body&#8221; _builder_version=&#8221;3.29.3&#8243; custom_margin=&#8221;||-45px&#8221; custom_margin_tablet=&#8221;||-40px&#8221; custom_margin_phone=&#8221;||-20vh||false|false&#8221; custom_margin_last_edited=&#8221;on|desktop&#8221; fb_built=&#8221;1&#8243; _i=&#8221;1&#8243; _address=&#8221;1&#8243;][et_pb_row column_structure=&#8221;1_3,2_3&#8243; _builder_version=&#8221;3.25.4&#8243; _i=&#8221;0&#8243; _address=&#8221;1.0&#8243;][et_pb_column type=&#8221;1_3&#8243; _builder_version=&#8221;3.25.4&#8243; _i=&#8221;0&#8243; _address=&#8221;1.0.0&#8243;][et_pb_text admin_label=&#8221;title&#8221; module_id=&#8221;sticky&#8221; _builder_version=&#8221;3.29.3&#8243; header_font=&#8221;||||||||&#8221; header_2_font=&#8221;|600|||||||&#8221; header_2_font_size=&#8221;60px&#8221; header_2_letter_spacing=&#8221;3px&#8221; header_2_line_height=&#8221;1.4em&#8221; custom_margin=&#8221;||||false|false&#8221; custom_margin_tablet=&#8221;-40px||||false|false&#8221; custom_margin_phone=&#8221;-70px||||false|false&#8221; custom_margin_last_edited=&#8221;on|phone&#8221; header_font_size_last_edited=&#8221;off|desktop&#8221; header_2_font_size_tablet=&#8221;50px&#8221; header_2_font_size_phone=&#8221;25px&#8221; header_2_font_size_last_edited=&#8221;on|desktop&#8221; _i=&#8221;0&#8243; _address=&#8221;1.0.0.0&#8243;]<\/p>\n<h2>Glany na glanc<\/h2>\n<p>[\/et_pb_text][et_pb_text _builder_version=&#8221;3.29.3&#8243; text_font=&#8221;|300|||||||&#8221; text_text_color=&#8221;#999999&#8243; text_font_size=&#8221;15px&#8221; text_line_height=&#8221;1.4em&#8221; background_color=&#8221;#ffffff&#8221; custom_margin=&#8221;-2vh||||false|false&#8221; custom_margin_last_edited=&#8221;on|phone&#8221; _i=&#8221;1&#8243; _address=&#8221;1.0.0.1&#8243;]<\/p>\n<p><strong>Teatr Dramatyczny w Bia\u0142ymstoku, 2013<\/strong><\/p>\n<p><span style=\"font-weight: 400;\">tekst oryginalny \u201cCherry Docs\u201d: David Gow<\/span><\/p>\n<p><span style=\"font-weight: 400;\">t\u0142umaczenie z angielskiego: Hanna Szczerkowska<\/span><\/p>\n<p><span style=\"font-weight: 400;\">dramaturgia: Dana \u0141ukasi\u0144ska<\/span><\/p>\n<p><span style=\"font-weight: 400;\">re\u017cyser: Krzysztof Rekowski<\/span><\/p>\n<p><span style=\"font-weight: 400;\">obsada: Piotr P\u00f3\u0142torak, Mateusz Witczuk<\/span><\/p>\n<p>[\/et_pb_text][et_pb_text disabled_on=&#8221;off|off|off&#8221; _builder_version=&#8221;3.27.4&#8243; header_font=&#8221;||||||||&#8221; header_6_font=&#8221;Ubuntu|||on|||||&#8221; header_6_text_color=&#8221;#999999&#8243; animation_style=&#8221;fade&#8221; animation_direction=&#8221;left&#8221; animation_duration=&#8221;700ms&#8221; link_option_url=&#8221;dana.lu\/pl\/&#8221; header_6_text_color__hover_enabled=&#8221;on&#8221; header_6_text_color__hover=&#8221;#2ac8ed&#8221; _i=&#8221;2&#8243; _address=&#8221;1.0.0.2&#8243;]<\/p>\n<h6>\u2190 home<\/h6>\n<p>[\/et_pb_text][\/et_pb_column][et_pb_column type=&#8221;2_3&#8243; _builder_version=&#8221;3.25.4&#8243; _i=&#8221;1&#8243; _address=&#8221;1.0.1&#8243;][et_pb_text _builder_version=&#8221;3.29.3&#8243; text_font=&#8221;||||||||&#8221; text_text_color=&#8221;#1a1a1a&#8221; text_letter_spacing=&#8221;1px&#8221; text_line_height=&#8221;2em&#8221; custom_margin=&#8221;0px||||false|false&#8221; custom_margin_phone=&#8221;||||false|false&#8221; custom_margin_last_edited=&#8221;on|desktop&#8221; text_font_size_phone=&#8221;15px&#8221; text_font_size_last_edited=&#8221;on|desktop&#8221; text_line_height_phone=&#8221;2em&#8221; text_line_height_last_edited=&#8221;on|phone&#8221; text_text_color__hover_enabled=&#8221;on&#8221; _i=&#8221;1&#8243; _address=&#8221;1.0.1.1&#8243;]<\/p>\n<div class=\"et_pb_module et_pb_text et_pb_text_2 et_pb_bg_layout_light  et_pb_text_align_left\">\n<div class=\"et_pb_text_inner\">\u201cGlany na glanc\u201d &#8211; to sztuka o spotkaniu dw\u00f3ch os\u00f3b, reprezentuj\u0105cych skrajnie r\u00f3\u017cne postawy &#8211; skinhead\u2019a, kt\u00f3ry zamordowa\u0142 Hindusa, z liberalnym \u017bydem, kt\u00f3ry ma by\u0107 jego adwokatem. Nic nie wskazuje, by jakakolwiek wsp\u00f3\u0142praca by\u0142a mo\u017cliwa. A jednak prawnik podejmuje mozoln\u0105 pr\u00f3b\u0119 dotarcia do mentalno\u015bci swego klienta.<b><br \/><\/b><\/div>\n<\/div>\n<p>[\/et_pb_text][et_pb_image src=&#8221;https:\/\/dana.lu\/pl\/wp-content\/uploads\/2019\/09\/Glany-na-Glanc_Fot-Bartek-Warzecha_01_w800.jpg&#8221; _builder_version=&#8221;3.29.3&#8243; _i=&#8221;0&#8243; _address=&#8221;1.0.1.0&#8243;][\/et_pb_image][et_pb_text quote_border_color=&#8221;#1fd7e0&#8243; _builder_version=&#8221;3.29.3&#8243; text_font=&#8221;|600|||||||&#8221; text_text_color=&#8221;#1a1a1a&#8221; text_font_size=&#8221;40px&#8221; text_line_height=&#8221;1.5em&#8221; quote_font=&#8221;|300|on||||||&#8221; quote_text_align=&#8221;left&#8221; quote_text_color=&#8221;rgba(26,26,26,0.38)&#8221; quote_font_size=&#8221;20px&#8221; quote_letter_spacing=&#8221;1px&#8221; quote_line_height=&#8221;1.3em&#8221; custom_margin=&#8221;40px||50px||false|false&#8221; custom_margin_tablet=&#8221;35px||45px||false|false&#8221; custom_margin_phone=&#8221;30px||40px||false|false&#8221; custom_margin_last_edited=&#8221;on|desktop&#8221; animation_style=&#8221;fade&#8221; animation_delay=&#8221;100ms&#8221; animation_speed_curve=&#8221;ease-in&#8221; text_font_size_tablet=&#8221;30px&#8221; text_font_size_phone=&#8221;20px&#8221; text_font_size_last_edited=&#8221;on|desktop&#8221; text_line_height_phone=&#8221;1.6em&#8221; text_line_height_last_edited=&#8221;on|phone&#8221; quote_font_size_tablet=&#8221;18px&#8221; quote_font_size_phone=&#8221;16px&#8221; quote_font_size_last_edited=&#8221;on|phone&#8221; _i=&#8221;2&#8243; _address=&#8221;1.0.1.2&#8243;]<\/p>\n<blockquote>\n<p>\u201ca ty<\/p>\n<p>kto ty jeste\u015b<\/p>\n<p>czarny bia\u0142y<\/p>\n<p>z jakim bogiem<\/p>\n<p>czyim<\/p>\n<p>wrogiem\u201d<\/p>\n<\/blockquote>\n<p>[\/et_pb_text][et_pb_video src=&#8221;https:\/\/www.youtube.com\/watch?v=PIiRbtVCecs&#8221; _builder_version=&#8221;3.29.3&#8243; _i=&#8221;4&#8243; _address=&#8221;1.0.1.4&#8243;][\/et_pb_video][et_pb_text _builder_version=&#8221;3.29.3&#8243; header_font=&#8221;||||||||&#8221; header_6_font=&#8221;Ubuntu|||on|||||&#8221; header_6_text_color=&#8221;#999999&#8243; header_6_font_size=&#8221;15px&#8221; custom_margin=&#8221;2vh||||false|false&#8221; custom_margin_phone=&#8221;||-3vh||false|false&#8221; custom_margin_last_edited=&#8221;on|phone&#8221; animation_style=&#8221;fade&#8221; animation_direction=&#8221;left&#8221; animation_duration=&#8221;700ms&#8221; link_option_url=&#8221;dana.lu\/pl\/&#8221; header_6_text_color__hover_enabled=&#8221;on&#8221; header_6_text_color__hover=&#8221;#2ac8ed&#8221; _i=&#8221;5&#8243; _address=&#8221;1.0.1.5&#8243;]<\/p>\n<h6>\u2190 home<\/h6>\n<p>[\/et_pb_text][\/et_pb_column][\/et_pb_row][\/et_pb_section][et_pb_section fb_built=&#8221;1&#8243; admin_label=&#8221;wiecej projektow&#8221; module_id=&#8221;stop&#8221; _builder_version=&#8221;3.29.3&#8243; hover_enabled=&#8221;0&#8243; fb_built=&#8221;1&#8243; _i=&#8221;2&#8243; _address=&#8221;2&#8243; locked=&#8221;off&#8221;][et_pb_row _builder_version=&#8221;3.29.3&#8243; hover_enabled=&#8221;0&#8243; _i=&#8221;0&#8243; _address=&#8221;2.0&#8243;][et_pb_column type=&#8221;4_4&#8243; _builder_version=&#8221;3.25.4&#8243; _i=&#8221;0&#8243; _address=&#8221;2.0.0&#8243;][et_pb_divider color=&#8221;#1fd7e0&#8243; divider_weight=&#8221;4px&#8221; _builder_version=&#8221;3.25.4&#8243; width=&#8221;100%&#8221; height=&#8221;30px&#8221; custom_margin=&#8221;-30px||20px&#8221; custom_margin_tablet=&#8221;-35px|||&#8221; custom_margin_phone=&#8221;-40px||&#8221; custom_margin_last_edited=&#8221;on|tablet&#8221; _i=&#8221;0&#8243; _address=&#8221;2.0.0.0&#8243;][\/et_pb_divider][et_pb_text _builder_version=&#8221;3.29.3&#8243; _i=&#8221;1&#8243; _address=&#8221;2.0.0.1&#8243; text_font=&#8221;|600||on|||||&#8221; text_text_color=&#8221;#1a1a1a&#8221; text_letter_spacing=&#8221;2px&#8221; custom_margin=&#8221;-20px||5vh||false|false&#8221; custom_margin_phone=&#8221;-25px||||false|false&#8221; custom_margin_last_edited=&#8221;on|phone&#8221;]<\/p>\n<p>Wi\u0119cej projekt\u00f3w: Teatr &#8211; moje teksty<\/p>\n<p>[\/et_pb_text][dica_divi_carousel show_items_desktop=&#8221;3&#8243; arrow_nav=&#8221;on&#8221; arrow_position=&#8221;on&#8221; arrow_show_hover=&#8221;off&#8221; item_spacing_last_edited=&#8221;off|desktop&#8221; equal_height=&#8221;on&#8221; advanced_effect=&#8221;1&#8243; arrow_font_size=&#8221;52px&#8221; arrow_nav_color=&#8221;#1fd7e0&#8243; dots_color=&#8221;#c9c9c9&#8243; dots_active_color=&#8221;#1fd7e0&#8243; innercontent_padding=&#8221;|0||0|false|false&#8221; arrow_font_size_last_edited=&#8221;off|desktop&#8221; admin_label=&#8221;Teatr moje teksty &#8211; karuzela&#8221; _builder_version=&#8221;3.29.3&#8243; title_font=&#8221;||||||||&#8221; custom_margin=&#8221;-2%||||false|false&#8221; custom_margin_tablet=&#8221;-3%||||false|false&#8221; custom_margin_phone=&#8221;-8%||||false|false&#8221; custom_margin_last_edited=&#8221;on|desktop&#8221; hover_enabled=&#8221;0&#8243; title_font_size_tablet=&#8221;18px&#8221; title_font_size_last_edited=&#8221;on|desktop&#8221; _i=&#8221;2&#8243; _address=&#8221;3.0.0.2&#8243; locked=&#8221;off&#8221;][dica_divi_carouselitem title=&#8221;Rewizor&#8221; url=&#8221;https:\/\/dana.lu\/pl\/home\/teatr-rewizor\/&#8221; admin_label=&#8221;Diagnoza&#8221; button_url_new_window=&#8221;1&#8243; image=&#8221;https:\/\/dana.lu\/pl\/wp-content\/uploads\/2019\/08\/teatr_rewizor_miniatura_w600.jpg&#8221; image_alt=&#8221;Scena ze spektaklu Rewizor&#8221; image_lightbox=&#8221;off&#8221; image_padding=&#8221;0|0|28px|0&#8243; content_padding=&#8221;0|0||0&#8243; _builder_version=&#8221;3.29.3&#8243; title_font=&#8221;Ubuntu||||||||&#8221; title_text_align=&#8221;center&#8221; title_text_color=&#8221;#6b6b6b&#8221; title_letter_spacing=&#8221;1px&#8221; title_line_height=&#8221;1.2em&#8221; body_font=&#8221;||||||||&#8221; custom_margin=&#8221;0px||&#8221; custom_padding=&#8221;||20px&#8221; link_option_url=&#8221;https:\/\/dana.lu\/pl\/home\/teatr-rewizor\/&#8221; hover_enabled=&#8221;0&#8243; box_shadow_style=&#8221;preset3&#8243; box_shadow_vertical=&#8221;5px&#8221; box_shadow_blur=&#8221;25px&#8221; box_shadow_spread=&#8221;-32px&#8221; transform_styles__hover_enabled=&#8221;on&#8221; transform_scale__hover_enabled=&#8221;on&#8221; transform_translate__hover_enabled=&#8221;on&#8221; transform_rotate__hover_enabled=&#8221;on&#8221; transform_skew__hover_enabled=&#8221;on&#8221; transform_origin__hover_enabled=&#8221;on&#8221; title_letter_spacing__hover=&#8221;2px&#8221; box_shadow_spread__hover_enabled=&#8221;on&#8221; box_shadow_spread__hover=&#8221;-13px&#8221; box_shadow_blur__hover=&#8221;30px&#8221; box_shadow_vertical__hover=&#8221;3px&#8221; custom_margin__hover_enabled=&#8221;on&#8221; custom_margin__hover=&#8221;-6px||&#8221; _i=&#8221;0&#8243; _address=&#8221;3.0.0.2.0&#8243;][\/dica_divi_carouselitem][dica_divi_carouselitem title=&#8221;Samob\u00f3jca?&#8221; url=&#8221;https:\/\/dana.lu\/pl\/home\/teatr-samobojca\/&#8221; admin_label=&#8221;Diagnoza&#8221; button_url_new_window=&#8221;1&#8243; image=&#8221;https:\/\/dana.lu\/pl\/wp-content\/uploads\/2019\/08\/jeleniagora.naszemiasto.pl_02_miniatura_w600.jpg&#8221; image_alt=&#8221;Scena ze spektaklu %22Samob\u00f3jca%22&#8243; image_lightbox=&#8221;off&#8221; image_padding=&#8221;0|0|28px|0&#8243; content_padding=&#8221;0|0||0&#8243; _builder_version=&#8221;3.29.3&#8243; title_font=&#8221;Ubuntu||||||||&#8221; title_text_align=&#8221;center&#8221; title_text_color=&#8221;#6b6b6b&#8221; title_letter_spacing=&#8221;1px&#8221; title_line_height=&#8221;1.2em&#8221; body_font=&#8221;||||||||&#8221; custom_margin=&#8221;0px||&#8221; custom_padding=&#8221;||20px&#8221; link_option_url=&#8221;https:\/\/dana.lu\/pl\/home\/teatr-samobojca\/&#8221; hover_enabled=&#8221;0&#8243; box_shadow_style=&#8221;preset3&#8243; box_shadow_vertical=&#8221;5px&#8221; box_shadow_blur=&#8221;25px&#8221; box_shadow_spread=&#8221;-32px&#8221; transform_styles__hover_enabled=&#8221;on&#8221; transform_scale__hover_enabled=&#8221;on&#8221; transform_translate__hover_enabled=&#8221;on&#8221; transform_rotate__hover_enabled=&#8221;on&#8221; transform_skew__hover_enabled=&#8221;on&#8221; transform_origin__hover_enabled=&#8221;on&#8221; title_letter_spacing__hover=&#8221;2px&#8221; box_shadow_spread__hover_enabled=&#8221;on&#8221; box_shadow_spread__hover=&#8221;-13px&#8221; box_shadow_blur__hover=&#8221;30px&#8221; box_shadow_vertical__hover=&#8221;3px&#8221; custom_margin__hover_enabled=&#8221;on&#8221; custom_margin__hover=&#8221;-6px||&#8221; _i=&#8221;1&#8243; _address=&#8221;3.0.0.2.1&#8243;][\/dica_divi_carouselitem][dica_divi_carouselitem title=&#8221;Spragniony. Bohater popkultury&#8221; url=&#8221;https:\/\/dana.lu\/pl\/home\/teatr-spragniony\/&#8221; admin_label=&#8221;Diagnoza&#8221; button_url_new_window=&#8221;1&#8243; image=&#8221;https:\/\/dana.lu\/pl\/wp-content\/uploads\/2019\/09\/spragniony__miniatura_w500.jpg&#8221; image_alt=&#8221;Scena ze spektaklu %22Spragniony. Bohater popkultury%22&#8243; image_lightbox=&#8221;off&#8221; image_padding=&#8221;0|0|28px|0&#8243; content_padding=&#8221;0|0||0&#8243; _builder_version=&#8221;3.29.3&#8243; title_font=&#8221;Ubuntu||||||||&#8221; title_text_align=&#8221;center&#8221; title_text_color=&#8221;#6b6b6b&#8221; title_letter_spacing=&#8221;1px&#8221; title_line_height=&#8221;1.2em&#8221; body_font=&#8221;||||||||&#8221; custom_margin=&#8221;0px||&#8221; custom_padding=&#8221;||20px&#8221; link_option_url=&#8221;https:\/\/dana.lu\/pl\/home\/teatr-spragniony\/&#8221; hover_enabled=&#8221;0&#8243; box_shadow_style=&#8221;preset3&#8243; box_shadow_vertical=&#8221;5px&#8221; box_shadow_blur=&#8221;25px&#8221; box_shadow_spread=&#8221;-32px&#8221; transform_styles__hover_enabled=&#8221;on&#8221; transform_scale__hover_enabled=&#8221;on&#8221; transform_translate__hover_enabled=&#8221;on&#8221; transform_rotate__hover_enabled=&#8221;on&#8221; transform_skew__hover_enabled=&#8221;on&#8221; transform_origin__hover_enabled=&#8221;on&#8221; title_letter_spacing__hover=&#8221;2px&#8221; box_shadow_spread__hover_enabled=&#8221;on&#8221; box_shadow_spread__hover=&#8221;-13px&#8221; box_shadow_blur__hover=&#8221;30px&#8221; box_shadow_vertical__hover=&#8221;3px&#8221; custom_margin__hover_enabled=&#8221;on&#8221; custom_margin__hover=&#8221;-6px||&#8221; _i=&#8221;3&#8243; _address=&#8221;3.0.0.2.3&#8243;][\/dica_divi_carouselitem][dica_divi_carouselitem title=&#8221;Czarnobyl. Last minute&#8221; url=&#8221;https:\/\/dana.lu\/pl\/home\/teatr-czarnobyl-last-minute\/&#8221; admin_label=&#8221;Diagnoza&#8221; button_url_new_window=&#8221;1&#8243; image=&#8221;https:\/\/dana.lu\/pl\/wp-content\/uploads\/2019\/09\/czarnobyl__miniatura_w500.jpg.jpg&#8221; image_alt=&#8221;Scena ze spektaklu %22Czarnobyl. Last minute%22&#8243; image_lightbox=&#8221;off&#8221; image_padding=&#8221;0|0|28px|0&#8243; content_padding=&#8221;0|0||0&#8243; _builder_version=&#8221;3.29.3&#8243; title_font=&#8221;Ubuntu||||||||&#8221; title_text_align=&#8221;center&#8221; title_text_color=&#8221;#6b6b6b&#8221; title_letter_spacing=&#8221;1px&#8221; title_line_height=&#8221;1.2em&#8221; body_font=&#8221;||||||||&#8221; custom_margin=&#8221;0px||&#8221; custom_padding=&#8221;||20px&#8221; link_option_url=&#8221;https:\/\/dana.lu\/pl\/home\/teatr-czarnobyl-last-minute\/&#8221; hover_enabled=&#8221;0&#8243; box_shadow_style=&#8221;preset3&#8243; box_shadow_vertical=&#8221;5px&#8221; box_shadow_blur=&#8221;25px&#8221; box_shadow_spread=&#8221;-32px&#8221; transform_styles__hover_enabled=&#8221;on&#8221; transform_scale__hover_enabled=&#8221;on&#8221; transform_translate__hover_enabled=&#8221;on&#8221; transform_rotate__hover_enabled=&#8221;on&#8221; transform_skew__hover_enabled=&#8221;on&#8221; transform_origin__hover_enabled=&#8221;on&#8221; title_letter_spacing__hover=&#8221;2px&#8221; box_shadow_spread__hover_enabled=&#8221;on&#8221; box_shadow_spread__hover=&#8221;-13px&#8221; box_shadow_blur__hover=&#8221;30px&#8221; box_shadow_vertical__hover=&#8221;3px&#8221; custom_margin__hover_enabled=&#8221;on&#8221; custom_margin__hover=&#8221;-6px||&#8221; _i=&#8221;4&#8243; _address=&#8221;3.0.0.2.4&#8243;][\/dica_divi_carouselitem][dica_divi_carouselitem title=&#8221;P\u0142atonow&#8221; url=&#8221;https:\/\/dana.lu\/pl\/home\/teatr-platonow\/&#8221; admin_label=&#8221;Diagnoza&#8221; button_url_new_window=&#8221;1&#8243; image=&#8221;https:\/\/dana.lu\/pl\/wp-content\/uploads\/2019\/09\/platonow_miniatura_w500.jpg.jpg&#8221; image_alt=&#8221;Scena ze spektaklu %22P\u0142atonow%22&#8243; image_lightbox=&#8221;off&#8221; image_padding=&#8221;0|0|28px|0&#8243; content_padding=&#8221;0|0||0&#8243; _builder_version=&#8221;3.29.3&#8243; title_font=&#8221;Ubuntu||||||||&#8221; title_text_align=&#8221;center&#8221; title_text_color=&#8221;#6b6b6b&#8221; title_letter_spacing=&#8221;1px&#8221; title_line_height=&#8221;1.2em&#8221; body_font=&#8221;||||||||&#8221; custom_margin=&#8221;0px||&#8221; custom_padding=&#8221;||20px&#8221; link_option_url=&#8221;https:\/\/dana.lu\/pl\/home\/teatr-platonow\/&#8221; hover_enabled=&#8221;0&#8243; box_shadow_style=&#8221;preset3&#8243; box_shadow_vertical=&#8221;5px&#8221; box_shadow_blur=&#8221;25px&#8221; box_shadow_spread=&#8221;-32px&#8221; transform_styles__hover_enabled=&#8221;on&#8221; transform_scale__hover_enabled=&#8221;on&#8221; transform_translate__hover_enabled=&#8221;on&#8221; transform_rotate__hover_enabled=&#8221;on&#8221; transform_skew__hover_enabled=&#8221;on&#8221; transform_origin__hover_enabled=&#8221;on&#8221; title_letter_spacing__hover=&#8221;2px&#8221; box_shadow_spread__hover_enabled=&#8221;on&#8221; box_shadow_spread__hover=&#8221;-13px&#8221; box_shadow_blur__hover=&#8221;30px&#8221; box_shadow_vertical__hover=&#8221;3px&#8221; custom_margin__hover_enabled=&#8221;on&#8221; custom_margin__hover=&#8221;-6px||&#8221; _i=&#8221;5&#8243; _address=&#8221;3.0.0.2.5&#8243;][\/dica_divi_carouselitem][dica_divi_carouselitem title=&#8221;Ich czworo. Obyczaje dzikich&#8221; url=&#8221;https:\/\/dana.lu\/pl\/home\/teatr-ich-czworo-obyczaje-dzikich\/&#8221; admin_label=&#8221;Diagnoza&#8221; button_url_new_window=&#8221;1&#8243; image=&#8221;https:\/\/dana.lu\/pl\/wp-content\/uploads\/2019\/09\/Teatr-Polski-Poznan-Ich-czworo_http-kulturabezbarier.org-spektaklemmd221544671.html_miniaturka_w500.jpg&#8221; image_alt=&#8221;Scena ze spektaklu %22Ich czworo. Obyczaje dzikich%22&#8243; image_lightbox=&#8221;off&#8221; image_padding=&#8221;0|0|28px|0&#8243; content_padding=&#8221;0|0||0&#8243; _builder_version=&#8221;3.29.3&#8243; title_font=&#8221;Ubuntu||||||||&#8221; title_text_align=&#8221;center&#8221; title_text_color=&#8221;#6b6b6b&#8221; title_letter_spacing=&#8221;1px&#8221; title_line_height=&#8221;1.2em&#8221; body_font=&#8221;||||||||&#8221; custom_margin=&#8221;0px||&#8221; custom_padding=&#8221;||20px&#8221; link_option_url=&#8221;https:\/\/dana.lu\/pl\/home\/teatr-ich-czworo-obyczaje-dzikich\/&#8221; hover_enabled=&#8221;0&#8243; box_shadow_style=&#8221;preset3&#8243; box_shadow_vertical=&#8221;5px&#8221; box_shadow_blur=&#8221;25px&#8221; box_shadow_spread=&#8221;-32px&#8221; transform_styles__hover_enabled=&#8221;on&#8221; transform_scale__hover_enabled=&#8221;on&#8221; transform_translate__hover_enabled=&#8221;on&#8221; transform_rotate__hover_enabled=&#8221;on&#8221; transform_skew__hover_enabled=&#8221;on&#8221; transform_origin__hover_enabled=&#8221;on&#8221; title_letter_spacing__hover=&#8221;2px&#8221; box_shadow_spread__hover_enabled=&#8221;on&#8221; box_shadow_spread__hover=&#8221;-13px&#8221; box_shadow_blur__hover=&#8221;30px&#8221; box_shadow_vertical__hover=&#8221;3px&#8221; custom_margin__hover_enabled=&#8221;on&#8221; custom_margin__hover=&#8221;-6px||&#8221; _i=&#8221;6&#8243; _address=&#8221;3.0.0.2.6&#8243;][\/dica_divi_carouselitem][\/dica_divi_carousel][\/et_pb_column][\/et_pb_row][\/et_pb_section]<\/p>\n","protected":false},"excerpt":{"rendered":"<p>Glany na glancTeatr Dramatyczny w Bia\u0142ymstoku, 2013 tekst oryginalny \u201cCherry Docs\u201d: David Gow t\u0142umaczenie z angielskiego: Hanna Szczerkowska dramaturgia: Dana \u0141ukasi\u0144ska re\u017cyser: Krzysztof Rekowski obsada: Piotr P\u00f3\u0142torak, Mateusz Witczuk\u2190 home \u201cGlany na glanc\u201d &#8211; to sztuka o spotkaniu dw\u00f3ch os\u00f3b, reprezentuj\u0105cych skrajnie r\u00f3\u017cne postawy &#8211; skinhead\u2019a, kt\u00f3ry zamordowa\u0142 Hindusa, z liberalnym \u017bydem, kt\u00f3ry ma by\u0107 [&hellip;]<\/p>\n","protected":false},"author":1,"featured_media":0,"parent":11,"menu_order":0,"comment_status":"closed","ping_status":"closed","template":"","meta":{"_et_pb_use_builder":"on","_et_pb_old_content":"","_et_gb_content_width":""},"_links":{"self":[{"href":"https:\/\/dana.lu\/pl\/wp-json\/wp\/v2\/pages\/49426"}],"collection":[{"href":"https:\/\/dana.lu\/pl\/wp-json\/wp\/v2\/pages"}],"about":[{"href":"https:\/\/dana.lu\/pl\/wp-json\/wp\/v2\/types\/page"}],"author":[{"embeddable":true,"href":"https:\/\/dana.lu\/pl\/wp-json\/wp\/v2\/users\/1"}],"replies":[{"embeddable":true,"href":"https:\/\/dana.lu\/pl\/wp-json\/wp\/v2\/comments?post=49426"}],"version-history":[{"count":14,"href":"https:\/\/dana.lu\/pl\/wp-json\/wp\/v2\/pages\/49426\/revisions"}],"predecessor-version":[{"id":50146,"href":"https:\/\/dana.lu\/pl\/wp-json\/wp\/v2\/pages\/49426\/revisions\/50146"}],"up":[{"embeddable":true,"href":"https:\/\/dana.lu\/pl\/wp-json\/wp\/v2\/pages\/11"}],"wp:attachment":[{"href":"https:\/\/dana.lu\/pl\/wp-json\/wp\/v2\/media?parent=49426"}],"curies":[{"name":"wp","href":"https:\/\/api.w.org\/{rel}","templated":true}]}}