{"id":49066,"date":"2019-09-19T22:22:03","date_gmt":"2019-09-19T22:22:03","guid":{"rendered":"https:\/\/dana.lu\/pl\/?page_id=49066"},"modified":"2021-10-31T18:14:03","modified_gmt":"2021-10-31T18:14:03","slug":"o-mnie","status":"publish","type":"page","link":"https:\/\/dana.lu\/pl\/o-mnie\/","title":{"rendered":"O mnie"},"content":{"rendered":"<p>[et_pb_section fb_built=&#8221;1&#8243; _builder_version=&#8221;3.29.3&#8243; custom_margin=&#8221;-5%||||false|false&#8221; custom_margin_tablet=&#8221;-8%||||false|false&#8221; custom_margin_phone=&#8221;-20%||||false|false&#8221; custom_margin_last_edited=&#8221;on|phone&#8221; custom_padding=&#8221;||||false|false&#8221; global_colors_info=&#8221;{}&#8221;][et_pb_row column_structure=&#8221;3_5,2_5&#8243; _builder_version=&#8221;4.5.4&#8243; custom_margin=&#8221;-3vh||||false|false&#8221; custom_margin_tablet=&#8221;-2vh||||false|false&#8221; custom_margin_phone=&#8221;-7%||-17%||false|false&#8221; custom_margin_last_edited=&#8221;on|tablet&#8221; global_colors_info=&#8221;{}&#8221;][et_pb_column type=&#8221;3_5&#8243; _builder_version=&#8221;3.29.2&#8243; global_colors_info=&#8221;{}&#8221;][et_pb_tabs active_tab_background_color=&#8221;#ffffff&#8221; inactive_tab_background_color=&#8221;#ffffff&#8221; active_tab_text_color=&#8221;#1fd7e0&#8243; module_class=&#8221;equal-tabs&#8221; _builder_version=&#8221;3.29.3&#8243; tab_text_color=&#8221;#1a1a1a&#8221; background_color=&#8221;#ffffff&#8221; animation_style=&#8221;fade&#8221; custom_css_main_element=&#8221;|| ||||&#8221; border_width_all=&#8221;0px&#8221; border_color_all=&#8221;#ffffff&#8221; global_colors_info=&#8221;{}&#8221; tab_text_color__hover_enabled=&#8221;on|desktop&#8221; tab_text_color__hover=&#8221;#1fd7e0&#8243;][et_pb_tab title=&#8221;o mnie&#8221; _builder_version=&#8221;3.29.3&#8243; body_font_size=&#8221;15px&#8221; body_letter_spacing=&#8221;0.5px&#8221; body_line_height=&#8221;1.7em&#8221; tab_font=&#8221;|600||on|||||&#8221; tab_letter_spacing=&#8221;1px&#8221; transform_translate_linked__hover=&#8221;off&#8221; body_font_size_tablet=&#8221;&#8221; body_font_size_phone=&#8221;14px&#8221; body_font_size_last_edited=&#8221;on|phone&#8221; body_letter_spacing_tablet=&#8221;&#8221; body_letter_spacing_phone=&#8221;0.3px&#8221; body_letter_spacing_last_edited=&#8221;on|desktop&#8221; body_line_height_tablet=&#8221;&#8221; body_line_height_phone=&#8221;1.5em&#8221; body_line_height_last_edited=&#8221;on|phone&#8221; global_colors_info=&#8221;{}&#8221; transform_styles__hover_enabled=&#8221;off|desktop&#8221; transform_scale__hover_enabled=&#8221;off|desktop&#8221; transform_translate__hover_enabled=&#8221;off|desktop&#8221; transform_rotate__hover_enabled=&#8221;off|desktop&#8221; transform_skew__hover_enabled=&#8221;off|desktop&#8221; transform_origin__hover_enabled=&#8221;off|desktop&#8221; transform_translate__hover=&#8221;20px|0px&#8221;]<\/p>\n<p style=\"text-align: left;\"><span style=\"font-weight: 400;\">Nazywam si\u0119 Dana \u0141ukasi\u0144ska. Jestem scenarzystk\u0105, dramatopisark\u0105, dramaturgiem, autork\u0105 powie\u015bci i scenariuszy komiks\u00f3w. Tw\u00f3rczy p\u0142odozmian to dla mnie doskona\u0142e \u0107wiczenie rozwijaj\u0105ce warsztat literacki i okazja, by poszerza\u0107 horyzonty i zapobiega\u0107 skostnieniu umys\u0142u. <\/span><span style=\"font-weight: 400;\">Mieszkam w Warszawie, pochodz\u0119 z Piotrkowa Trybunalskiego.\u00a0<\/span><span style=\"font-weight: 400;\">Uko\u0144czy\u0142am pedagogik\u0119 specjaln\u0105 na WSPS (obecnie APS) na specjalizacji logopedia.<\/span><\/p>\n<p><span style=\"font-weight: 400;\">Pisania uczy\u0142am si\u0119 w Laboratorium Dramatu (przy Teatrze Narodowym), Laboratorium Scenariuszowym (PISF), Konserwatorium Noweli Filmowej (PISF) i Forum Dramaturgicznym (Instytut Teatralny).\u00a0<\/span><span style=\"font-weight: 400;\">Moj\u0105 pierwsz\u0105 kinow\u0105 mi\u0142o\u015bci\u0105 by\u0142 Michelangelo Antonioni i jego \u201cPrzygoda\u201d, a potem \u201cPowi\u0119kszenie\u201d, kt\u00f3re jako nastolatka ogl\u0105da\u0142am noc\u0105, w telewizji.\u00a0<\/span><\/p>\n<p><span style=\"font-weight: 400;\">Jestem pasjonatk\u0105 historii, medycyny, kryminalistyki, medycyny s\u0105dowej, antropologii s\u0105dowej, filmu i kina. Fank\u0105 festiwali filmowych: Nowe Horyzonty, Pi\u0119\u0107 Smak\u00f3w, Docs Against Gravity. Uwielbiam si\u0119 uczy\u0107 &#8211; nie odst\u0119puje mnie poczucie, \u017ce ci\u0105gle nic nie wiem.<br \/> I to wra\u017cenie z wiekiem narasta.\u00a0<\/span><\/p>\n<p><span style=\"font-weight: 400;\">Od kwietnia 2015 roku ucz\u0119 si\u0119 chi\u0144skiego. W 2017 zda\u0142am egzamin HSK 3. Teraz przygotowuj\u0119 si\u0119 do poziomu 4. Marz\u0119, by pracowa\u0107 w Chinach i tam robi\u0107 filmy.<br \/> Wiem, szalone marzenie, ale warto takie mie\u0107.<\/span><\/p>\n<p>[\/et_pb_tab][et_pb_tab title=&#8221;\u5173\u4e8e\u6211&#8221; _builder_version=&#8221;3.29.2&#8243; body_font_size=&#8221;15px&#8221; body_letter_spacing=&#8221;0.5px&#8221; body_line_height=&#8221;1.7em&#8221; tab_font=&#8221;|600||on|||||&#8221; tab_letter_spacing=&#8221;1px&#8221; transform_translate_linked__hover=&#8221;off&#8221; global_colors_info=&#8221;{}&#8221; transform_styles__hover_enabled=&#8221;off|desktop&#8221; transform_scale__hover_enabled=&#8221;off|desktop&#8221; transform_translate__hover=&#8221;20px|0px&#8221; transform_translate__hover_enabled=&#8221;off|desktop&#8221; transform_rotate__hover_enabled=&#8221;off|desktop&#8221; transform_skew__hover_enabled=&#8221;off|desktop&#8221; transform_origin__hover_enabled=&#8221;off|desktop&#8221;]<\/p>\n<p><span style=\"font-weight: 400;\">\u6211\u59d3\u0141ukasi\u0144ska\u53ebDana\u3001\u6211\u662f\u7535\u5f71\u5267\u672c\u5bb6\u3001 \u5267\u4f5c\u5bb6\u3001 \u4f5c\u5bb6\u3002 \u6211\u7684\u4f5c\u54c1\u6709\u5f88\u591a\u7535\u89c6\u5267\u672c\u3001 \u620f\u5267\u3001\u5e7f\u64ad\u5267\u3001\u5c0f\u8bf4\u548c\u6f2b\u753b\uff08\u5267\u672c\uff09\u3002\u6211\u8ddfTVN\u7535\u89c6\u53f0\u3001 Canal+\u7535\u89c6\u53f0\u3001 HBO\u7535\u89c6\u53f0\u5408\u4f5c\u3002 \u6211\u5df2\u7ecf\u5b66\u4e60\u4e86\u56db\u5e74\u6c49\u8bed\u4e86\u3002 \u6211\u901a\u8fc7\u4e09\u7ea7HSK\u8003\u8bd5\u4e86\u3002\u73b0\u5728\u6211\u51c6\u5907\u56db\u7ea7HSK\u8003\u8bd5\u3002 \u6211\u60f3\u5728\u4e2d\u56fd\u5de5\u4f5c\u3002\u6211\u627e\u673a\u4f1a\u8ddf\u4e2d\u56fd\u7535\u89c6\u53f0\u5408\u4f5c\u3002\u6211\u77e5\u9053\u8fd9\u75af\u72c2\u7684\u4e3b\u610f\u3001\u4f46\u6211\u76f8\u4fe1\u8fd9\u4e2a\u68a6\u60f3\u80fd\u5b9e\u73b0\u3002 \u6211\u5bf9 \u7535\u5f71\u3001\u5267\u573a\u3001\u5386\u53f2\u3001\u72af\u7f6a\u5b66 \u548c \u6cd5\u533b\u5b66\u611f\u5174\u8da3\u3002\u6211\u5f88\u559c\u6b22\u53c2\u52a0\u5404\u79cd\u5404\u6837\u7684\u7535\u5f71\u8282\uff1a\u65b0\u89c6\u91ce\u56fd\u9645\u7535\u5f71\u8282\u3001 \u4e94\u5473\u9053\u7535\u5f71\u8282 \uff08\u4e9a\u6d32\u7535\u5f71\uff09 \u548c Docs Against Gravity (\u7eaa\u5f55\u7247\u8282\uff09\u3002<\/span><\/p>\n<p><b>\u6211\u4e3a\u4ec0\u4e48\u6210\u4e3a\u7535\u5f71\u5267\u672c\u5bb6<\/b><\/p>\n<p><span style=\"font-weight: 400;\">\u5927\u5b66\u6bd5\u4e1a\u7684\u65f6\u5019\u6211\u60f3\u6210\u4e3a\u8bed\u8a00\u6cbb\u7597\u5e08\u3002\u6211\u5f00\u59cb\u5728\u5e7c\u513f\u56ed\u5de5\u4f5c\u3001 \u4f46\u662f\u6211\u7684\u5de5\u8d44\u5f88\u4f4e\u3002 \u6211\u8981\u5728\u522b\u7684\u5730\u65b9\u627e\u5de5\u4f5c\u3002\u6211\u8bb0\u5f97\u6211\u540c\u65f6\u5728\u516d\u4e2a\u5355\u4f4d\u5de5\u4f5c\u7684\u65f6\u95f4\u3002 \u6211\u5f88\u5fd9\u3002 \u6211\u7684\u6536\u5165\u8fd8\u5f88\u4f4e\u3002 \u6211\u51b3\u5b9a\u8981\u6362\u5de5\u4f5c\u548c\u804c\u4e1a\u3002\u6bcf\u5929\u6211\u770b\u62a5\u7eb8\u627e\u62db\u8058\u5e7f\u544a\u3002\u6211\u5f88\u7d27\u5f20\u3001\u6bcf\u5929\u6c42\u804c\u3001\u53d1\u5f88\u591a\u6c42\u804c\u7533\u8bf7\u4e66\u3002\u51e0\u5e74\u4e4b\u5185\u6211\u5f53\u8fc7\u63a5\u5f85\u5458\u3001\u7f51\u7edc\u7ba1\u7406\u5458\u3001\u4eba\u9645\u5173\u7cfb\u548c\u5e02\u573a\u8425\u9500\u5458\u3002 \u7ecf\u6d4e\u5371\u673a\u7684\u65f6\u5019\u6211\u5931\u53bb\u5de5\u4f5c\u3002\u6211\u5931\u4e1a\u4e00\u5e74\u3002 \u6211\u627e\u5de5\u4f5c\u3001\u4f46\u662f\u6ca1\u6709\u6210\u529f\u3002\u6211\u4e0d\u60f3\u6d6a\u8d39\u65f6\u95f4\u3002 \u6211\u5f00\u59cb\u5199\u4f5c\u6587\u3002 \u6211\u60f3\u8bb2\u6211\u7684\u6c42\u804c\u7ecf\u9a8c\u3002 \u7ed3\u679c\u662f\u6211\u7684\u7b2c\u4e00\u620f\u5267 \u201cAgata \u627e\u5de5\u4f5c\u201c\u3002\u6211\u7ee7\u7eed\u5199\u4f5c\u54c1\u3001\u800c\u5199\u4f5c\u6210\u4e3a\u6211\u6700\u5927\u7684\u5174\u8da3\u3001\u6211\u7684\u6fc0\u60c5\u3002\u00a0<\/span><\/p>\n<p>[\/et_pb_tab][\/et_pb_tabs][\/et_pb_column][et_pb_column type=&#8221;2_5&#8243; _builder_version=&#8221;3.29.2&#8243; global_colors_info=&#8221;{}&#8221;][et_pb_text admin_label=&#8221;back to home&#8221; _builder_version=&#8221;3.29.3&#8243; header_font=&#8221;||||||||&#8221; header_6_font=&#8221;Ubuntu|||on|||||&#8221; header_6_text_color=&#8221;#999999&#8243; text_orientation=&#8221;center&#8221; custom_margin=&#8221;0px||||false|false&#8221; custom_margin_tablet=&#8221;0vh||5vh||false|false&#8221; custom_margin_phone=&#8221;0vh||||false|false&#8221; custom_margin_last_edited=&#8221;on|phone&#8221; animation_style=&#8221;fade&#8221; animation_direction=&#8221;left&#8221; animation_duration=&#8221;700ms&#8221; link_option_url=&#8221;dana.lu\/pl\/&#8221; locked=&#8221;off&#8221; global_colors_info=&#8221;{}&#8221; header_6_text_color__hover_enabled=&#8221;on&#8221; header_6_text_color__hover=&#8221;#2ac8ed&#8221;]<\/p>\n<h6>\u2190 powr\u00f3t do strony g\u0142\u00f3wnej<\/h6>\n<p>[\/et_pb_text][et_pb_gallery gallery_ids=&#8221;47883,47882&#8243; fullwidth=&#8221;on&#8221; _builder_version=&#8221;3.29.3&#8243; width=&#8221;60%&#8221; width_tablet=&#8221;70%&#8221; width_phone=&#8221;80%&#8221; width_last_edited=&#8221;on|phone&#8221; module_alignment=&#8221;center&#8221; height_phone=&#8221;auto&#8221; height_last_edited=&#8221;off|desktop&#8221; custom_margin=&#8221;-1%||||false|false&#8221; custom_margin_tablet=&#8221;6%|||&#8221; custom_margin_phone=&#8221;8%||&#8221; custom_margin_last_edited=&#8221;on|desktop&#8221; animation_style=&#8221;fade&#8221; animation_duration=&#8221;1050ms&#8221; animation_delay=&#8221;100ms&#8221; animation_starting_opacity=&#8221;2%&#8221; auto=&#8221;on&#8221; auto_speed=&#8221;4000&#8243; module_alignment_phone=&#8221;center&#8221; module_alignment_last_edited=&#8221;off|desktop&#8221; global_colors_info=&#8221;{}&#8221;][\/et_pb_gallery][et_pb_text admin_label=&#8221;Dana kontakt@dana.lu&#8221; _builder_version=&#8221;3.29.3&#8243; text_font=&#8221;|300|||||||&#8221; text_line_height=&#8221;1.8em&#8221; text_orientation=&#8221;center&#8221; custom_margin=&#8221;||||false|false&#8221; locked=&#8221;off&#8221; global_colors_info=&#8221;{}&#8221;]<\/p>\n<h2><strong>Dana \u0141ukasi\u0144ska<\/strong><\/h2>\n<p>email: <a href=\"mailto:kontakt@dana.lu\"><strong>kontakt@dana.lu<\/strong><\/a><\/p>\n<p>[\/et_pb_text][\/et_pb_column][\/et_pb_row][\/et_pb_section][et_pb_section fb_built=&#8221;1&#8243; admin_label=&#8221;wiecej projektow&#8221; _builder_version=&#8221;4.5.4&#8243; custom_margin=&#8221;-2%||-4%||false|false&#8221; custom_padding=&#8221;||||false|false&#8221; locked=&#8221;off&#8221; global_colors_info=&#8221;{}&#8221;][et_pb_row module_id=&#8221;stop&#8221; _builder_version=&#8221;4.5.4&#8243; min_height=&#8221;24px&#8221; custom_margin=&#8221;0px||0px||false|false&#8221; custom_margin_tablet=&#8221;||-70px||false|false&#8221; custom_margin_phone=&#8221;||-100px||false|false&#8221; custom_margin_last_edited=&#8221;on|desktop&#8221; custom_padding=&#8221;||||false|false&#8221; global_colors_info=&#8221;{}&#8221;][et_pb_column type=&#8221;4_4&#8243; _builder_version=&#8221;3.25.4&#8243; global_colors_info=&#8221;{}&#8221;][et_pb_divider color=&#8221;#1fd7e0&#8243; divider_weight=&#8221;4px&#8221; _builder_version=&#8221;4.5.4&#8243; width=&#8221;100%&#8221; height=&#8221;30px&#8221; custom_margin=&#8221;-4%||15px||false|false&#8221; custom_margin_tablet=&#8221;-10%||||false|false&#8221; custom_margin_phone=&#8221;||||false|false&#8221; custom_margin_last_edited=&#8221;on|phone&#8221; global_colors_info=&#8221;{}&#8221;][\/et_pb_divider][et_pb_text _builder_version=&#8221;4.5.4&#8243; text_font=&#8221;|600|||||||&#8221; text_text_color=&#8221;#1a1a1a&#8221; text_letter_spacing=&#8221;2px&#8221; header_2_font=&#8221;||||||||&#8221; custom_margin=&#8221;-20px||||false|false&#8221; custom_margin_phone=&#8221;-10px||40px||false|false&#8221; custom_margin_last_edited=&#8221;off|desktop&#8221; global_colors_info=&#8221;{}&#8221;]<\/p>\n<h3>What&#8217;s up?<\/h3>\n<p>[\/et_pb_text][\/et_pb_column][\/et_pb_row][et_pb_row _builder_version=&#8221;4.11.2&#8243; _module_preset=&#8221;default&#8221; custom_margin=&#8221;-30px||||false|false&#8221; hover_enabled=&#8221;0&#8243; global_colors_info=&#8221;{}&#8221; sticky_enabled=&#8221;0&#8243;][et_pb_column type=&#8221;4_4&#8243; _builder_version=&#8221;4.5.4&#8243; _module_preset=&#8221;default&#8221; global_colors_info=&#8221;{}&#8221;][et_pb_blog fullwidth=&#8221;off&#8221; posts_number=&#8221;20&#8243; include_categories=&#8221;32&#8243; meta_date=&#8221;m-Y&#8221; show_thumbnail=&#8221;off&#8221; show_content=&#8221;on&#8221; show_author=&#8221;off&#8221; show_date=&#8221;off&#8221; show_categories=&#8221;off&#8221; show_pagination=&#8221;off&#8221; admin_label=&#8221;blog: based on post from category: whats&#8217;up?&#8221; _builder_version=&#8221;4.11.2&#8243; _module_preset=&#8221;default&#8221; body_font=&#8221;||||||||&#8221; body_text_align=&#8221;justify&#8221; meta_font=&#8221;||on||||||&#8221; meta_text_color=&#8221;#999999&#8243; meta_font_size=&#8221;13px&#8221; custom_margin=&#8221;||||false|false&#8221; custom_padding=&#8221;||||false|false&#8221; hover_enabled=&#8221;0&#8243; custom_css_main_element=&#8221;||\/*||||column-count: 3;||column-gap: 4vw;||.et_pb_module .et_pb_blog_grid {||padding: 40px 20px 50px 30px;||}||*\/||\/* ||display: grid;||column-width: px;||column-count: 4;||column-gap: 4vw;||*\/||||\/*||.et_pb_ajax_pagination_container {||display: grid;||column-gap: 20px;||grid-template-columns: 200px 200px 200px; ||grid-template-columns: repeat(3,1fr);}||*\/||pointer-events: none!important;&#8221; custom_css_title=&#8221;display: none!important;&#8221; border_width_all=&#8221;0px&#8221; border_color_all_image=&#8221;rgba(0,0,0,0)&#8221; global_colors_info=&#8221;{}&#8221; sticky_enabled=&#8221;0&#8243;][\/et_pb_blog][\/et_pb_column][\/et_pb_row][\/et_pb_section]<\/p>\n","protected":false},"excerpt":{"rendered":"<p>Nazywam si\u0119 Dana \u0141ukasi\u0144ska. Jestem scenarzystk\u0105, dramatopisark\u0105, dramaturgiem, autork\u0105 powie\u015bci i scenariuszy komiks\u00f3w. Tw\u00f3rczy p\u0142odozmian to dla mnie doskona\u0142e \u0107wiczenie rozwijaj\u0105ce warsztat literacki i okazja, by poszerza\u0107 horyzonty i zapobiega\u0107 skostnieniu umys\u0142u. Mieszkam w Warszawie, pochodz\u0119 z Piotrkowa Trybunalskiego.\u00a0Uko\u0144czy\u0142am pedagogik\u0119 specjaln\u0105 na WSPS (obecnie APS) na specjalizacji logopedia. Pisania uczy\u0142am si\u0119 w Laboratorium Dramatu (przy [&hellip;]<\/p>\n","protected":false},"author":1,"featured_media":0,"parent":0,"menu_order":0,"comment_status":"closed","ping_status":"closed","template":"","meta":{"_et_pb_use_builder":"on","_et_pb_old_content":"","_et_gb_content_width":""},"_links":{"self":[{"href":"https:\/\/dana.lu\/pl\/wp-json\/wp\/v2\/pages\/49066"}],"collection":[{"href":"https:\/\/dana.lu\/pl\/wp-json\/wp\/v2\/pages"}],"about":[{"href":"https:\/\/dana.lu\/pl\/wp-json\/wp\/v2\/types\/page"}],"author":[{"embeddable":true,"href":"https:\/\/dana.lu\/pl\/wp-json\/wp\/v2\/users\/1"}],"replies":[{"embeddable":true,"href":"https:\/\/dana.lu\/pl\/wp-json\/wp\/v2\/comments?post=49066"}],"version-history":[{"count":55,"href":"https:\/\/dana.lu\/pl\/wp-json\/wp\/v2\/pages\/49066\/revisions"}],"predecessor-version":[{"id":70814,"href":"https:\/\/dana.lu\/pl\/wp-json\/wp\/v2\/pages\/49066\/revisions\/70814"}],"wp:attachment":[{"href":"https:\/\/dana.lu\/pl\/wp-json\/wp\/v2\/media?parent=49066"}],"curies":[{"name":"wp","href":"https:\/\/api.w.org\/{rel}","templated":true}]}}