{"id":48619,"date":"2019-09-15T12:46:43","date_gmt":"2019-09-15T12:46:43","guid":{"rendered":"https:\/\/dana.lu\/pl\/?page_id=48619"},"modified":"2021-02-03T14:23:29","modified_gmt":"2021-02-03T14:23:29","slug":"seriale-na-dobre-i-na-zle","status":"publish","type":"page","link":"https:\/\/dana.lu\/pl\/seriale-na-dobre-i-na-zle\/","title":{"rendered":"Seriale: Na dobre i na z\u0142e"},"content":{"rendered":"<p>[et_pb_section fb_built=&#8221;1&#8243; fullwidth=&#8221;on&#8221; admin_label=&#8221;header&#8221; _builder_version=&#8221;3.29.2&#8243; custom_margin=&#8221;-4%||20px||false|false&#8221; custom_margin_tablet=&#8221;-4%||10px||false|false&#8221; custom_margin_phone=&#8221;-6%||0px||false|false&#8221; custom_margin_last_edited=&#8221;on|phone&#8221;][et_pb_fullwidth_header background_overlay_color=&#8221;rgba(61,61,61,0.3)&#8221; _builder_version=&#8221;3.25.4&#8243; title_font=&#8221;|600|||||||&#8221; title_text_align=&#8221;left&#8221; title_font_size=&#8221;50px&#8221; title_letter_spacing=&#8221;3px&#8221; title_line_height=&#8221;1.4em&#8221; subhead_font=&#8221;||||||||&#8221; subhead_letter_spacing=&#8221;1px&#8221; use_background_color_gradient=&#8221;on&#8221; background_color_gradient_start=&#8221;rgba(26,26,26,0)&#8221; background_color_gradient_end=&#8221;rgba(26,26,26,0.25)&#8221; background_color_gradient_overlays_image=&#8221;on&#8221; background_image=&#8221;https:\/\/dana.lu\/pl\/wp-content\/uploads\/2019\/09\/Na-dobre-i-na-z\u0142e_header_w2000.jpg&#8221; height_tablet=&#8221;35vh&#8221; height_phone=&#8221;24vh&#8221; height_last_edited=&#8221;on|desktop&#8221; custom_margin=&#8221;||&#8221; custom_margin_tablet=&#8221;||&#8221; custom_margin_phone=&#8221;|||&#8221; custom_margin_last_edited=&#8221;on|phone&#8221; custom_padding=&#8221;34vh||&#8221; custom_padding_tablet=&#8221;17vh|||&#8221; custom_padding_phone=&#8221;7vh|||2px||&#8221; custom_padding_last_edited=&#8221;on|phone&#8221; title_font_size_tablet=&#8221;30px&#8221; title_font_size_phone=&#8221;22px&#8221; title_font_size_last_edited=&#8221;on|tablet&#8221; title_letter_spacing_tablet=&#8221;2px&#8221; title_letter_spacing_phone=&#8221;2px&#8221; title_letter_spacing_last_edited=&#8221;on|desktop&#8221; title_line_height_tablet=&#8221;1.3em&#8221; title_line_height_phone=&#8221;&#8221; title_line_height_last_edited=&#8221;on|desktop&#8221; subhead_font_size_tablet=&#8221;16px&#8221; subhead_font_size_phone=&#8221;14px&#8221; subhead_font_size_last_edited=&#8221;on|phone&#8221; custom_css_main_element=&#8221;height: 55vh;&#8221;][\/et_pb_fullwidth_header][\/et_pb_section][et_pb_section fb_built=&#8221;1&#8243; admin_label=&#8221;Body&#8221; _builder_version=&#8221;3.25.4&#8243; custom_margin=&#8221;||-45px&#8221; custom_margin_tablet=&#8221;||-40px&#8221; custom_margin_phone=&#8221;||-30px&#8221; custom_margin_last_edited=&#8221;on|desktop&#8221;][et_pb_row column_structure=&#8221;1_3,2_3&#8243; _builder_version=&#8221;3.25.4&#8243;][et_pb_column type=&#8221;1_3&#8243; _builder_version=&#8221;3.25.4&#8243;][et_pb_text admin_label=&#8221;title&#8221; module_id=&#8221;sticky&#8221; _builder_version=&#8221;3.29.3&#8243; header_font=&#8221;||||||||&#8221; header_2_font=&#8221;|600|||||||&#8221; header_2_font_size=&#8221;60px&#8221; header_2_letter_spacing=&#8221;3px&#8221; header_2_line_height=&#8221;1.4em&#8221; custom_margin=&#8221;||||false|false&#8221; custom_margin_tablet=&#8221;-10%||||false|false&#8221; custom_margin_phone=&#8221;-90px||||false|false&#8221; custom_margin_last_edited=&#8221;on|phone&#8221; header_font_size_last_edited=&#8221;off|desktop&#8221; header_2_font_size_tablet=&#8221;50px&#8221; header_2_font_size_phone=&#8221;25px&#8221; header_2_font_size_last_edited=&#8221;on|desktop&#8221;]<\/p>\n<h2>Na dobre i na z\u0142e<\/h2>\n<p>[\/et_pb_text][et_pb_text _builder_version=&#8221;3.29.2&#8243; text_font=&#8221;|300|||||||&#8221; text_text_color=&#8221;#999999&#8243; text_font_size=&#8221;15px&#8221; text_line_height=&#8221;1.4em&#8221; background_color=&#8221;#ffffff&#8221; custom_margin=&#8221;-2vh||||false|false&#8221; custom_margin_tablet=&#8221;-2vh||||false|false&#8221; custom_margin_phone=&#8221;-2vh||||false|false&#8221; custom_margin_last_edited=&#8221;off|desktop&#8221; text_font_size_tablet=&#8221;14px&#8221; text_font_size_phone=&#8221;13px&#8221; text_font_size_last_edited=&#8221;on|phone&#8221; text_letter_spacing_last_edited=&#8221;off|phone&#8221; text_line_height_tablet=&#8221;1.3em&#8221; text_line_height_phone=&#8221;1.2em&#8221; text_line_height_last_edited=&#8221;on|phone&#8221;]<\/p>\n<p>serial TVP<\/p>\n<p>odcinki Dany \u0141ukasi\u0144skiej: 596, 601, 605, 609, 615, 625<\/p>\n<p>[\/et_pb_text][et_pb_text _builder_version=&#8221;3.27.4&#8243; header_font=&#8221;||||||||&#8221; header_6_font=&#8221;Ubuntu|||on|||||&#8221; header_6_text_color=&#8221;#999999&#8243; animation_style=&#8221;fade&#8221; animation_direction=&#8221;left&#8221; animation_duration=&#8221;700ms&#8221; link_option_url=&#8221;dana.lu\/pl\/&#8221; header_6_text_color__hover_enabled=&#8221;on&#8221; header_6_text_color__hover=&#8221;#2ac8ed&#8221;]<\/p>\n<h6>\u2190 home<\/h6>\n<p>[\/et_pb_text][\/et_pb_column][et_pb_column type=&#8221;2_3&#8243; _builder_version=&#8221;3.25.4&#8243;][et_pb_text _builder_version=&#8221;3.29.2&#8243; text_font=&#8221;||||||||&#8221; text_text_color=&#8221;#1a1a1a&#8221; text_letter_spacing=&#8221;1px&#8221; text_line_height=&#8221;2.2em&#8221; text_font_size_tablet=&#8221;&#8221; text_font_size_phone=&#8221;&#8221; text_font_size_last_edited=&#8221;on|desktop&#8221; text_text_color__hover_enabled=&#8221;on&#8221;]<\/p>\n<div class=\"et_pb_module et_pb_text et_pb_text_2 et_pb_bg_layout_light  et_pb_text_align_left\">\n<div class=\"et_pb_text_inner\">\n<p>\u201cNa dobre i na z\u0142e\u201d &#8211; procedural medyczny, opowiadaj\u0105cy histori\u0119 lekarzy i pacjent\u00f3w <br \/>szpitala w Le\u015bnej G\u00f3rze.<\/p>\n<\/div>\n<\/div>\n<p>[\/et_pb_text][et_pb_gallery gallery_ids=&#8221;48623&#8243; fullwidth=&#8221;on&#8221; hover_icon=&#8221;%%0%%&#8221; _builder_version=&#8221;3.25.4&#8243; pagination_font=&#8221;||||||||&#8221; animation_style=&#8221;fade&#8221; animation_delay=&#8221;50ms&#8221;][\/et_pb_gallery][et_pb_text admin_label=&#8221;home&#8221; _builder_version=&#8221;3.29.2&#8243; header_font=&#8221;||||||||&#8221; header_6_font=&#8221;Ubuntu|||on|||||&#8221; header_6_text_color=&#8221;#999999&#8243; header_6_font_size=&#8221;15px&#8221; custom_margin=&#8221;50px||||false|false&#8221; custom_margin_tablet=&#8221;60px||||false|false&#8221; custom_margin_phone=&#8221;60px||-40px||false|false&#8221; custom_margin_last_edited=&#8221;on|phone&#8221; animation_style=&#8221;fade&#8221; animation_direction=&#8221;left&#8221; animation_duration=&#8221;700ms&#8221; link_option_url=&#8221;dana.lu\/pl\/&#8221; header_6_text_color__hover_enabled=&#8221;on&#8221; header_6_text_color__hover=&#8221;#2ac8ed&#8221;]<\/p>\n<h6>\u2190 home<\/h6>\n<p>[\/et_pb_text][\/et_pb_column][\/et_pb_row][\/et_pb_section][et_pb_section fb_built=&#8221;1&#8243; admin_label=&#8221;wiecej projektow&#8221; module_id=&#8221;stop&#8221; _builder_version=&#8221;3.29.3&#8243;][et_pb_row _builder_version=&#8221;3.29.3&#8243; custom_margin=&#8221;||-30px||false|false&#8221; custom_margin_tablet=&#8221;||-70px||false|false&#8221; custom_margin_phone=&#8221;||-100px||false|false&#8221; custom_margin_last_edited=&#8221;on|desktop&#8221;][et_pb_column type=&#8221;4_4&#8243; _builder_version=&#8221;3.25.4&#8243;][et_pb_divider color=&#8221;#1fd7e0&#8243; divider_weight=&#8221;4px&#8221; _builder_version=&#8221;3.25.4&#8243; width=&#8221;100%&#8221; height=&#8221;30px&#8221; custom_margin=&#8221;-4%||15px||false|false&#8221; custom_margin_tablet=&#8221;-10%||||false|false&#8221; custom_margin_phone=&#8221;-35%||||false|false&#8221; custom_margin_last_edited=&#8221;on|phone&#8221;][\/et_pb_divider][et_pb_text _builder_version=&#8221;3.27.4&#8243; text_font=&#8221;|600||on|||||&#8221; text_text_color=&#8221;#1a1a1a&#8221; text_letter_spacing=&#8221;2px&#8221; custom_margin=&#8221;-10px||40px||false|false&#8221; custom_margin_phone=&#8221;-10px||40px||false|false&#8221; custom_margin_last_edited=&#8221;off|desktop&#8221;]<\/p>\n<p>Wi\u0119cej projekt\u00f3w: Seriale<\/p>\n<p>[\/et_pb_text][dica_divi_carousel show_items_desktop=&#8221;3&#8243; arrow_nav=&#8221;on&#8221; equal_height=&#8221;on&#8221; advanced_effect=&#8221;1&#8243; arrow_nav_color=&#8221;#1fd7e0&#8243; dots_color=&#8221;#c9c9c9&#8243; dots_active_color=&#8221;#1fd7e0&#8243; arrow_position=&#8221;on&#8221; arrow_font_size=&#8221;52px&#8221; innercontent_padding=&#8221;|0||0|false|false&#8221; arrow_font_size_last_edited=&#8221;off|desktop&#8221; admin_label=&#8221;Seriale karuzela ze heja&#8221; _builder_version=&#8221;4.5.4&#8243; title_font=&#8221;||||||||&#8221; custom_margin=&#8221;-2%||||false|false&#8221; custom_margin_tablet=&#8221;-3%||||false|false&#8221; custom_margin_phone=&#8221;-8%||||false|false&#8221; custom_margin_last_edited=&#8221;on|desktop&#8221; hover_enabled=&#8221;0&#8243; title_font_size_tablet=&#8221;18px&#8221; title_font_size_phone=&#8221;&#8221; title_font_size_last_edited=&#8221;on|desktop&#8221; locked=&#8221;off&#8221;][dica_divi_carouselitem title=&#8221;Nieobecni&#8221; url=&#8221;https:\/\/dana.lu\/pl\/seriale-nieobecni\/&#8221; button_url_new_window=&#8221;1&#8243; image=&#8221;https:\/\/dana.lu\/pl\/wp-content\/uploads\/2021\/02\/Nieobecni_thumbnail_w500_74.jpg&#8221; image_alt=&#8221;Fragment plakatu serialu %22Nieobecni%22 produkcji Player Original, scenariusz Dana \u0141ukasi\u0144ska&#8221; image_padding=&#8221;0|0|28px|0&#8243; content_padding=&#8221;0|0||0&#8243; custom_margin=&#8221;0px||&#8221; custom_padding=&#8221;||20px&#8221; _builder_version=&#8221;4.5.4&#8243; box_shadow_style=&#8221;preset3&#8243; box_shadow_vertical=&#8221;5px&#8221; box_shadow_blur=&#8221;25px&#8221; box_shadow_spread=&#8221;-32px&#8221; title_letter_spacing__hover=&#8221;2px&#8221; custom_margin__hover=&#8221;-6px||&#8221; custom_margin__hover_enabled=&#8221;on&#8221; box_shadow_vertical__hover=&#8221;3px&#8221; box_shadow_blur__hover=&#8221;30px&#8221; box_shadow_spread__hover=&#8221;-13px&#8221; box_shadow_spread__hover_enabled=&#8221;on&#8221; transform_styles__hover_enabled=&#8221;on&#8221; transform_scale__hover_enabled=&#8221;on&#8221; transform_translate__hover_enabled=&#8221;on&#8221; transform_rotate__hover_enabled=&#8221;on&#8221; transform_skew__hover_enabled=&#8221;on&#8221; transform_origin__hover_enabled=&#8221;on&#8221;][\/dica_divi_carouselitem][dica_divi_carouselitem title=&#8221;\u017bywio\u0142y Saszy &#8211; Ogie\u0144&#8221; url=&#8221;https:\/\/dana.lu\/pl\/seriale-zywioly-saszy\/&#8221; button_url_new_window=&#8221;1&#8243; image=&#8221;https:\/\/dana.lu\/pl\/wp-content\/uploads\/2020\/11\/ZywiolySaszy_thumbnail_w500_4P.jpg&#8221; image_alt=&#8221;Fragment plakatu serialu %22\u017bywio\u0142y Saszy &#8211; Ogie\u0144%22 produkcji Player Original prezentuje g\u0142\u00f3wn\u0105 bohaterk\u0119 w okularach, w kt\u00f3rych odbijaja sie p\u0142omienie&#8221; image_padding=&#8221;0|0|28px|0&#8243; content_padding=&#8221;0|0||0&#8243; custom_margin=&#8221;0px||&#8221; custom_padding=&#8221;||20px&#8221; _builder_version=&#8221;4.5.4&#8243; box_shadow_style=&#8221;preset3&#8243; box_shadow_vertical=&#8221;5px&#8221; box_shadow_blur=&#8221;25px&#8221; box_shadow_spread=&#8221;-32px&#8221; title_letter_spacing__hover=&#8221;2px&#8221; custom_margin__hover=&#8221;-6px||&#8221; custom_margin__hover_enabled=&#8221;on&#8221; box_shadow_vertical__hover=&#8221;3px&#8221; box_shadow_blur__hover=&#8221;30px&#8221; box_shadow_spread__hover=&#8221;-13px&#8221; box_shadow_spread__hover_enabled=&#8221;on&#8221; transform_styles__hover_enabled=&#8221;on&#8221; transform_scale__hover_enabled=&#8221;on&#8221; transform_translate__hover_enabled=&#8221;on&#8221; transform_rotate__hover_enabled=&#8221;on&#8221; transform_skew__hover_enabled=&#8221;on&#8221; transform_origin__hover_enabled=&#8221;on&#8221;][\/dica_divi_carouselitem][dica_divi_carouselitem title=&#8221;Kr\u00f3l&#8221; url=&#8221;https:\/\/dana.lu\/pl\/seriale-krol&#8221; button_url_new_window=&#8221;1&#8243; image=&#8221;https:\/\/dana.lu\/pl\/wp-content\/uploads\/2020\/11\/krol_thumbnail_w500_05_80A.jpg&#8221; image_alt=&#8221;Plakat serialu %22Kr\u00f3l%22 emitowanego przez Canal+, w kt\u00f3rym scenarzystk\u0105 by\u0142a Dana \u0141ukasi\u0144ska. Plakat przedstawia grup\u0119 g\u0142\u00f3wnych postaci na tle miasta noc\u0105&#8221; image_padding=&#8221;0|0|28px|0&#8243; content_padding=&#8221;0|0||0&#8243; custom_margin=&#8221;0px||&#8221; custom_padding=&#8221;||20px&#8221; _builder_version=&#8221;4.5.4&#8243; box_shadow_style=&#8221;preset3&#8243; box_shadow_vertical=&#8221;5px&#8221; box_shadow_blur=&#8221;25px&#8221; box_shadow_spread=&#8221;-32px&#8221; title_letter_spacing__hover=&#8221;2px&#8221; custom_margin__hover=&#8221;-6px||&#8221; custom_margin__hover_enabled=&#8221;on&#8221; box_shadow_vertical__hover=&#8221;3px&#8221; box_shadow_blur__hover=&#8221;30px&#8221; box_shadow_spread__hover=&#8221;-13px&#8221; box_shadow_spread__hover_enabled=&#8221;on&#8221; transform_styles__hover_enabled=&#8221;on&#8221; transform_scale__hover_enabled=&#8221;on&#8221; transform_translate__hover_enabled=&#8221;on&#8221; transform_rotate__hover_enabled=&#8221;on&#8221; transform_skew__hover_enabled=&#8221;on&#8221; transform_origin__hover_enabled=&#8221;on&#8221;][\/dica_divi_carouselitem][dica_divi_carouselitem title=&#8221;\u017bmijowisko&#8221; url=&#8221;https:\/\/dana.lu\/pl\/seriale-zmijowisko&#8221; button_url_new_window=&#8221;1&#8243; image=&#8221;https:\/\/dana.lu\/pl\/wp-content\/uploads\/2019\/09\/zmijowisko_thumbnail_w500-1.jpg&#8221; image_alt=&#8221;Plakat serialu %22\u017bmijowisko%22,tytu\u0142 przes\u0142ania grupk\u0119 aktor\u00f3w w plenerze. Wszyscy, poza dwiema osobami stoj\u0105cymi, siedz\u0105 przy ognisku. W lewym g\u00f3rnym rogu logo producenta Canal+ original&#8221; image_padding=&#8221;0|0|28px|0&#8243; content_padding=&#8221;0|0||0&#8243; custom_margin=&#8221;0px||&#8221; custom_padding=&#8221;||20px&#8221; _builder_version=&#8221;4.5.4&#8243; box_shadow_style=&#8221;preset3&#8243; box_shadow_vertical=&#8221;5px&#8221; box_shadow_blur=&#8221;25px&#8221; box_shadow_spread=&#8221;-32px&#8221; title_letter_spacing__hover=&#8221;2px&#8221; custom_margin__hover=&#8221;-6px||&#8221; custom_margin__hover_enabled=&#8221;on&#8221; box_shadow_vertical__hover=&#8221;3px&#8221; box_shadow_blur__hover=&#8221;30px&#8221; box_shadow_spread__hover=&#8221;-13px&#8221; box_shadow_spread__hover_enabled=&#8221;on&#8221; transform_styles__hover_enabled=&#8221;on&#8221; transform_scale__hover_enabled=&#8221;on&#8221; transform_translate__hover_enabled=&#8221;on&#8221; transform_rotate__hover_enabled=&#8221;on&#8221; transform_skew__hover_enabled=&#8221;on&#8221; transform_origin__hover_enabled=&#8221;on&#8221;][\/dica_divi_carouselitem][dica_divi_carouselitem title=&#8221;Diagnoza&#8221; url=&#8221;https:\/\/dana.lu\/pl\/seriale-diagnoza&#8221; button_url_new_window=&#8221;1&#8243; image=&#8221;https:\/\/dana.lu\/pl\/wp-content\/uploads\/2019\/09\/diagnoza_thumbnail_w500.jpg&#8221; image_alt=&#8221;Plakat serialu %22Diagnoza%22. Chirurg z lewej strony przs\u0142ania d\u0142oni\u0105 usta g\u0142w\u00f3nej bohaterce b\u0119d\u0105cej na \u015brodku. Za ni\u0105 jeste jeszcze kobieta trzymajaca j\u0105 za kark tak\u017ce w r\u0119kawiczce jednorazowej&#8221; image_padding=&#8221;0|0|28px|0&#8243; content_padding=&#8221;0|0||0&#8243; custom_margin=&#8221;0px||&#8221; custom_padding=&#8221;||20px&#8221; _builder_version=&#8221;4.5.4&#8243; box_shadow_style=&#8221;preset3&#8243; box_shadow_vertical=&#8221;5px&#8221; box_shadow_blur=&#8221;25px&#8221; box_shadow_spread=&#8221;-32px&#8221; title_letter_spacing__hover=&#8221;2px&#8221; custom_margin__hover=&#8221;-6px||&#8221; custom_margin__hover_enabled=&#8221;on&#8221; box_shadow_vertical__hover=&#8221;3px&#8221; box_shadow_blur__hover=&#8221;30px&#8221; box_shadow_spread__hover=&#8221;-13px&#8221; box_shadow_spread__hover_enabled=&#8221;on&#8221; transform_styles__hover_enabled=&#8221;on&#8221; transform_scale__hover_enabled=&#8221;on&#8221; transform_translate__hover_enabled=&#8221;on&#8221; transform_rotate__hover_enabled=&#8221;on&#8221; transform_skew__hover_enabled=&#8221;on&#8221; transform_origin__hover_enabled=&#8221;on&#8221;][\/dica_divi_carouselitem][dica_divi_carouselitem title=&#8221;W\u0142atcy m\u00f3ch&#8221; url=&#8221;https:\/\/dana.lu\/pl\/seriale-wlatcy-moch&#8221; button_url_new_window=&#8221;1&#8243; image=&#8221;https:\/\/dana.lu\/pl\/wp-content\/uploads\/2019\/09\/wladcy-moch_thumbnail_w500_02.jpg&#8221; image_alt=&#8221;Plakat serialu %22W\u0142atcy m\u00f3ch%22. Tytu\u0142 przys\u0142ania lekko g\u0142\u00f3wne postaci rysunkowe. Za nimi grafiki wysokich budynk\u00f3w&#8221; image_padding=&#8221;0|0|28px|0&#8243; content_padding=&#8221;0|0||0&#8243; custom_margin=&#8221;0px||&#8221; custom_padding=&#8221;||20px&#8221; _builder_version=&#8221;4.5.4&#8243; box_shadow_style=&#8221;preset3&#8243; box_shadow_vertical=&#8221;5px&#8221; box_shadow_blur=&#8221;25px&#8221; box_shadow_spread=&#8221;-32px&#8221; title_letter_spacing__hover=&#8221;2px&#8221; custom_margin__hover=&#8221;-6px||&#8221; custom_margin__hover_enabled=&#8221;on&#8221; box_shadow_vertical__hover=&#8221;3px&#8221; box_shadow_blur__hover=&#8221;30px&#8221; box_shadow_spread__hover=&#8221;-13px&#8221; box_shadow_spread__hover_enabled=&#8221;on&#8221; transform_styles__hover_enabled=&#8221;on&#8221; transform_scale__hover_enabled=&#8221;on&#8221; transform_translate__hover_enabled=&#8221;on&#8221; transform_rotate__hover_enabled=&#8221;on&#8221; transform_skew__hover_enabled=&#8221;on&#8221; transform_origin__hover_enabled=&#8221;on&#8221;][\/dica_divi_carouselitem][dica_divi_carouselitem title=&#8221;To nie koniec \u015bwiata&#8221; url=&#8221;https:\/\/dana.lu\/pl\/seriale-to-nie-koniec-swiata&#8221; button_url_new_window=&#8221;1&#8243; image=&#8221;https:\/\/dana.lu\/pl\/wp-content\/uploads\/2019\/09\/to-nie-koniec-swiata_thumbnail_w500.jpg&#8221; image_alt=&#8221;Kobieta z d\u0142ugimi czarnymi w\u0142osami i m\u0119\u017cczyzna w granatowej koszuli stoj\u0105 blisko siebie. W tle \u0142\u0105ka, a na niej znak drogowy o tre\u015bci  To nie koniec \u015bwiata&#8221; image_padding=&#8221;0|0|28px|0&#8243; content_padding=&#8221;0|0||0&#8243; custom_margin=&#8221;0px||&#8221; custom_padding=&#8221;||20px&#8221; _builder_version=&#8221;4.5.4&#8243; box_shadow_style=&#8221;preset3&#8243; box_shadow_vertical=&#8221;5px&#8221; box_shadow_blur=&#8221;25px&#8221; box_shadow_spread=&#8221;-32px&#8221; title_letter_spacing__hover=&#8221;2px&#8221; custom_margin__hover=&#8221;-6px||&#8221; custom_margin__hover_enabled=&#8221;on&#8221; box_shadow_vertical__hover=&#8221;3px&#8221; box_shadow_blur__hover=&#8221;30px&#8221; box_shadow_spread__hover=&#8221;-13px&#8221; box_shadow_spread__hover_enabled=&#8221;on&#8221; transform_styles__hover_enabled=&#8221;on&#8221; transform_scale__hover_enabled=&#8221;on&#8221; transform_translate__hover_enabled=&#8221;on&#8221; transform_rotate__hover_enabled=&#8221;on&#8221; transform_skew__hover_enabled=&#8221;on&#8221; transform_origin__hover_enabled=&#8221;on&#8221;][\/dica_divi_carouselitem][dica_divi_carouselitem title=&#8221;Samo \u017cycie&#8221; url=&#8221;https:\/\/dana.lu\/pl\/seriale-samo-zycie&#8221; button_url_new_window=&#8221;1&#8243; image=&#8221;https:\/\/dana.lu\/pl\/wp-content\/uploads\/2019\/09\/samo-zycie_thumbnail_w500.jpg&#8221; image_alt=&#8221;Horyzont miasta Warszawa w sepii z napisem %22Samo \u017cycie%22&#8243; image_padding=&#8221;0|0|28px|0&#8243; content_padding=&#8221;0|0||0&#8243; custom_margin=&#8221;0px||&#8221; custom_padding=&#8221;||20px&#8221; _builder_version=&#8221;4.5.4&#8243; box_shadow_style=&#8221;preset3&#8243; box_shadow_vertical=&#8221;5px&#8221; box_shadow_blur=&#8221;25px&#8221; box_shadow_spread=&#8221;-32px&#8221; title_letter_spacing__hover=&#8221;2px&#8221; custom_margin__hover=&#8221;-6px||&#8221; custom_margin__hover_enabled=&#8221;on&#8221; box_shadow_vertical__hover=&#8221;3px&#8221; box_shadow_blur__hover=&#8221;30px&#8221; box_shadow_spread__hover=&#8221;-13px&#8221; box_shadow_spread__hover_enabled=&#8221;on&#8221; transform_styles__hover_enabled=&#8221;on&#8221; transform_scale__hover_enabled=&#8221;on&#8221; transform_translate__hover_enabled=&#8221;on&#8221; transform_rotate__hover_enabled=&#8221;on&#8221; transform_skew__hover_enabled=&#8221;on&#8221; transform_origin__hover_enabled=&#8221;on&#8221;][\/dica_divi_carouselitem][\/dica_divi_carousel][\/et_pb_column][\/et_pb_row][\/et_pb_section]<\/p>\n","protected":false},"excerpt":{"rendered":"<p>Na dobre i na z\u0142eserial TVP odcinki Dany \u0141ukasi\u0144skiej: 596, 601, 605, 609, 615, 625\u2190 home \u201cNa dobre i na z\u0142e\u201d &#8211; procedural medyczny, opowiadaj\u0105cy histori\u0119 lekarzy i pacjent\u00f3w szpitala w Le\u015bnej G\u00f3rze. \u2190 homeWi\u0119cej projekt\u00f3w: Seriale<div class=\"et_pb_module dica_divi_carousel dica_divi_carousel_0\">\n\t\t\t\t\n\t\t\t\t\n\t\t\t\t\n\t\t\t\t\n\t\t\t\t<div class=\"et_pb_module_inner\">\n\t\t\t\t\t<div class=\"dica-container  desktop_&#8221;on&#8221; tablet_&#8221;on&#8221; mobile_&#8221;on&#8221;\" data-props='{\"desktop\":\"&#8221;3&#8243;\",\"tablet\":\"3\",\"mobile\":\"1\",\"speed\":\"500\",\"arrow\":\"&#8221;on&#8221;\",\"dots\":\"off\",\"autoplay\":\"off\",\"autoSpeed\":\"1000\",\"loop\":\"off\",\"item_spacing\":\"30\",\"center_mode\":\"off\",\"slider_effec\":\"&#8221;1&#8243;\",\"cover_rotate\":\"50\",\"pause_onhover\":\"off\",\"multislide\":\"off\",\"cfshadow\":\"on\",\"order\":\"0\",\"lazyload\":\"off\",\"lazybefore\":\"off\",\"scroller_effect\":\"off\",\"autowidth\":\"off\",\"item_spacing_tablet\":\"30\",\"item_spacing_phone\":\"30\",\"scroller_speed\":\"4000\",\"hashNavigation\":\"off\",\"simulatetouch\":\"off\",\"allowtouchmove\":\"off\"}'>\r\n\t\t\t\t\t\t\t \t<div class=\"swiper-container\">\r\n\t\t\t\t\t\t\t\t\t<div class=\"swiper-wrapper\"><\/div>\t\r\n\t\t\t\t\t\t\t\t<\/div>\t\r\n\t\t\t\t\t\t\t\t\r\n\t\t\t\t\t\t\t\t\t\t\t\t\t\t\r\n\t\t\t\t\t\t\t<\/div>\n\t\t\t\t<\/div>\n\t\t\t<\/div><\/p>\n","protected":false},"author":1,"featured_media":0,"parent":0,"menu_order":0,"comment_status":"closed","ping_status":"closed","template":"","meta":{"_et_pb_use_builder":"on","_et_pb_old_content":"","_et_gb_content_width":""},"_links":{"self":[{"href":"https:\/\/dana.lu\/pl\/wp-json\/wp\/v2\/pages\/48619"}],"collection":[{"href":"https:\/\/dana.lu\/pl\/wp-json\/wp\/v2\/pages"}],"about":[{"href":"https:\/\/dana.lu\/pl\/wp-json\/wp\/v2\/types\/page"}],"author":[{"embeddable":true,"href":"https:\/\/dana.lu\/pl\/wp-json\/wp\/v2\/users\/1"}],"replies":[{"embeddable":true,"href":"https:\/\/dana.lu\/pl\/wp-json\/wp\/v2\/comments?post=48619"}],"version-history":[{"count":15,"href":"https:\/\/dana.lu\/pl\/wp-json\/wp\/v2\/pages\/48619\/revisions"}],"predecessor-version":[{"id":56526,"href":"https:\/\/dana.lu\/pl\/wp-json\/wp\/v2\/pages\/48619\/revisions\/56526"}],"wp:attachment":[{"href":"https:\/\/dana.lu\/pl\/wp-json\/wp\/v2\/media?parent=48619"}],"curies":[{"name":"wp","href":"https:\/\/api.w.org\/{rel}","templated":true}]}}