{"id":48564,"date":"2019-09-15T11:00:20","date_gmt":"2019-09-15T11:00:20","guid":{"rendered":"https:\/\/dana.lu\/pl\/?page_id=48564"},"modified":"2019-11-03T09:55:36","modified_gmt":"2019-11-03T09:55:36","slug":"komiks-narko","status":"publish","type":"page","link":"https:\/\/dana.lu\/pl\/home\/komiks-narko\/","title":{"rendered":"Komiks: Narko"},"content":{"rendered":"<p>[et_pb_section fb_built=&#8221;1&#8243; fullwidth=&#8221;on&#8221; admin_label=&#8221;header&#8221; _builder_version=&#8221;3.29.2&#8243; custom_margin=&#8221;-7%||20px||false|false&#8221; custom_margin_tablet=&#8221;||10px&#8221; custom_margin_phone=&#8221;||0px|&#8221; custom_margin_last_edited=&#8221;on|desktop&#8221; fb_built=&#8221;1&#8243; _i=&#8221;0&#8243; _address=&#8221;0&#8243;][et_pb_fullwidth_header title=&#8221;Makaron gotuje Tomka&#8221; subhead=&#8221;- to zdanie, kt\u00f3re pasuje do mnie&#8221; background_overlay_color=&#8221;rgba(61,61,61,0.3)&#8221; _builder_version=&#8221;3.29.3&#8243; title_level=&#8221;h3&#8243; title_font=&#8221;|600|||||||&#8221; title_text_align=&#8221;left&#8221; title_font_size=&#8221;34px&#8221; title_letter_spacing=&#8221;1px&#8221; title_line_height=&#8221;1.1em&#8221; subhead_font=&#8221;|600|||||||&#8221; subhead_font_size=&#8221;34px&#8221; subhead_letter_spacing=&#8221;1px&#8221; subhead_line_height=&#8221;1.2em&#8221; use_background_color_gradient=&#8221;on&#8221; background_color_gradient_start=&#8221;rgba(26,26,26,0)&#8221; background_color_gradient_end=&#8221;rgba(26,26,26,0.25)&#8221; background_color_gradient_overlays_image=&#8221;on&#8221; background_image=&#8221;https:\/\/dana.lu\/pl\/wp-content\/uploads\/2019\/09\/narko_header_w2000.jpg&#8221; height_tablet=&#8221;35vh&#8221; height_phone=&#8221;28vh&#8221; height_last_edited=&#8221;on|phone&#8221; custom_margin=&#8221;-8vh||||false|false&#8221; custom_margin_tablet=&#8221;-6vh||||false|false&#8221; custom_margin_phone=&#8221;-5vh||||false|false&#8221; custom_margin_last_edited=&#8221;on|phone&#8221; custom_padding=&#8221;36vh||||false|false&#8221; custom_padding_tablet=&#8221;16vh||||false|false&#8221; custom_padding_phone=&#8221;15vh|||2px|false|false&#8221; custom_padding_last_edited=&#8221;on|phone&#8221; hover_enabled=&#8221;0&#8243; title_font_size_tablet=&#8221;30px&#8221; title_font_size_phone=&#8221;14px&#8221; title_font_size_last_edited=&#8221;on|desktop&#8221; title_letter_spacing_tablet=&#8221;2px&#8221; title_letter_spacing_phone=&#8221;1px&#8221; title_letter_spacing_last_edited=&#8221;on|desktop&#8221; title_line_height_tablet=&#8221;1.3em&#8221; title_line_height_phone=&#8221;0em&#8221; title_line_height_last_edited=&#8221;on|desktop&#8221; subhead_font_size_tablet=&#8221;16px&#8221; subhead_font_size_phone=&#8221;14px&#8221; subhead_font_size_last_edited=&#8221;on|phone&#8221; custom_css_main_element=&#8221;height: 55vh;&#8221; _i=&#8221;0&#8243; _address=&#8221;0.0&#8243;][\/et_pb_fullwidth_header][\/et_pb_section][et_pb_section fb_built=&#8221;1&#8243; admin_label=&#8221;Body&#8221; _builder_version=&#8221;3.25.4&#8243; custom_margin=&#8221;||-45px&#8221; custom_margin_tablet=&#8221;||-40px&#8221; custom_margin_phone=&#8221;||-30px&#8221; custom_margin_last_edited=&#8221;on|desktop&#8221; fb_built=&#8221;1&#8243; _i=&#8221;1&#8243; _address=&#8221;1&#8243;][et_pb_row column_structure=&#8221;1_3,2_3&#8243; _builder_version=&#8221;3.25.4&#8243; _i=&#8221;0&#8243; _address=&#8221;1.0&#8243;][et_pb_column type=&#8221;1_3&#8243; _builder_version=&#8221;3.25.4&#8243; _i=&#8221;0&#8243; _address=&#8221;1.0.0&#8243;][et_pb_text admin_label=&#8221;title&#8221; module_id=&#8221;sticky&#8221; _builder_version=&#8221;3.29.3&#8243; header_font=&#8221;||||||||&#8221; header_2_font=&#8221;|600|||||||&#8221; header_2_font_size=&#8221;60px&#8221; header_2_letter_spacing=&#8221;3px&#8221; header_2_line_height=&#8221;1.4em&#8221; custom_margin=&#8221;||||false|false&#8221; custom_margin_tablet=&#8221;-20px|||&#8221; custom_margin_phone=&#8221;-30px|||&#8221; custom_margin_last_edited=&#8221;on|phone&#8221; header_font_size_last_edited=&#8221;off|desktop&#8221; header_2_font_size_tablet=&#8221;50px&#8221; header_2_font_size_phone=&#8221;25px&#8221; header_2_font_size_last_edited=&#8221;on|desktop&#8221; _i=&#8221;0&#8243; _address=&#8221;1.0.0.0&#8243;]<\/p>\n<h2>Narko<\/h2>\n<p>[\/et_pb_text][et_pb_text _builder_version=&#8221;3.29.3&#8243; text_font=&#8221;|300|||||||&#8221; text_text_color=&#8221;#999999&#8243; text_font_size=&#8221;15px&#8221; text_line_height=&#8221;1.4em&#8221; background_color=&#8221;#ffffff&#8221; hover_enabled=&#8221;0&#8243; _i=&#8221;1&#8243; _address=&#8221;1.0.0.1&#8243;]<\/p>\n<p>Wydawnictwo Krytyki Politycznej 2015<\/p>\n<p>ilustracje: Krzysiek Ostrowski<\/p>\n<p>scenariusz: Dana \u0141ukasi\u0144ska<\/p>\n<p>rok: 2015<\/p>\n<p>[\/et_pb_text][et_pb_text _builder_version=&#8221;3.27.4&#8243; header_font=&#8221;||||||||&#8221; header_6_font=&#8221;Ubuntu|||on|||||&#8221; header_6_text_color=&#8221;#999999&#8243; animation_style=&#8221;fade&#8221; animation_direction=&#8221;left&#8221; animation_duration=&#8221;700ms&#8221; link_option_url=&#8221;dana.lu\/pl\/&#8221; header_6_text_color__hover_enabled=&#8221;on&#8221; header_6_text_color__hover=&#8221;#2ac8ed&#8221; _i=&#8221;2&#8243; _address=&#8221;1.0.0.2&#8243;]<\/p>\n<h6>\u2190 home<\/h6>\n<p>[\/et_pb_text][\/et_pb_column][et_pb_column type=&#8221;2_3&#8243; _builder_version=&#8221;3.25.4&#8243; _i=&#8221;1&#8243; _address=&#8221;1.0.1&#8243;][et_pb_text _builder_version=&#8221;3.29.3&#8243; text_font=&#8221;||||||||&#8221; text_text_color=&#8221;#1a1a1a&#8221; text_letter_spacing=&#8221;1px&#8221; text_line_height=&#8221;1.8em&#8221; text_font_size_last_edited=&#8221;on|desktop&#8221; text_text_color__hover_enabled=&#8221;on&#8221; _i=&#8221;0&#8243; _address=&#8221;1.0.1.0&#8243;]<\/p>\n<div class=\"et_pb_module et_pb_text et_pb_text_2 et_pb_bg_layout_light  et_pb_text_align_left\">\n<div class=\"et_pb_text_inner\">\n<p>NARKO to komiks o substancjach psychoaktywnych.<br \/> Dla u\u017cytkownik\u00f3w substancji psychoaktywnych, ich przyjaci\u00f3\u0142, rodzic\u00f3w, nauczycieli.<\/p>\n<p>Nie straszymy w nim i nie zabraniamy &#8211; znamy mechanizm zakazu, kt\u00f3ry w gruncie rzeczy nie powstrzymuje, a budzi pragnienie.<\/p>\n<p>NARKO opowiada o osobistych do\u015bwiadczeniach m\u0142odych ludzi, kt\u00f3rzy zetkn\u0119li si\u0119 z substancjami psychoaktywnymi. W ich historiach znajdziesz opisy subiektywnych odczu\u0107 po za\u017cyciu substancji psychoaktywnych oraz podstawowe informacje o ich wp\u0142ywie na organizm cz\u0142owieka, o zagro\u017ceniach p\u0142yn\u0105cych z ich nadu\u017cywania, o mechanizmie uzale\u017cnienia i prawach os\u00f3b uzale\u017cnionych.<\/p>\n<p>Substancje psychoaktywne s\u0105 tak stare jak historia ludzko\u015bci.<br \/> Nie znikn\u0105 z powodu coraz sro\u017cszych represji.<br \/> Je\u015bli nie chcesz \u017cy\u0107 w ich orbicie, po pierwsze musisz WIEDZIE\u0106.\u00a0<\/p>\n<\/div>\n<\/div>\n<p>[\/et_pb_text][et_pb_text quote_border_color=&#8221;#1fd7e0&#8243; _builder_version=&#8221;3.29.3&#8243; text_font=&#8221;|600|||||||&#8221; text_text_color=&#8221;#1a1a1a&#8221; text_font_size=&#8221;40px&#8221; text_line_height=&#8221;1.5em&#8221; quote_font=&#8221;|300|on||||||&#8221; quote_text_align=&#8221;left&#8221; quote_text_color=&#8221;rgba(26,26,26,0.38)&#8221; quote_font_size=&#8221;20px&#8221; quote_letter_spacing=&#8221;1px&#8221; quote_line_height=&#8221;1.3em&#8221; custom_margin=&#8221;40px||50px||false|false&#8221; custom_margin_tablet=&#8221;35px||45px||false|false&#8221; custom_margin_phone=&#8221;30px||35px||false|false&#8221; custom_margin_last_edited=&#8221;on|phone&#8221; animation_style=&#8221;fade&#8221; animation_delay=&#8221;100ms&#8221; animation_speed_curve=&#8221;ease-in&#8221; text_font_size_tablet=&#8221;30px&#8221; text_font_size_phone=&#8221;20px&#8221; text_font_size_last_edited=&#8221;on|desktop&#8221; text_line_height_phone=&#8221;1.6em&#8221; text_line_height_last_edited=&#8221;on|phone&#8221; quote_font_size_tablet=&#8221;18px&#8221; quote_font_size_phone=&#8221;16px&#8221; quote_font_size_last_edited=&#8221;on|phone&#8221; _i=&#8221;1&#8243; _address=&#8221;1.0.1.1&#8243;]<\/p>\n<blockquote>\n<p><em>\u201cNie ma mocnych narkoman\u00f3w. S\u0105 tylko s\u0142abi ludzie\u201d<\/em><\/p>\n<\/blockquote>\n<p>[\/et_pb_text][et_pb_gallery gallery_ids=&#8221;48568,48569,48570,48571,48572,48573&#8243; posts_number=&#8221;2&#8243; orientation=&#8221;portrait&#8221; show_title_and_caption=&#8221;off&#8221; _builder_version=&#8221;3.29.3&#8243; caption_font=&#8221;||||||||&#8221; pagination_font=&#8221;|300|||||||&#8221; pagination_text_align=&#8221;center&#8221; pagination_text_color=&#8221;rgba(153,153,153,0.77)&#8221; width=&#8221;100%&#8221; max_width=&#8221;100%&#8221; max_width_last_edited=&#8221;on|desktop&#8221; module_alignment=&#8221;center&#8221; custom_padding=&#8221;||&#8221; animation_style=&#8221;fade&#8221; animation_delay=&#8221;50ms&#8221; _i=&#8221;2&#8243; _address=&#8221;1.0.1.2&#8243;][\/et_pb_gallery][et_pb_text quote_border_color=&#8221;#1fd7e0&#8243; _builder_version=&#8221;3.29.3&#8243; text_font=&#8221;|600|||||||&#8221; text_text_color=&#8221;#1a1a1a&#8221; text_font_size=&#8221;40px&#8221; text_line_height=&#8221;1.5em&#8221; quote_font=&#8221;|300|on||||||&#8221; quote_text_align=&#8221;left&#8221; quote_text_color=&#8221;rgba(26,26,26,0.38)&#8221; quote_font_size=&#8221;20px&#8221; quote_letter_spacing=&#8221;1px&#8221; quote_line_height=&#8221;1.3em&#8221; custom_margin=&#8221;40px||50px||false|false&#8221; custom_margin_tablet=&#8221;35px||45px||false|false&#8221; custom_margin_phone=&#8221;30px||35px||false|false&#8221; custom_margin_last_edited=&#8221;on|phone&#8221; animation_style=&#8221;fade&#8221; animation_delay=&#8221;100ms&#8221; animation_speed_curve=&#8221;ease-in&#8221; text_font_size_tablet=&#8221;30px&#8221; text_font_size_phone=&#8221;20px&#8221; text_font_size_last_edited=&#8221;on|desktop&#8221; text_line_height_phone=&#8221;1.6em&#8221; text_line_height_last_edited=&#8221;on|phone&#8221; quote_font_size_tablet=&#8221;18px&#8221; quote_font_size_phone=&#8221;16px&#8221; quote_font_size_last_edited=&#8221;on|phone&#8221; _i=&#8221;3&#8243; _address=&#8221;1.0.1.3&#8243;]<\/p>\n<blockquote>\n<p><em>\u201cMo\u017ce sta\u0107 si\u0119 tak, \u017ce nic nie b\u0119dzie mo\u017cna dla was zrobi\u0107, gdyby okaza\u0142o si\u0119, \u017ce r\u00f3\u017cowy kr\u00f3lik nie chce si\u0119 wyprowadzi\u0107 z waszej g\u0142owy\u201d<\/em><\/p>\n<\/blockquote>\n<p>[\/et_pb_text][et_pb_text _builder_version=&#8221;3.27.4&#8243; header_font=&#8221;||||||||&#8221; header_6_font=&#8221;Ubuntu|||on|||||&#8221; header_6_text_color=&#8221;#999999&#8243; header_6_font_size=&#8221;15px&#8221; animation_style=&#8221;fade&#8221; animation_direction=&#8221;left&#8221; animation_duration=&#8221;700ms&#8221; link_option_url=&#8221;dana.lu\/pl\/&#8221; header_6_text_color__hover_enabled=&#8221;on&#8221; header_6_text_color__hover=&#8221;#2ac8ed&#8221; _i=&#8221;4&#8243; _address=&#8221;1.0.1.4&#8243;]<\/p>\n<h6>\u2190 home<\/h6>\n<p>[\/et_pb_text][\/et_pb_column][\/et_pb_row][\/et_pb_section][et_pb_section fb_built=&#8221;1&#8243; admin_label=&#8221;wiecej projektow&#8221; module_id=&#8221;stop&#8221; _builder_version=&#8221;3.25.4&#8243; fb_built=&#8221;1&#8243; _i=&#8221;2&#8243; _address=&#8221;2&#8243;][et_pb_row _builder_version=&#8221;3.25.4&#8243; _i=&#8221;0&#8243; _address=&#8221;2.0&#8243;][et_pb_column type=&#8221;4_4&#8243; _builder_version=&#8221;3.25.4&#8243; _i=&#8221;0&#8243; _address=&#8221;2.0.0&#8243;][et_pb_divider color=&#8221;#1fd7e0&#8243; divider_weight=&#8221;4px&#8221; _builder_version=&#8221;3.25.4&#8243; width=&#8221;100%&#8221; height=&#8221;30px&#8221; custom_margin=&#8221;-30px||20px&#8221; custom_margin_tablet=&#8221;-35px|||&#8221; custom_margin_phone=&#8221;-40px||&#8221; custom_margin_last_edited=&#8221;on|tablet&#8221; _i=&#8221;0&#8243; _address=&#8221;2.0.0.0&#8243;][\/et_pb_divider][et_pb_text _builder_version=&#8221;3.29.3&#8243; text_font=&#8221;|600||on|||||&#8221; text_text_color=&#8221;#1a1a1a&#8221; text_letter_spacing=&#8221;2px&#8221; custom_margin=&#8221;-20px||5vh||false|false&#8221; custom_margin_phone=&#8221;-25px||||false|false&#8221; custom_margin_last_edited=&#8221;on|phone&#8221; _i=&#8221;1&#8243; _address=&#8221;2.0.0.1&#8243;]<\/p>\n<p>Wi\u0119cej projekt\u00f3w: Komiks<\/p>\n<p>[\/et_pb_text][dica_divi_carousel show_items_desktop=&#8221;1&#8243; centermode=&#8221;on&#8221; item_spacing=&#8221;100&#8243; item_spacing_last_edited=&#8221;off|desktop&#8221; equal_height=&#8221;on&#8221; advanced_effect=&#8221;1&#8243; align=&#8221;center&#8221; arrow_font_size=&#8221;52px&#8221; arrow_nav_color=&#8221;#1fd7e0&#8243; dots_color=&#8221;#c9c9c9&#8243; dots_active_color=&#8221;#1fd7e0&#8243; innercontent_padding=&#8221;|0||0|false|false&#8221; arrow_font_size_last_edited=&#8221;off|desktop&#8221; admin_label=&#8221;komiks &#8211; karuzela&#8221; _builder_version=&#8221;3.29.3&#8243; title_font=&#8221;||||||||&#8221; transform_translate_linked__hover=&#8221;off&#8221; custom_margin=&#8221;-2%||||false|false&#8221; custom_margin_tablet=&#8221;-3%||||false|false&#8221; custom_margin_phone=&#8221;-8%||||false|false&#8221; custom_margin_last_edited=&#8221;on|desktop&#8221; hover_enabled=&#8221;0&#8243; title_font_size_tablet=&#8221;18px&#8221; title_font_size_last_edited=&#8221;on|desktop&#8221; _i=&#8221;2&#8243; _address=&#8221;2.0.0.2&#8243; show_items_tablet=&#8221;1&#8243;][dica_divi_carouselitem title=&#8221;Wolfia. Historia pewnej wolno\u015bci&#8221; url=&#8221;https:\/\/dana.lu\/pl\/home\/komiks-wolfia\/&#8221; admin_label=&#8221;Diagnoza&#8221; button_url_new_window=&#8221;1&#8243; image=&#8221;https:\/\/dana.lu\/pl\/wp-content\/uploads\/2019\/09\/wolfia_humbnail_h300.jpg&#8221; image_alt=&#8221;ok\u0142adka ksi\u0105\u017cki %22Wolfia. Historia pewnej wolno\u015bci%22&#8243; image_lightbox=&#8221;off&#8221; image_padding=&#8221;0|0|28px|0&#8243; content_padding=&#8221;0|0||0&#8243; _builder_version=&#8221;3.29.3&#8243; title_font=&#8221;Ubuntu||||||||&#8221; title_text_align=&#8221;center&#8221; title_text_color=&#8221;#6b6b6b&#8221; title_letter_spacing=&#8221;1px&#8221; title_line_height=&#8221;1.2em&#8221; body_font=&#8221;||||||||&#8221; custom_margin=&#8221;0px||&#8221; custom_padding=&#8221;||20px&#8221; link_option_url=&#8221;https:\/\/dana.lu\/pl\/home\/komiks-wolfia\/&#8221; box_shadow_style=&#8221;preset3&#8243; box_shadow_vertical=&#8221;5px&#8221; box_shadow_blur=&#8221;25px&#8221; box_shadow_spread=&#8221;-32px&#8221; transform_styles__hover_enabled=&#8221;on&#8221; transform_scale__hover_enabled=&#8221;on&#8221; transform_translate__hover_enabled=&#8221;on&#8221; transform_rotate__hover_enabled=&#8221;on&#8221; transform_skew__hover_enabled=&#8221;on&#8221; transform_origin__hover_enabled=&#8221;on&#8221; title_letter_spacing__hover=&#8221;2px&#8221; box_shadow_spread__hover_enabled=&#8221;on&#8221; box_shadow_spread__hover=&#8221;-13px&#8221; box_shadow_blur__hover=&#8221;30px&#8221; box_shadow_vertical__hover=&#8221;3px&#8221; custom_margin__hover_enabled=&#8221;on&#8221; custom_margin__hover=&#8221;-6px||&#8221; _i=&#8221;0&#8243; _address=&#8221;2.0.0.2.0&#8243;][\/dica_divi_carouselitem][\/dica_divi_carousel][\/et_pb_column][\/et_pb_row][\/et_pb_section]<\/p>\n","protected":false},"excerpt":{"rendered":"<p>NarkoWydawnictwo Krytyki Politycznej 2015 ilustracje: Krzysiek Ostrowski scenariusz: Dana \u0141ukasi\u0144ska rok: 2015 \u2190 home NARKO to komiks o substancjach psychoaktywnych. Dla u\u017cytkownik\u00f3w substancji psychoaktywnych, ich przyjaci\u00f3\u0142, rodzic\u00f3w, nauczycieli. Nie straszymy w nim i nie zabraniamy &#8211; znamy mechanizm zakazu, kt\u00f3ry w gruncie rzeczy nie powstrzymuje, a budzi pragnienie. NARKO opowiada o osobistych do\u015bwiadczeniach m\u0142odych ludzi, [&hellip;]<\/p>\n","protected":false},"author":1,"featured_media":0,"parent":11,"menu_order":0,"comment_status":"closed","ping_status":"closed","template":"","meta":{"_et_pb_use_builder":"on","_et_pb_old_content":"","_et_gb_content_width":""},"_links":{"self":[{"href":"https:\/\/dana.lu\/pl\/wp-json\/wp\/v2\/pages\/48564"}],"collection":[{"href":"https:\/\/dana.lu\/pl\/wp-json\/wp\/v2\/pages"}],"about":[{"href":"https:\/\/dana.lu\/pl\/wp-json\/wp\/v2\/types\/page"}],"author":[{"embeddable":true,"href":"https:\/\/dana.lu\/pl\/wp-json\/wp\/v2\/users\/1"}],"replies":[{"embeddable":true,"href":"https:\/\/dana.lu\/pl\/wp-json\/wp\/v2\/comments?post=48564"}],"version-history":[{"count":13,"href":"https:\/\/dana.lu\/pl\/wp-json\/wp\/v2\/pages\/48564\/revisions"}],"predecessor-version":[{"id":50886,"href":"https:\/\/dana.lu\/pl\/wp-json\/wp\/v2\/pages\/48564\/revisions\/50886"}],"up":[{"embeddable":true,"href":"https:\/\/dana.lu\/pl\/wp-json\/wp\/v2\/pages\/11"}],"wp:attachment":[{"href":"https:\/\/dana.lu\/pl\/wp-json\/wp\/v2\/media?parent=48564"}],"curies":[{"name":"wp","href":"https:\/\/api.w.org\/{rel}","templated":true}]}}